{"id":893,"date":"2022-10-13T06:44:30","date_gmt":"2022-10-13T06:44:30","guid":{"rendered":"https:\/\/kfh.com.vn\/?post_type=product&#038;p=893"},"modified":"2025-01-02T11:37:08","modified_gmt":"2025-01-02T04:37:08","slug":"may-xuc-lat-bobcat-s570","status":"publish","type":"product","link":"https:\/\/kfh.com.vn\/ja\/san-pham\/may-xuc-lat-bobcat-s570\/","title":{"rendered":"nd nh\u1eadt"},"content":{"rendered":"<p>nd \u0111ang c\u1eadp nh\u1eadt<\/p>","protected":false},"excerpt":{"rendered":"<p>nd \u0111ang c\u1eadp nh\u1ead<\/p>\n","protected":false},"featured_media":883,"comment_status":"open","ping_status":"closed","template":"","meta":[],"product_cat":[192],"product_tag":[],"yoast_head":"<!-- This site is optimized with the Yoast SEO plugin v21.5 - https:\/\/yoast.com\/wordpress\/plugins\/seo\/ -->\n<title>nd nh\u1eadt  - KFH - Kanamoto Fecon Hassyu<\/title>\n<meta name=\"robots\" content=\"index, follow, max-snippet:-1, max-image-preview:large, max-video-preview:-1\" \/>\n<link rel=\"canonical\" href=\"https:\/\/kfh.com.vn\/san-pham\/may-xuc-lat-bobcat-s570\/\" \/>\n<meta property=\"og:locale\" content=\"ja_JP\" \/>\n<meta property=\"og:type\" content=\"article\" \/>\n<meta property=\"og:title\" content=\"[:vi]M\u00c1Y X\u00daC L\u1eacT BOBCAT S570[:en]WHEEL LOADER BOBCAT S570[:ja]nd nh\u1eadt [:] - KFH - Kanamoto Fecon Hassyu\" \/>\n<meta property=\"og:description\" content=\"[:vi]L\u00e0 s\u1ea3n ph\u1ea9m \u0111\u01b0\u1ee3c thi\u1ebft k\u1ebf nh\u1ecf g\u1ecdn v\u00e0 t\u00ednh \u0111a d\u1ee5ng cao, m\u1ed9t m\u00e1y c\u00f3 th\u1ec3 d\u00f9ng nhi\u1ec1u \u1ee9ng d\u1ee5ng kh\u00e1c nhau nh\u01b0 x\u00fac l\u1eadt d\u1ecdn d\u1eb9p m\u1eb7t b\u1eb1ng, qu\u00e9t b\u1ee5i v\u1ec7 sinh khu\u00f4n vi\u00ean nh\u00e0 m\u00e1y hay c\u00f4ng tr\u00ecnh x\u00e2y d\u1ef1ng h\u1ea1 t\u1ea7ng, l\u00e0m \u0111\u01b0\u1eddng b\u00ea t\u00f4ng nh\u1ef1a... M\u00e1y c\u00f3 kh\u1ea3 n\u0103ng quay 360 \u0111\u1ed9 t\u1ea1i ch\u1ed7 do \u0111\u00f3 l\u00e0m vi\u1ec7c trong c\u00e1c ph\u1ea1m vi h\u1eb9p r\u1ea5t t\u1ed1t, nh\u1edd c\u00f3 s\u1eb5n kh\u1edbp n\u1ed1i nhanh v\u00e0 \u0111\u1ea7u ch\u1edd th\u1ee7y l\u1ef1c n\u00ean m\u00e1y c\u00f3 th\u1ec3 g\u1eafn nhi\u1ec1u b\u1ed9 d\u1ee5ng c\u1ee5 kh\u00e1c nhau nh\u01b0 g\u00e0u x\u00fac, ch\u1ed5i qu\u00e9t b\u1ee5i, b\u1ed9 c\u00e0ng n\u00e2ng, khoan ru\u1ed9t g\u00e0, c\u00e0o b\u00f3c m\u1eb7t \u0111\u01b0\u1eddng ho\u1eb7c b\u1ea5t c\u1ee9 \u1ee9ng d\u1ee5ng n\u00e0o m\u00e0 kh\u00e1ch h\u00e0ng mong mu\u1ed1n.[:en]As a product with compact design and high versatility, one machine can be used for many different applications such as loading and unloading, cleaning the premises, dusting factory premises or infrastructure construction, road construction. Asphalt... The machine has the ability to rotate 360 \u200b\u200bdegrees in place so it works well in narrow ranges, thanks to the availability of quick couplings and hydraulic head, it can be fitted with a variety of kits such as shovel bucket, dust brush, fork lifter, gutter drill, pavement scraper or any other application desired by the customer.[:ja]nd \u0111ang c\u1eadp nh\u1ead[:]\" \/>\n<meta property=\"og:url\" content=\"https:\/\/kfh.com.vn\/san-pham\/may-xuc-lat-bobcat-s570\/\" \/>\n<meta property=\"og:site_name\" content=\"KFH - Kanamoto Fecon Hassyu\" \/>\n<meta property=\"article:modified_time\" content=\"2025-01-02T04:37:08+00:00\" \/>\n<meta property=\"og:image\" content=\"https:\/\/kfh.com.vn\/wp-content\/uploads\/2022\/10\/bobcat-s570.jpg\" \/>\n\t<meta property=\"og:image:width\" content=\"500\" \/>\n\t<meta property=\"og:image:height\" content=\"375\" \/>\n\t<meta property=\"og:image:type\" content=\"image\/jpeg\" \/>\n<meta name=\"twitter:card\" content=\"summary_large_image\" \/>\n<meta name=\"twitter:label1\" content=\"\u63a8\u5b9a\u8aad\u307f\u53d6\u308a\u6642\u9593\" \/>\n\t<meta name=\"twitter:data1\" content=\"2\u5206\" \/>\n<script type=\"application\/ld+json\" class=\"yoast-schema-graph\">{\"@context\":\"https:\/\/schema.org\",\"@graph\":[{\"@type\":\"WebPage\",\"@id\":\"https:\/\/kfh.com.vn\/san-pham\/may-xuc-lat-bobcat-s570\/\",\"url\":\"https:\/\/kfh.com.vn\/san-pham\/may-xuc-lat-bobcat-s570\/\",\"name\":\"[:vi]M\u00c1Y X\u00daC L\u1eacT BOBCAT S570[:en]WHEEL LOADER BOBCAT S570[:ja]nd nh\u1eadt [:] - KFH - Kanamoto Fecon Hassyu\",\"isPartOf\":{\"@id\":\"https:\/\/kfh.com.vn\/en\/#website\"},\"datePublished\":\"2022-10-13T06:44:30+00:00\",\"dateModified\":\"2025-01-02T04:37:08+00:00\",\"breadcrumb\":{\"@id\":\"https:\/\/kfh.com.vn\/san-pham\/may-xuc-lat-bobcat-s570\/#breadcrumb\"},\"inLanguage\":\"ja\",\"potentialAction\":[{\"@type\":\"ReadAction\",\"target\":[\"https:\/\/kfh.com.vn\/san-pham\/may-xuc-lat-bobcat-s570\/\"]}]},{\"@type\":\"BreadcrumbList\",\"@id\":\"https:\/\/kfh.com.vn\/san-pham\/may-xuc-lat-bobcat-s570\/#breadcrumb\",\"itemListElement\":[{\"@type\":\"ListItem\",\"position\":1,\"name\":\"Trang ch\u1ee7\",\"item\":\"https:\/\/kfh.com.vn\/\"},{\"@type\":\"ListItem\",\"position\":2,\"name\":\"C\u1eeda h\u00e0ng\",\"item\":\"https:\/\/kfh.com.vn\/en\/mua\/\"},{\"@type\":\"ListItem\",\"position\":3,\"name\":\"M\u00c1Y X\u00daC L\u1eacT BOBCAT S570\"}]},{\"@type\":\"WebSite\",\"@id\":\"https:\/\/kfh.com.vn\/en\/#website\",\"url\":\"https:\/\/kfh.com.vn\/en\/\",\"name\":\"KFH - Kanamoto Fecon Hassyu\",\"description\":\"C\u00f4ng ty c\u1ed5 ph\u1ea7n cho Thu\u00ea thi\u1ebft b\u1ecb\",\"publisher\":{\"@id\":\"https:\/\/kfh.com.vn\/en\/#\/schema\/person\/d9abb8c80170ac74d437a77950ff3f60\"},\"potentialAction\":[{\"@type\":\"SearchAction\",\"target\":{\"@type\":\"EntryPoint\",\"urlTemplate\":\"https:\/\/kfh.com.vn\/en\/?s={search_term_string}\"},\"query-input\":\"required name=search_term_string\"}],\"inLanguage\":\"ja\"},{\"@type\":[\"Person\",\"Organization\"],\"@id\":\"https:\/\/kfh.com.vn\/en\/#\/schema\/person\/d9abb8c80170ac74d437a77950ff3f60\",\"name\":\"kfh\",\"image\":{\"@type\":\"ImageObject\",\"inLanguage\":\"ja\",\"@id\":\"https:\/\/kfh.com.vn\/en\/#\/schema\/person\/image\/\",\"url\":\"https:\/\/secure.gravatar.com\/avatar\/5ebb68e80ab022176e9fc383a566aaee?s=96&d=mm&r=g\",\"contentUrl\":\"https:\/\/secure.gravatar.com\/avatar\/5ebb68e80ab022176e9fc383a566aaee?s=96&d=mm&r=g\",\"caption\":\"kfh\"},\"logo\":{\"@id\":\"https:\/\/kfh.com.vn\/en\/#\/schema\/person\/image\/\"}}]}<\/script>\n<!-- \/ Yoast SEO plugin. -->","yoast_head_json":{"title":"[:vi]M\u00c1Y X\u00daC L\u1eacT BOBCAT S570[:en]WHEEL LOADER BOBCAT S570[:ja]nd nh\u1eadt [:] - KFH - Kanamoto Fecon Hassyu","robots":{"index":"index","follow":"follow","max-snippet":"max-snippet:-1","max-image-preview":"max-image-preview:large","max-video-preview":"max-video-preview:-1"},"canonical":"https:\/\/kfh.com.vn\/san-pham\/may-xuc-lat-bobcat-s570\/","og_locale":"ja_JP","og_type":"article","og_title":"[:vi]M\u00c1Y X\u00daC L\u1eacT BOBCAT S570[:en]WHEEL LOADER BOBCAT S570[:ja]nd nh\u1eadt [:] - KFH - Kanamoto Fecon Hassyu","og_description":"[:vi]L\u00e0 s\u1ea3n ph\u1ea9m \u0111\u01b0\u1ee3c thi\u1ebft k\u1ebf nh\u1ecf g\u1ecdn v\u00e0 t\u00ednh \u0111a d\u1ee5ng cao, m\u1ed9t m\u00e1y c\u00f3 th\u1ec3 d\u00f9ng nhi\u1ec1u \u1ee9ng d\u1ee5ng kh\u00e1c nhau nh\u01b0 x\u00fac l\u1eadt d\u1ecdn d\u1eb9p m\u1eb7t b\u1eb1ng, qu\u00e9t b\u1ee5i v\u1ec7 sinh khu\u00f4n vi\u00ean nh\u00e0 m\u00e1y hay c\u00f4ng tr\u00ecnh x\u00e2y d\u1ef1ng h\u1ea1 t\u1ea7ng, l\u00e0m \u0111\u01b0\u1eddng b\u00ea t\u00f4ng nh\u1ef1a... M\u00e1y c\u00f3 kh\u1ea3 n\u0103ng quay 360 \u0111\u1ed9 t\u1ea1i ch\u1ed7 do \u0111\u00f3 l\u00e0m vi\u1ec7c trong c\u00e1c ph\u1ea1m vi h\u1eb9p r\u1ea5t t\u1ed1t, nh\u1edd c\u00f3 s\u1eb5n kh\u1edbp n\u1ed1i nhanh v\u00e0 \u0111\u1ea7u ch\u1edd th\u1ee7y l\u1ef1c n\u00ean m\u00e1y c\u00f3 th\u1ec3 g\u1eafn nhi\u1ec1u b\u1ed9 d\u1ee5ng c\u1ee5 kh\u00e1c nhau nh\u01b0 g\u00e0u x\u00fac, ch\u1ed5i qu\u00e9t b\u1ee5i, b\u1ed9 c\u00e0ng n\u00e2ng, khoan ru\u1ed9t g\u00e0, c\u00e0o b\u00f3c m\u1eb7t \u0111\u01b0\u1eddng ho\u1eb7c b\u1ea5t c\u1ee9 \u1ee9ng d\u1ee5ng n\u00e0o m\u00e0 kh\u00e1ch h\u00e0ng mong mu\u1ed1n.[:en]As a product with compact design and high versatility, one machine can be used for many different applications such as loading and unloading, cleaning the premises, dusting factory premises or infrastructure construction, road construction. Asphalt... The machine has the ability to rotate 360 \u200b\u200bdegrees in place so it works well in narrow ranges, thanks to the availability of quick couplings and hydraulic head, it can be fitted with a variety of kits such as shovel bucket, dust brush, fork lifter, gutter drill, pavement scraper or any other application desired by the customer.[:ja]nd \u0111ang c\u1eadp nh\u1ead[:]","og_url":"https:\/\/kfh.com.vn\/san-pham\/may-xuc-lat-bobcat-s570\/","og_site_name":"KFH - Kanamoto Fecon Hassyu","article_modified_time":"2025-01-02T04:37:08+00:00","og_image":[{"width":500,"height":375,"url":"https:\/\/kfh.com.vn\/wp-content\/uploads\/2022\/10\/bobcat-s570.jpg","type":"image\/jpeg"}],"twitter_card":"summary_large_image","twitter_misc":{"\u63a8\u5b9a\u8aad\u307f\u53d6\u308a\u6642\u9593":"2\u5206"},"schema":{"@context":"https:\/\/schema.org","@graph":[{"@type":"WebPage","@id":"https:\/\/kfh.com.vn\/san-pham\/may-xuc-lat-bobcat-s570\/","url":"https:\/\/kfh.com.vn\/san-pham\/may-xuc-lat-bobcat-s570\/","name":"[:vi]M\u00c1Y X\u00daC L\u1eacT BOBCAT S570[:en]WHEEL LOADER BOBCAT S570[:ja]nd nh\u1eadt [:] - KFH - Kanamoto Fecon Hassyu","isPartOf":{"@id":"https:\/\/kfh.com.vn\/en\/#website"},"datePublished":"2022-10-13T06:44:30+00:00","dateModified":"2025-01-02T04:37:08+00:00","breadcrumb":{"@id":"https:\/\/kfh.com.vn\/san-pham\/may-xuc-lat-bobcat-s570\/#breadcrumb"},"inLanguage":"ja","potentialAction":[{"@type":"ReadAction","target":["https:\/\/kfh.com.vn\/san-pham\/may-xuc-lat-bobcat-s570\/"]}]},{"@type":"BreadcrumbList","@id":"https:\/\/kfh.com.vn\/san-pham\/may-xuc-lat-bobcat-s570\/#breadcrumb","itemListElement":[{"@type":"ListItem","position":1,"name":"Trang ch\u1ee7","item":"https:\/\/kfh.com.vn\/"},{"@type":"ListItem","position":2,"name":"C\u1eeda h\u00e0ng","item":"https:\/\/kfh.com.vn\/en\/mua\/"},{"@type":"ListItem","position":3,"name":"M\u00c1Y X\u00daC L\u1eacT BOBCAT S570"}]},{"@type":"WebSite","@id":"https:\/\/kfh.com.vn\/en\/#website","url":"https:\/\/kfh.com.vn\/en\/","name":"KFH - Kanamoto Fecon Hassyu","description":"C\u00f4ng ty c\u1ed5 ph\u1ea7n cho Thu\u00ea thi\u1ebft b\u1ecb","publisher":{"@id":"https:\/\/kfh.com.vn\/en\/#\/schema\/person\/d9abb8c80170ac74d437a77950ff3f60"},"potentialAction":[{"@type":"SearchAction","target":{"@type":"EntryPoint","urlTemplate":"https:\/\/kfh.com.vn\/en\/?s={search_term_string}"},"query-input":"required name=search_term_string"}],"inLanguage":"ja"},{"@type":["Person","Organization"],"@id":"https:\/\/kfh.com.vn\/en\/#\/schema\/person\/d9abb8c80170ac74d437a77950ff3f60","name":"kfh","image":{"@type":"ImageObject","inLanguage":"ja","@id":"https:\/\/kfh.com.vn\/en\/#\/schema\/person\/image\/","url":"https:\/\/secure.gravatar.com\/avatar\/5ebb68e80ab022176e9fc383a566aaee?s=96&d=mm&r=g","contentUrl":"https:\/\/secure.gravatar.com\/avatar\/5ebb68e80ab022176e9fc383a566aaee?s=96&d=mm&r=g","caption":"kfh"},"logo":{"@id":"https:\/\/kfh.com.vn\/en\/#\/schema\/person\/image\/"}}]}},"_links":{"self":[{"href":"https:\/\/kfh.com.vn\/ja\/wp-json\/wp\/v2\/product\/893"}],"collection":[{"href":"https:\/\/kfh.com.vn\/ja\/wp-json\/wp\/v2\/product"}],"about":[{"href":"https:\/\/kfh.com.vn\/ja\/wp-json\/wp\/v2\/types\/product"}],"replies":[{"embeddable":true,"href":"https:\/\/kfh.com.vn\/ja\/wp-json\/wp\/v2\/comments?post=893"}],"wp:featuredmedia":[{"embeddable":true,"href":"https:\/\/kfh.com.vn\/ja\/wp-json\/wp\/v2\/media\/883"}],"wp:attachment":[{"href":"https:\/\/kfh.com.vn\/ja\/wp-json\/wp\/v2\/media?parent=893"}],"wp:term":[{"taxonomy":"product_cat","embeddable":true,"href":"https:\/\/kfh.com.vn\/ja\/wp-json\/wp\/v2\/product_cat?post=893"},{"taxonomy":"product_tag","embeddable":true,"href":"https:\/\/kfh.com.vn\/ja\/wp-json\/wp\/v2\/product_tag?post=893"}],"curies":[{"name":"wp","href":"https:\/\/api.w.org\/{rel}","templated":true}]}}