{"id":884,"date":"2022-10-11T07:46:09","date_gmt":"2022-10-11T07:46:09","guid":{"rendered":"https:\/\/kfh.com.vn\/?post_type=product&#038;p=884"},"modified":"2022-10-11T07:46:10","modified_gmt":"2022-10-11T07:46:10","slug":"may-xuc-lat-bobcat-s16","status":"publish","type":"product","link":"https:\/\/kfh.com.vn\/ja\/san-pham\/may-xuc-lat-bobcat-s16\/","title":{"rendered":"(Ti\u1ebfng Vi\u1ec7t) M\u00e1y x\u00fac l\u1eadt Bobcat S16"},"content":{"rendered":"<p class=\"qtranxs-available-languages-message qtranxs-available-languages-message-ja\">\u7533\u3057\u8a33\u3042\u308a\u307e\u305b\u3093\u3001\u3053\u306e\u30b3\u30f3\u30c6\u30f3\u30c4\u306f\u305f\u3060\u4eca\u3000<a href=\"https:\/\/kfh.com.vn\/vi\/wp-json\/wp\/v2\/product\/884\" class=\"qtranxs-available-language-link qtranxs-available-language-link-vi\" title=\"Ti\u1ebfng Vi\u1ec7t\">\u30d9\u30c8\u30ca\u30e0\u8a9e<\/a>\u3068 <a href=\"https:\/\/kfh.com.vn\/en\/wp-json\/wp\/v2\/product\/884\" class=\"qtranxs-available-language-link qtranxs-available-language-link-en\" title=\"English\">\u30a2\u30e1\u30ea\u30ab\u82f1\u8a9e<\/a>\u3000\u306e\u307f\u3067\u3059\u3002<\/p>","protected":false},"excerpt":{"rendered":"<p class=\"qtranxs-available-languages-message qtranxs-available-languages-message-ja\">\u7533\u3057\u8a33\u3042\u308a\u307e\u305b\u3093\u3001\u3053\u306e\u30b3\u30f3\u30c6\u30f3\u30c4\u306f\u305f\u3060\u4eca\u3000<a href=\"https:\/\/kfh.com.vn\/vi\/wp-json\/wp\/v2\/product\/884\" class=\"qtranxs-available-language-link qtranxs-available-language-link-vi\" title=\"Ti\u1ebfng Vi\u1ec7t\">\u30d9\u30c8\u30ca\u30e0\u8a9e<\/a>\u3068 <a href=\"https:\/\/kfh.com.vn\/en\/wp-json\/wp\/v2\/product\/884\" class=\"qtranxs-available-language-link qtranxs-available-language-link-en\" title=\"English\">\u30a2\u30e1\u30ea\u30ab\u82f1\u8a9e<\/a>\u3000\u306e\u307f\u3067\u3059\u3002<\/p>\n","protected":false},"featured_media":885,"comment_status":"open","ping_status":"closed","template":"","meta":[],"product_cat":[192],"product_tag":[],"yoast_head":"<!-- This site is optimized with the Yoast SEO plugin v21.5 - https:\/\/yoast.com\/wordpress\/plugins\/seo\/ -->\n<title><\/title>\n<meta name=\"robots\" content=\"index, follow, max-snippet:-1, max-image-preview:large, max-video-preview:-1\" \/>\n<link rel=\"canonical\" href=\"https:\/\/kfh.com.vn\/san-pham\/may-xuc-lat-bobcat-s16\/\" \/>\n<meta property=\"og:locale\" content=\"ja_JP\" \/>\n<meta property=\"og:type\" content=\"article\" \/>\n<meta property=\"og:title\" content=\"[:vi]M\u00e1y x\u00fac l\u1eadt Bobcat S16[:en]Wheel loader Bobcat S16[:] - KFH - Kanamoto Fecon Hassyu\" \/>\n<meta property=\"og:description\" content=\"[:vi]T\u1ed5ng quan m\u00e1y x\u00fac l\u1eadt mini \u0111a n\u0103ng Bobcat S16 V\u1ec1 thi\u1ebft k\u1ebf:\u00a0Bobcat S16 \u0111\u01b0\u1ee3c thi\u1ebft k\u1ebf nh\u1ecf g\u1ecdn c\u1ed9ng v\u1edbi kh\u1ea3 n\u0103ng quay tr\u00f2n 360 \u0111\u1ed9 t\u1ea1i ch\u1ed7. Do \u0111\u00f3 r\u1ea5t th\u00edch h\u1ee3p l\u00e0m \u1edf c\u00e1c v\u1ecb tr\u00ed nh\u1ecf h\u1eb9p m\u00e0 c\u00e1c m\u00e1y x\u00fac l\u1edbn kh\u00f4ng v\u00e0o \u0111\u01b0\u1ee3c. M\u00e1y c\u00f3 s\u1eb5n h\u1ec7 th\u1ed1ng ng\u00e0m n\u1ed1i nhanh \u0111\u1ec3 thay \u0111\u1ed5i c\u00e1c ph\u1ee5 ki\u1ec7n, \u0111\u1ed9ng th\u1eddi trang b\u1ecb s\u1eb5n \u0111\u1ea7u ch\u1edd th\u1ee7y l\u1ef1c \u0111\u1ec3 l\u00e0m vi\u1ec7c v\u1edbi c\u00e1c \u1ee9ng d\u1ee5ng kh\u00e1c nhau.  V\u1ec1 \u0111\u1ed9ng c\u01a1:\u00a0M\u00e1y \u0111\u01b0\u1ee3c trang b\u1ecb \u0111\u1ed9ng c\u01a1 4 xy lanh V2403 c\u1ee7a h\u00e3ng Kubota n\u1ed5i ti\u1ebfng, v\u1edbi c\u00f4ng su\u1ea5t \u0111\u1ea1t 36.5\u00a0KW (49HP)\u00a0ti\u1ebft ki\u1ec7m nhi\u00ean li\u1ec7u &amp; hi\u1ec7u su\u1ea5t cao, b\u1ec1n b\u1ec9 v\u1edbi th\u1eddi gian, \u0111\u1ed3ng th\u1eddi \u0111\u1ed9ng c\u01a1 Kubota r\u1ea5t th\u00edch h\u1ee3p v\u1edbi \u0111i\u1ec1u ki\u1ec7n th\u1eddi ti\u1ebft nhi\u1ec7t \u0111\u1edbi n\u00f3ng \u1ea9m.  H\u1ec7 th\u1ed1ng an to\u00e0n:\u00a0Bobcat S16 \u0111\u01b0\u1ee3c trang b\u1ecb h\u1ec7 th\u1ed1ng an to\u00e0n BICS\u00a0(Bobcat interlock control system), cabin l\u01b0\u1edbi s\u1eaft ch\u1ed1ng l\u1eadt an to\u00e0n cho l\u00e1i xe, ch\u1ecdn th\u00eam cabin k\u00ednh \u0111i\u1ec1u h\u00f2a nhi\u1ec7t \u0111\u1ed9 mang t\u1edbi s\u1ef1 tho\u1ea3i m\u00e1i khi v\u1eadn h\u00e0nh &amp; ch\u1ed1ng l\u1ea1i b\u1ee5i b\u1ea9n trong qu\u00e1 tr\u00ecnh l\u00e0m vi\u1ec7c.  V\u1ec1 \u1ee9ng d\u1ee5ng:\u00a0M\u00e1y x\u00fac tr\u01b0\u1ee3t Bobcat S16 \u0111\u01b0\u1ee3c \u1ee9ng d\u1ee5ng ph\u1ed5 bi\u1ebfn nh\u1ea5t tr\u00ean th\u1ecb tr\u01b0\u1eddng cho c\u00e1c v\u1ecb tr\u00ed m\u00e0 m\u00e1y l\u1edbn kh\u00f4ng ti\u1ebfp c\u1ea7n \u0111\u01b0\u1ee3c nh\u01b0 kho x\u01b0\u1edfng trong nh\u00e0, g\u1ea7m b\u0103ng t\u1ea3i, khu v\u1ef1c s\u1ea3n xu\u1ea5t trong c\u00e1c nh\u00e0 m\u00e1y nhi\u1ec7t \u0111i\u1ec7n, xi m\u0103ng, s\u1ea3n xu\u1ea5t th\u1ee9c \u0103n ch\u0103n nu\u00f4i, trang tr\u1ea1i gia s\u00fac, nh\u00e0 th\u1ea7u x\u00e2y d\u1ef1ng, l\u00e0m \u0111\u01b0\u1eddng b\u00ea t\u00f4ng nh\u1ef1a...  V\u1edbi nhi\u1ec1u \u1ee9ng d\u1ee5ng:\u00a0X\u00fac v\u1eadt li\u1ec7u trong nh\u00e0 x\u01b0\u1edfng s\u1ea3n xu\u1ea5t ch\u1ebf bi\u1ebfn, trang tr\u1ea1i b\u00f2 s\u1eefa, qu\u00e9t b\u1ee5i l\u00e0m \u0111\u01b0\u1eddng hay trong c\u00e1c c\u00f4ng tr\u00ecnh x\u00e2y d\u1ef1ng h\u1ea1 t\u1ea7ng...[:en]Overview of Bobcat S16 About design:  Bobcat S16 has a compact design plus the ability to rotate 360 \u200b\u200bdegrees in place. Therefore, it is very suitable for working in small and narrow locations that large excavators cannot enter. The machine is available with a quick connection system for changing accessories, and is equipped with a hydraulic stand to work with different applications.  About the engine: The machine is equipped with a 4-cylinder V2403 engine of the famous Kubota company, with a capacity of 36.5 KW (49HP) for fuel saving &amp; high performance, durability over time, and the Kubota engine is very Suitable for hot and humid tropical weather conditions.  Safety system: Bobcat S16 is equipped with a BICS (Bobcat interlock control system) safety system, an anti-roll iron mesh cabin for the driver, an optional glass cabin with air conditioning for comfort when operating &amp; against dirt during work.  About application: Bobcat S16 excavator is most commonly used in the market for locations where large machines cannot be accessed such as indoor warehouses, conveyor belts, production areas in thermal power plants, etc. cement, animal feed production, cattle farms, construction contractors, asphalt concrete roads...With many applications: shoveling materials in manufacturing and processing factories, dairy farms, dusting roads or in infrastructure construction...[:]\" \/>\n<meta property=\"og:url\" content=\"https:\/\/kfh.com.vn\/san-pham\/may-xuc-lat-bobcat-s16\/\" \/>\n<meta property=\"og:site_name\" content=\"KFH - Kanamoto Fecon Hassyu\" \/>\n<meta property=\"article:modified_time\" content=\"2022-10-11T07:46:10+00:00\" \/>\n<meta property=\"og:image\" content=\"https:\/\/kfh.com.vn\/wp-content\/uploads\/2022\/10\/Bobcat-S16-4.jpg\" \/>\n\t<meta property=\"og:image:width\" content=\"800\" \/>\n\t<meta property=\"og:image:height\" content=\"599\" \/>\n\t<meta property=\"og:image:type\" content=\"image\/jpeg\" \/>\n<meta name=\"twitter:card\" content=\"summary_large_image\" \/>\n<script type=\"application\/ld+json\" class=\"yoast-schema-graph\">{\"@context\":\"https:\/\/schema.org\",\"@graph\":[{\"@type\":\"WebPage\",\"@id\":\"https:\/\/kfh.com.vn\/san-pham\/may-xuc-lat-bobcat-s16\/\",\"url\":\"https:\/\/kfh.com.vn\/san-pham\/may-xuc-lat-bobcat-s16\/\",\"name\":\"[:vi]M\u00e1y x\u00fac l\u1eadt Bobcat S16[:en]Wheel loader Bobcat S16[:] - KFH - Kanamoto Fecon Hassyu\",\"isPartOf\":{\"@id\":\"https:\/\/kfh.com.vn\/en\/#website\"},\"datePublished\":\"2022-10-11T07:46:09+00:00\",\"dateModified\":\"2022-10-11T07:46:10+00:00\",\"breadcrumb\":{\"@id\":\"https:\/\/kfh.com.vn\/san-pham\/may-xuc-lat-bobcat-s16\/#breadcrumb\"},\"inLanguage\":\"ja\",\"potentialAction\":[{\"@type\":\"ReadAction\",\"target\":[\"https:\/\/kfh.com.vn\/san-pham\/may-xuc-lat-bobcat-s16\/\"]}]},{\"@type\":\"BreadcrumbList\",\"@id\":\"https:\/\/kfh.com.vn\/san-pham\/may-xuc-lat-bobcat-s16\/#breadcrumb\",\"itemListElement\":[{\"@type\":\"ListItem\",\"position\":1,\"name\":\"Trang ch\u1ee7\",\"item\":\"https:\/\/kfh.com.vn\/\"},{\"@type\":\"ListItem\",\"position\":2,\"name\":\"C\u1eeda h\u00e0ng\",\"item\":\"https:\/\/kfh.com.vn\/en\/mua\/\"},{\"@type\":\"ListItem\",\"position\":3,\"name\":\"M\u00e1y x\u00fac l\u1eadt Bobcat S16\"}]},{\"@type\":\"WebSite\",\"@id\":\"https:\/\/kfh.com.vn\/en\/#website\",\"url\":\"https:\/\/kfh.com.vn\/en\/\",\"name\":\"KFH - Kanamoto Fecon Hassyu\",\"description\":\"C\u00f4ng ty c\u1ed5 ph\u1ea7n cho Thu\u00ea thi\u1ebft b\u1ecb\",\"publisher\":{\"@id\":\"https:\/\/kfh.com.vn\/en\/#\/schema\/person\/d9abb8c80170ac74d437a77950ff3f60\"},\"potentialAction\":[{\"@type\":\"SearchAction\",\"target\":{\"@type\":\"EntryPoint\",\"urlTemplate\":\"https:\/\/kfh.com.vn\/en\/?s={search_term_string}\"},\"query-input\":\"required name=search_term_string\"}],\"inLanguage\":\"ja\"},{\"@type\":[\"Person\",\"Organization\"],\"@id\":\"https:\/\/kfh.com.vn\/en\/#\/schema\/person\/d9abb8c80170ac74d437a77950ff3f60\",\"name\":\"kfh\",\"image\":{\"@type\":\"ImageObject\",\"inLanguage\":\"ja\",\"@id\":\"https:\/\/kfh.com.vn\/en\/#\/schema\/person\/image\/\",\"url\":\"https:\/\/secure.gravatar.com\/avatar\/5ebb68e80ab022176e9fc383a566aaee?s=96&d=mm&r=g\",\"contentUrl\":\"https:\/\/secure.gravatar.com\/avatar\/5ebb68e80ab022176e9fc383a566aaee?s=96&d=mm&r=g\",\"caption\":\"kfh\"},\"logo\":{\"@id\":\"https:\/\/kfh.com.vn\/en\/#\/schema\/person\/image\/\"}}]}<\/script>\n<!-- \/ Yoast SEO plugin. -->","yoast_head_json":{"title":"[:vi]M\u00e1y x\u00fac l\u1eadt Bobcat S16[:en]Wheel loader Bobcat S16[:] - KFH - Kanamoto Fecon Hassyu","robots":{"index":"index","follow":"follow","max-snippet":"max-snippet:-1","max-image-preview":"max-image-preview:large","max-video-preview":"max-video-preview:-1"},"canonical":"https:\/\/kfh.com.vn\/san-pham\/may-xuc-lat-bobcat-s16\/","og_locale":"ja_JP","og_type":"article","og_title":"[:vi]M\u00e1y x\u00fac l\u1eadt Bobcat S16[:en]Wheel loader Bobcat S16[:] - KFH - Kanamoto Fecon Hassyu","og_description":"[:vi]T\u1ed5ng quan m\u00e1y x\u00fac l\u1eadt mini \u0111a n\u0103ng Bobcat S16 V\u1ec1 thi\u1ebft k\u1ebf:\u00a0Bobcat S16 \u0111\u01b0\u1ee3c thi\u1ebft k\u1ebf nh\u1ecf g\u1ecdn c\u1ed9ng v\u1edbi kh\u1ea3 n\u0103ng quay tr\u00f2n 360 \u0111\u1ed9 t\u1ea1i ch\u1ed7. Do \u0111\u00f3 r\u1ea5t th\u00edch h\u1ee3p l\u00e0m \u1edf c\u00e1c v\u1ecb tr\u00ed nh\u1ecf h\u1eb9p m\u00e0 c\u00e1c m\u00e1y x\u00fac l\u1edbn kh\u00f4ng v\u00e0o \u0111\u01b0\u1ee3c. M\u00e1y c\u00f3 s\u1eb5n h\u1ec7 th\u1ed1ng ng\u00e0m n\u1ed1i nhanh \u0111\u1ec3 thay \u0111\u1ed5i c\u00e1c ph\u1ee5 ki\u1ec7n, \u0111\u1ed9ng th\u1eddi trang b\u1ecb s\u1eb5n \u0111\u1ea7u ch\u1edd th\u1ee7y l\u1ef1c \u0111\u1ec3 l\u00e0m vi\u1ec7c v\u1edbi c\u00e1c \u1ee9ng d\u1ee5ng kh\u00e1c nhau.  V\u1ec1 \u0111\u1ed9ng c\u01a1:\u00a0M\u00e1y \u0111\u01b0\u1ee3c trang b\u1ecb \u0111\u1ed9ng c\u01a1 4 xy lanh V2403 c\u1ee7a h\u00e3ng Kubota n\u1ed5i ti\u1ebfng, v\u1edbi c\u00f4ng su\u1ea5t \u0111\u1ea1t 36.5\u00a0KW (49HP)\u00a0ti\u1ebft ki\u1ec7m nhi\u00ean li\u1ec7u &amp; hi\u1ec7u su\u1ea5t cao, b\u1ec1n b\u1ec9 v\u1edbi th\u1eddi gian, \u0111\u1ed3ng th\u1eddi \u0111\u1ed9ng c\u01a1 Kubota r\u1ea5t th\u00edch h\u1ee3p v\u1edbi \u0111i\u1ec1u ki\u1ec7n th\u1eddi ti\u1ebft nhi\u1ec7t \u0111\u1edbi n\u00f3ng \u1ea9m.  H\u1ec7 th\u1ed1ng an to\u00e0n:\u00a0Bobcat S16 \u0111\u01b0\u1ee3c trang b\u1ecb h\u1ec7 th\u1ed1ng an to\u00e0n BICS\u00a0(Bobcat interlock control system), cabin l\u01b0\u1edbi s\u1eaft ch\u1ed1ng l\u1eadt an to\u00e0n cho l\u00e1i xe, ch\u1ecdn th\u00eam cabin k\u00ednh \u0111i\u1ec1u h\u00f2a nhi\u1ec7t \u0111\u1ed9 mang t\u1edbi s\u1ef1 tho\u1ea3i m\u00e1i khi v\u1eadn h\u00e0nh &amp; ch\u1ed1ng l\u1ea1i b\u1ee5i b\u1ea9n trong qu\u00e1 tr\u00ecnh l\u00e0m vi\u1ec7c.  V\u1ec1 \u1ee9ng d\u1ee5ng:\u00a0M\u00e1y x\u00fac tr\u01b0\u1ee3t Bobcat S16 \u0111\u01b0\u1ee3c \u1ee9ng d\u1ee5ng ph\u1ed5 bi\u1ebfn nh\u1ea5t tr\u00ean th\u1ecb tr\u01b0\u1eddng cho c\u00e1c v\u1ecb tr\u00ed m\u00e0 m\u00e1y l\u1edbn kh\u00f4ng ti\u1ebfp c\u1ea7n \u0111\u01b0\u1ee3c nh\u01b0 kho x\u01b0\u1edfng trong nh\u00e0, g\u1ea7m b\u0103ng t\u1ea3i, khu v\u1ef1c s\u1ea3n xu\u1ea5t trong c\u00e1c nh\u00e0 m\u00e1y nhi\u1ec7t \u0111i\u1ec7n, xi m\u0103ng, s\u1ea3n xu\u1ea5t th\u1ee9c \u0103n ch\u0103n nu\u00f4i, trang tr\u1ea1i gia s\u00fac, nh\u00e0 th\u1ea7u x\u00e2y d\u1ef1ng, l\u00e0m \u0111\u01b0\u1eddng b\u00ea t\u00f4ng nh\u1ef1a...  V\u1edbi nhi\u1ec1u \u1ee9ng d\u1ee5ng:\u00a0X\u00fac v\u1eadt li\u1ec7u trong nh\u00e0 x\u01b0\u1edfng s\u1ea3n xu\u1ea5t ch\u1ebf bi\u1ebfn, trang tr\u1ea1i b\u00f2 s\u1eefa, qu\u00e9t b\u1ee5i l\u00e0m \u0111\u01b0\u1eddng hay trong c\u00e1c c\u00f4ng tr\u00ecnh x\u00e2y d\u1ef1ng h\u1ea1 t\u1ea7ng...[:en]Overview of Bobcat S16 About design:  Bobcat S16 has a compact design plus the ability to rotate 360 \u200b\u200bdegrees in place. Therefore, it is very suitable for working in small and narrow locations that large excavators cannot enter. The machine is available with a quick connection system for changing accessories, and is equipped with a hydraulic stand to work with different applications.  About the engine: The machine is equipped with a 4-cylinder V2403 engine of the famous Kubota company, with a capacity of 36.5 KW (49HP) for fuel saving &amp; high performance, durability over time, and the Kubota engine is very Suitable for hot and humid tropical weather conditions.  Safety system: Bobcat S16 is equipped with a BICS (Bobcat interlock control system) safety system, an anti-roll iron mesh cabin for the driver, an optional glass cabin with air conditioning for comfort when operating &amp; against dirt during work.  About application: Bobcat S16 excavator is most commonly used in the market for locations where large machines cannot be accessed such as indoor warehouses, conveyor belts, production areas in thermal power plants, etc. cement, animal feed production, cattle farms, construction contractors, asphalt concrete roads...With many applications: shoveling materials in manufacturing and processing factories, dairy farms, dusting roads or in infrastructure construction...[:]","og_url":"https:\/\/kfh.com.vn\/san-pham\/may-xuc-lat-bobcat-s16\/","og_site_name":"KFH - Kanamoto Fecon Hassyu","article_modified_time":"2022-10-11T07:46:10+00:00","og_image":[{"width":800,"height":599,"url":"https:\/\/kfh.com.vn\/wp-content\/uploads\/2022\/10\/Bobcat-S16-4.jpg","type":"image\/jpeg"}],"twitter_card":"summary_large_image","schema":{"@context":"https:\/\/schema.org","@graph":[{"@type":"WebPage","@id":"https:\/\/kfh.com.vn\/san-pham\/may-xuc-lat-bobcat-s16\/","url":"https:\/\/kfh.com.vn\/san-pham\/may-xuc-lat-bobcat-s16\/","name":"[:vi]M\u00e1y x\u00fac l\u1eadt Bobcat S16[:en]Wheel loader Bobcat S16[:] - KFH - Kanamoto Fecon Hassyu","isPartOf":{"@id":"https:\/\/kfh.com.vn\/en\/#website"},"datePublished":"2022-10-11T07:46:09+00:00","dateModified":"2022-10-11T07:46:10+00:00","breadcrumb":{"@id":"https:\/\/kfh.com.vn\/san-pham\/may-xuc-lat-bobcat-s16\/#breadcrumb"},"inLanguage":"ja","potentialAction":[{"@type":"ReadAction","target":["https:\/\/kfh.com.vn\/san-pham\/may-xuc-lat-bobcat-s16\/"]}]},{"@type":"BreadcrumbList","@id":"https:\/\/kfh.com.vn\/san-pham\/may-xuc-lat-bobcat-s16\/#breadcrumb","itemListElement":[{"@type":"ListItem","position":1,"name":"Trang ch\u1ee7","item":"https:\/\/kfh.com.vn\/"},{"@type":"ListItem","position":2,"name":"C\u1eeda h\u00e0ng","item":"https:\/\/kfh.com.vn\/en\/mua\/"},{"@type":"ListItem","position":3,"name":"M\u00e1y x\u00fac l\u1eadt Bobcat S16"}]},{"@type":"WebSite","@id":"https:\/\/kfh.com.vn\/en\/#website","url":"https:\/\/kfh.com.vn\/en\/","name":"KFH - Kanamoto Fecon Hassyu","description":"C\u00f4ng ty c\u1ed5 ph\u1ea7n cho Thu\u00ea thi\u1ebft b\u1ecb","publisher":{"@id":"https:\/\/kfh.com.vn\/en\/#\/schema\/person\/d9abb8c80170ac74d437a77950ff3f60"},"potentialAction":[{"@type":"SearchAction","target":{"@type":"EntryPoint","urlTemplate":"https:\/\/kfh.com.vn\/en\/?s={search_term_string}"},"query-input":"required name=search_term_string"}],"inLanguage":"ja"},{"@type":["Person","Organization"],"@id":"https:\/\/kfh.com.vn\/en\/#\/schema\/person\/d9abb8c80170ac74d437a77950ff3f60","name":"kfh","image":{"@type":"ImageObject","inLanguage":"ja","@id":"https:\/\/kfh.com.vn\/en\/#\/schema\/person\/image\/","url":"https:\/\/secure.gravatar.com\/avatar\/5ebb68e80ab022176e9fc383a566aaee?s=96&d=mm&r=g","contentUrl":"https:\/\/secure.gravatar.com\/avatar\/5ebb68e80ab022176e9fc383a566aaee?s=96&d=mm&r=g","caption":"kfh"},"logo":{"@id":"https:\/\/kfh.com.vn\/en\/#\/schema\/person\/image\/"}}]}},"_links":{"self":[{"href":"https:\/\/kfh.com.vn\/ja\/wp-json\/wp\/v2\/product\/884"}],"collection":[{"href":"https:\/\/kfh.com.vn\/ja\/wp-json\/wp\/v2\/product"}],"about":[{"href":"https:\/\/kfh.com.vn\/ja\/wp-json\/wp\/v2\/types\/product"}],"replies":[{"embeddable":true,"href":"https:\/\/kfh.com.vn\/ja\/wp-json\/wp\/v2\/comments?post=884"}],"wp:featuredmedia":[{"embeddable":true,"href":"https:\/\/kfh.com.vn\/ja\/wp-json\/wp\/v2\/media\/885"}],"wp:attachment":[{"href":"https:\/\/kfh.com.vn\/ja\/wp-json\/wp\/v2\/media?parent=884"}],"wp:term":[{"taxonomy":"product_cat","embeddable":true,"href":"https:\/\/kfh.com.vn\/ja\/wp-json\/wp\/v2\/product_cat?post=884"},{"taxonomy":"product_tag","embeddable":true,"href":"https:\/\/kfh.com.vn\/ja\/wp-json\/wp\/v2\/product_tag?post=884"}],"curies":[{"name":"wp","href":"https:\/\/api.w.org\/{rel}","templated":true}]}}