{"id":865,"date":"2022-10-11T06:27:42","date_gmt":"2022-10-11T06:27:42","guid":{"rendered":"https:\/\/kfh.com.vn\/?post_type=product&#038;p=865"},"modified":"2022-10-11T06:27:43","modified_gmt":"2022-10-11T06:27:43","slug":"may-toan-dac-dien-tu-topcon-es-65","status":"publish","type":"product","link":"https:\/\/kfh.com.vn\/ja\/san-pham\/may-toan-dac-dien-tu-topcon-es-65\/","title":{"rendered":"(Ti\u1ebfng Vi\u1ec7t) M\u00e1y to\u00e0n \u0111\u1ea1c \u0111i\u1ec7n t\u1eed TOPCON ES-65"},"content":{"rendered":"<p class=\"qtranxs-available-languages-message qtranxs-available-languages-message-ja\">\u7533\u3057\u8a33\u3042\u308a\u307e\u305b\u3093\u3001\u3053\u306e\u30b3\u30f3\u30c6\u30f3\u30c4\u306f\u305f\u3060\u4eca\u3000<a href=\"https:\/\/kfh.com.vn\/vi\/wp-json\/wp\/v2\/product\/865\" class=\"qtranxs-available-language-link qtranxs-available-language-link-vi\" title=\"Ti\u1ebfng Vi\u1ec7t\">\u30d9\u30c8\u30ca\u30e0\u8a9e<\/a>\u3068 <a href=\"https:\/\/kfh.com.vn\/en\/wp-json\/wp\/v2\/product\/865\" class=\"qtranxs-available-language-link qtranxs-available-language-link-en\" title=\"English\">\u30a2\u30e1\u30ea\u30ab\u82f1\u8a9e<\/a>\u3000\u306e\u307f\u3067\u3059\u3002<\/p>","protected":false},"excerpt":{"rendered":"<p class=\"qtranxs-available-languages-message qtranxs-available-languages-message-ja\">\u7533\u3057\u8a33\u3042\u308a\u307e\u305b\u3093\u3001\u3053\u306e\u30b3\u30f3\u30c6\u30f3\u30c4\u306f\u305f\u3060\u4eca\u3000<a href=\"https:\/\/kfh.com.vn\/vi\/wp-json\/wp\/v2\/product\/865\" class=\"qtranxs-available-language-link qtranxs-available-language-link-vi\" title=\"Ti\u1ebfng Vi\u1ec7t\">\u30d9\u30c8\u30ca\u30e0\u8a9e<\/a>\u3068 <a href=\"https:\/\/kfh.com.vn\/en\/wp-json\/wp\/v2\/product\/865\" class=\"qtranxs-available-language-link qtranxs-available-language-link-en\" title=\"English\">\u30a2\u30e1\u30ea\u30ab\u82f1\u8a9e<\/a>\u3000\u306e\u307f\u3067\u3059\u3002<\/p>\n","protected":false},"featured_media":868,"comment_status":"open","ping_status":"closed","template":"","meta":[],"product_cat":[29],"product_tag":[],"yoast_head":"<!-- This site is optimized with the Yoast SEO plugin v21.5 - https:\/\/yoast.com\/wordpress\/plugins\/seo\/ -->\n<title><\/title>\n<meta name=\"robots\" content=\"index, follow, max-snippet:-1, max-image-preview:large, max-video-preview:-1\" \/>\n<link rel=\"canonical\" href=\"https:\/\/kfh.com.vn\/san-pham\/may-toan-dac-dien-tu-topcon-es-65\/\" \/>\n<meta property=\"og:locale\" content=\"ja_JP\" \/>\n<meta property=\"og:type\" content=\"article\" \/>\n<meta property=\"og:title\" content=\"[:vi]M\u00e1y to\u00e0n \u0111\u1ea1c \u0111i\u1ec7n t\u1eed TOPCON ES-65[:en]Total station TOPCON ES-65[:] - KFH - Kanamoto Fecon Hassyu\" \/>\n<meta property=\"og:description\" content=\"[:vi]Topcon ES-65 l\u00e0\u00a0m\u00e1y to\u00e0n \u0111\u1ea1c \u0111i\u1ec7n t\u1eed \u0111\u01b0\u1ee3c s\u1ea3n xu\u1ea5t b\u1edfi t\u1eadp \u0111o\u00e0n TOPCON CORPORATION (S\u1ea3n xu\u1ea5t t\u1ea1i Nh\u1eadt B\u1ea3n) \u2013 th\u01b0\u01a1ng hi\u1ec7u h\u00e0ng \u0111\u1ea7u t\u1ea1i Ch\u00e2u \u00c1 trong vi\u1ec7c s\u1ea3n xu\u1ea5t m\u00e1y m\u00f3c y t\u1ebf, tr\u1eafc \u0111\u1ecba, \u0111\u1ecbnh v\u1ecb v\u00e0 x\u00e2y d\u1ef1ng.  M\u00e1y to\u00e0n \u0111\u1ea1c Topcon ES-65\u00a0Series l\u00e0 thi\u1ebft b\u1ecb m\u1edbi nh\u1ea5t trong d\u00f2ng ES, m\u1ed9t lo\u1ea1i\u00a0m\u00e1y to\u00e0n \u0111\u1ea1c\u00a0TOPCON\u00a0d\u00e0nh cho ng\u01b0\u1eddi x\u00e2y d\u1ef1ng v\u1edbi thi\u1ebft k\u1ebft l\u1edbp v\u1ecf m\u00e1y ch\u1ed1ng th\u1ea5m n\u01b0\u1edbc IP66 v\u00e0 c\u00f4ng ngh\u1ec7 EDM kh\u00f4ng ph\u1ea3n x\u1ea1. Ngo\u00e0i ra,\u00a0Topcon ES-65 c\u00f2n c\u00f3 c\u00e1c th\u00f4ng s\u1ed1 k\u1ef9 thu\u1eadt ch\u00ednh kh\u00e1c nh\u01b0 b\u00f9 tr\u1ee5c k\u00e9p, th\u1eddi l\u01b0\u1ee3ng pin 15 gi\u1edd v\u00e0 ph\u1ea7n m\u1ec1m kh\u1ea3o s\u00e1t tr\u00ean bo m\u1ea1ch c\u00f3 kh\u1ea3 n\u0103ng l\u01b0u tr\u1eef 10.000 \u0111i\u1ec3m.[:en]Topcon ES-65 is an electronic total station machine manufactured by TOPCON CORPORATION (Made in Japan) - a leading brand in Asia in the production of medical, surveying, positioning and construction machinery. The Topcon ES-65 Series Total Station is the latest in the ES series, a TOPCON total station for builders with IP66 waterproof housing design and non-reflective EDM technology. In addition, the Topcon ES-65 has other key specifications such as dual axis compensation, 15 hours of battery life, and onboard survey software capable of storing 10,000 points.[:]\" \/>\n<meta property=\"og:url\" content=\"https:\/\/kfh.com.vn\/san-pham\/may-toan-dac-dien-tu-topcon-es-65\/\" \/>\n<meta property=\"og:site_name\" content=\"KFH - Kanamoto Fecon Hassyu\" \/>\n<meta property=\"article:modified_time\" content=\"2022-10-11T06:27:43+00:00\" \/>\n<meta property=\"og:image\" content=\"https:\/\/kfh.com.vn\/wp-content\/uploads\/2022\/10\/topcon-es65.jpg\" \/>\n\t<meta property=\"og:image:width\" content=\"600\" \/>\n\t<meta property=\"og:image:height\" content=\"600\" \/>\n\t<meta property=\"og:image:type\" content=\"image\/jpeg\" \/>\n<meta name=\"twitter:card\" content=\"summary_large_image\" \/>\n<meta name=\"twitter:label1\" content=\"\u63a8\u5b9a\u8aad\u307f\u53d6\u308a\u6642\u9593\" \/>\n\t<meta name=\"twitter:data1\" content=\"3\u5206\" \/>\n<script type=\"application\/ld+json\" class=\"yoast-schema-graph\">{\"@context\":\"https:\/\/schema.org\",\"@graph\":[{\"@type\":\"WebPage\",\"@id\":\"https:\/\/kfh.com.vn\/san-pham\/may-toan-dac-dien-tu-topcon-es-65\/\",\"url\":\"https:\/\/kfh.com.vn\/san-pham\/may-toan-dac-dien-tu-topcon-es-65\/\",\"name\":\"[:vi]M\u00e1y to\u00e0n \u0111\u1ea1c \u0111i\u1ec7n t\u1eed TOPCON ES-65[:en]Total station TOPCON ES-65[:] - KFH - Kanamoto Fecon Hassyu\",\"isPartOf\":{\"@id\":\"https:\/\/kfh.com.vn\/en\/#website\"},\"datePublished\":\"2022-10-11T06:27:42+00:00\",\"dateModified\":\"2022-10-11T06:27:43+00:00\",\"breadcrumb\":{\"@id\":\"https:\/\/kfh.com.vn\/san-pham\/may-toan-dac-dien-tu-topcon-es-65\/#breadcrumb\"},\"inLanguage\":\"ja\",\"potentialAction\":[{\"@type\":\"ReadAction\",\"target\":[\"https:\/\/kfh.com.vn\/san-pham\/may-toan-dac-dien-tu-topcon-es-65\/\"]}]},{\"@type\":\"BreadcrumbList\",\"@id\":\"https:\/\/kfh.com.vn\/san-pham\/may-toan-dac-dien-tu-topcon-es-65\/#breadcrumb\",\"itemListElement\":[{\"@type\":\"ListItem\",\"position\":1,\"name\":\"Trang ch\u1ee7\",\"item\":\"https:\/\/kfh.com.vn\/\"},{\"@type\":\"ListItem\",\"position\":2,\"name\":\"C\u1eeda h\u00e0ng\",\"item\":\"https:\/\/kfh.com.vn\/en\/mua\/\"},{\"@type\":\"ListItem\",\"position\":3,\"name\":\"M\u00e1y to\u00e0n \u0111\u1ea1c \u0111i\u1ec7n t\u1eed TOPCON ES-65\"}]},{\"@type\":\"WebSite\",\"@id\":\"https:\/\/kfh.com.vn\/en\/#website\",\"url\":\"https:\/\/kfh.com.vn\/en\/\",\"name\":\"KFH - Kanamoto Fecon Hassyu\",\"description\":\"C\u00f4ng ty c\u1ed5 ph\u1ea7n cho Thu\u00ea thi\u1ebft b\u1ecb\",\"publisher\":{\"@id\":\"https:\/\/kfh.com.vn\/en\/#\/schema\/person\/d9abb8c80170ac74d437a77950ff3f60\"},\"potentialAction\":[{\"@type\":\"SearchAction\",\"target\":{\"@type\":\"EntryPoint\",\"urlTemplate\":\"https:\/\/kfh.com.vn\/en\/?s={search_term_string}\"},\"query-input\":\"required name=search_term_string\"}],\"inLanguage\":\"ja\"},{\"@type\":[\"Person\",\"Organization\"],\"@id\":\"https:\/\/kfh.com.vn\/en\/#\/schema\/person\/d9abb8c80170ac74d437a77950ff3f60\",\"name\":\"kfh\",\"image\":{\"@type\":\"ImageObject\",\"inLanguage\":\"ja\",\"@id\":\"https:\/\/kfh.com.vn\/en\/#\/schema\/person\/image\/\",\"url\":\"https:\/\/secure.gravatar.com\/avatar\/5ebb68e80ab022176e9fc383a566aaee?s=96&d=mm&r=g\",\"contentUrl\":\"https:\/\/secure.gravatar.com\/avatar\/5ebb68e80ab022176e9fc383a566aaee?s=96&d=mm&r=g\",\"caption\":\"kfh\"},\"logo\":{\"@id\":\"https:\/\/kfh.com.vn\/en\/#\/schema\/person\/image\/\"}}]}<\/script>\n<!-- \/ Yoast SEO plugin. -->","yoast_head_json":{"title":"[:vi]M\u00e1y to\u00e0n \u0111\u1ea1c \u0111i\u1ec7n t\u1eed TOPCON ES-65[:en]Total station TOPCON ES-65[:] - KFH - Kanamoto Fecon Hassyu","robots":{"index":"index","follow":"follow","max-snippet":"max-snippet:-1","max-image-preview":"max-image-preview:large","max-video-preview":"max-video-preview:-1"},"canonical":"https:\/\/kfh.com.vn\/san-pham\/may-toan-dac-dien-tu-topcon-es-65\/","og_locale":"ja_JP","og_type":"article","og_title":"[:vi]M\u00e1y to\u00e0n \u0111\u1ea1c \u0111i\u1ec7n t\u1eed TOPCON ES-65[:en]Total station TOPCON ES-65[:] - KFH - Kanamoto Fecon Hassyu","og_description":"[:vi]Topcon ES-65 l\u00e0\u00a0m\u00e1y to\u00e0n \u0111\u1ea1c \u0111i\u1ec7n t\u1eed \u0111\u01b0\u1ee3c s\u1ea3n xu\u1ea5t b\u1edfi t\u1eadp \u0111o\u00e0n TOPCON CORPORATION (S\u1ea3n xu\u1ea5t t\u1ea1i Nh\u1eadt B\u1ea3n) \u2013 th\u01b0\u01a1ng hi\u1ec7u h\u00e0ng \u0111\u1ea7u t\u1ea1i Ch\u00e2u \u00c1 trong vi\u1ec7c s\u1ea3n xu\u1ea5t m\u00e1y m\u00f3c y t\u1ebf, tr\u1eafc \u0111\u1ecba, \u0111\u1ecbnh v\u1ecb v\u00e0 x\u00e2y d\u1ef1ng.  M\u00e1y to\u00e0n \u0111\u1ea1c Topcon ES-65\u00a0Series l\u00e0 thi\u1ebft b\u1ecb m\u1edbi nh\u1ea5t trong d\u00f2ng ES, m\u1ed9t lo\u1ea1i\u00a0m\u00e1y to\u00e0n \u0111\u1ea1c\u00a0TOPCON\u00a0d\u00e0nh cho ng\u01b0\u1eddi x\u00e2y d\u1ef1ng v\u1edbi thi\u1ebft k\u1ebft l\u1edbp v\u1ecf m\u00e1y ch\u1ed1ng th\u1ea5m n\u01b0\u1edbc IP66 v\u00e0 c\u00f4ng ngh\u1ec7 EDM kh\u00f4ng ph\u1ea3n x\u1ea1. Ngo\u00e0i ra,\u00a0Topcon ES-65 c\u00f2n c\u00f3 c\u00e1c th\u00f4ng s\u1ed1 k\u1ef9 thu\u1eadt ch\u00ednh kh\u00e1c nh\u01b0 b\u00f9 tr\u1ee5c k\u00e9p, th\u1eddi l\u01b0\u1ee3ng pin 15 gi\u1edd v\u00e0 ph\u1ea7n m\u1ec1m kh\u1ea3o s\u00e1t tr\u00ean bo m\u1ea1ch c\u00f3 kh\u1ea3 n\u0103ng l\u01b0u tr\u1eef 10.000 \u0111i\u1ec3m.[:en]Topcon ES-65 is an electronic total station machine manufactured by TOPCON CORPORATION (Made in Japan) - a leading brand in Asia in the production of medical, surveying, positioning and construction machinery. The Topcon ES-65 Series Total Station is the latest in the ES series, a TOPCON total station for builders with IP66 waterproof housing design and non-reflective EDM technology. In addition, the Topcon ES-65 has other key specifications such as dual axis compensation, 15 hours of battery life, and onboard survey software capable of storing 10,000 points.[:]","og_url":"https:\/\/kfh.com.vn\/san-pham\/may-toan-dac-dien-tu-topcon-es-65\/","og_site_name":"KFH - Kanamoto Fecon Hassyu","article_modified_time":"2022-10-11T06:27:43+00:00","og_image":[{"width":600,"height":600,"url":"https:\/\/kfh.com.vn\/wp-content\/uploads\/2022\/10\/topcon-es65.jpg","type":"image\/jpeg"}],"twitter_card":"summary_large_image","twitter_misc":{"\u63a8\u5b9a\u8aad\u307f\u53d6\u308a\u6642\u9593":"3\u5206"},"schema":{"@context":"https:\/\/schema.org","@graph":[{"@type":"WebPage","@id":"https:\/\/kfh.com.vn\/san-pham\/may-toan-dac-dien-tu-topcon-es-65\/","url":"https:\/\/kfh.com.vn\/san-pham\/may-toan-dac-dien-tu-topcon-es-65\/","name":"[:vi]M\u00e1y to\u00e0n \u0111\u1ea1c \u0111i\u1ec7n t\u1eed TOPCON ES-65[:en]Total station TOPCON ES-65[:] - KFH - Kanamoto Fecon Hassyu","isPartOf":{"@id":"https:\/\/kfh.com.vn\/en\/#website"},"datePublished":"2022-10-11T06:27:42+00:00","dateModified":"2022-10-11T06:27:43+00:00","breadcrumb":{"@id":"https:\/\/kfh.com.vn\/san-pham\/may-toan-dac-dien-tu-topcon-es-65\/#breadcrumb"},"inLanguage":"ja","potentialAction":[{"@type":"ReadAction","target":["https:\/\/kfh.com.vn\/san-pham\/may-toan-dac-dien-tu-topcon-es-65\/"]}]},{"@type":"BreadcrumbList","@id":"https:\/\/kfh.com.vn\/san-pham\/may-toan-dac-dien-tu-topcon-es-65\/#breadcrumb","itemListElement":[{"@type":"ListItem","position":1,"name":"Trang ch\u1ee7","item":"https:\/\/kfh.com.vn\/"},{"@type":"ListItem","position":2,"name":"C\u1eeda h\u00e0ng","item":"https:\/\/kfh.com.vn\/en\/mua\/"},{"@type":"ListItem","position":3,"name":"M\u00e1y to\u00e0n \u0111\u1ea1c \u0111i\u1ec7n t\u1eed TOPCON ES-65"}]},{"@type":"WebSite","@id":"https:\/\/kfh.com.vn\/en\/#website","url":"https:\/\/kfh.com.vn\/en\/","name":"KFH - Kanamoto Fecon Hassyu","description":"C\u00f4ng ty c\u1ed5 ph\u1ea7n cho Thu\u00ea thi\u1ebft b\u1ecb","publisher":{"@id":"https:\/\/kfh.com.vn\/en\/#\/schema\/person\/d9abb8c80170ac74d437a77950ff3f60"},"potentialAction":[{"@type":"SearchAction","target":{"@type":"EntryPoint","urlTemplate":"https:\/\/kfh.com.vn\/en\/?s={search_term_string}"},"query-input":"required name=search_term_string"}],"inLanguage":"ja"},{"@type":["Person","Organization"],"@id":"https:\/\/kfh.com.vn\/en\/#\/schema\/person\/d9abb8c80170ac74d437a77950ff3f60","name":"kfh","image":{"@type":"ImageObject","inLanguage":"ja","@id":"https:\/\/kfh.com.vn\/en\/#\/schema\/person\/image\/","url":"https:\/\/secure.gravatar.com\/avatar\/5ebb68e80ab022176e9fc383a566aaee?s=96&d=mm&r=g","contentUrl":"https:\/\/secure.gravatar.com\/avatar\/5ebb68e80ab022176e9fc383a566aaee?s=96&d=mm&r=g","caption":"kfh"},"logo":{"@id":"https:\/\/kfh.com.vn\/en\/#\/schema\/person\/image\/"}}]}},"_links":{"self":[{"href":"https:\/\/kfh.com.vn\/ja\/wp-json\/wp\/v2\/product\/865"}],"collection":[{"href":"https:\/\/kfh.com.vn\/ja\/wp-json\/wp\/v2\/product"}],"about":[{"href":"https:\/\/kfh.com.vn\/ja\/wp-json\/wp\/v2\/types\/product"}],"replies":[{"embeddable":true,"href":"https:\/\/kfh.com.vn\/ja\/wp-json\/wp\/v2\/comments?post=865"}],"wp:featuredmedia":[{"embeddable":true,"href":"https:\/\/kfh.com.vn\/ja\/wp-json\/wp\/v2\/media\/868"}],"wp:attachment":[{"href":"https:\/\/kfh.com.vn\/ja\/wp-json\/wp\/v2\/media?parent=865"}],"wp:term":[{"taxonomy":"product_cat","embeddable":true,"href":"https:\/\/kfh.com.vn\/ja\/wp-json\/wp\/v2\/product_cat?post=865"},{"taxonomy":"product_tag","embeddable":true,"href":"https:\/\/kfh.com.vn\/ja\/wp-json\/wp\/v2\/product_tag?post=865"}],"curies":[{"name":"wp","href":"https:\/\/api.w.org\/{rel}","templated":true}]}}