{"id":417,"date":"2020-08-07T06:30:39","date_gmt":"2020-08-07T06:30:39","guid":{"rendered":"http:\/\/khachhang2.web3b.com\/kfh\/?post_type=product&#038;p=417"},"modified":"2020-08-27T06:47:19","modified_gmt":"2020-08-27T06:47:19","slug":"xe-nang-hang-toyota-3-tan-62-8fd30-dau","status":"publish","type":"product","link":"https:\/\/kfh.com.vn\/ja\/san-pham\/xe-nang-hang-toyota-3-tan-62-8fd30-dau\/","title":{"rendered":"(Ti\u1ebfng Vi\u1ec7t) Xe n\u00e2ng h\u00e0ng Toyota 3 T\u1ea5n 62-8FD30 (d\u1ea7u)"},"content":{"rendered":"<p class=\"qtranxs-available-languages-message qtranxs-available-languages-message-ja\">\u7533\u3057\u8a33\u3042\u308a\u307e\u305b\u3093\u3001\u3053\u306e\u30b3\u30f3\u30c6\u30f3\u30c4\u306f\u305f\u3060\u4eca\u3000<a href=\"https:\/\/kfh.com.vn\/vi\/wp-json\/wp\/v2\/product\/417\" class=\"qtranxs-available-language-link qtranxs-available-language-link-vi\" title=\"Ti\u1ebfng Vi\u1ec7t\">\u30d9\u30c8\u30ca\u30e0\u8a9e<\/a>\u3068 <a href=\"https:\/\/kfh.com.vn\/en\/wp-json\/wp\/v2\/product\/417\" class=\"qtranxs-available-language-link qtranxs-available-language-link-en\" title=\"English\">\u30a2\u30e1\u30ea\u30ab\u82f1\u8a9e<\/a>\u3000\u306e\u307f\u3067\u3059\u3002<\/p>","protected":false},"excerpt":{"rendered":"<p class=\"qtranxs-available-languages-message qtranxs-available-languages-message-ja\">\u7533\u3057\u8a33\u3042\u308a\u307e\u305b\u3093\u3001\u3053\u306e\u30b3\u30f3\u30c6\u30f3\u30c4\u306f\u305f\u3060\u4eca\u3000<a href=\"https:\/\/kfh.com.vn\/vi\/wp-json\/wp\/v2\/product\/417\" class=\"qtranxs-available-language-link qtranxs-available-language-link-vi\" title=\"Ti\u1ebfng Vi\u1ec7t\">\u30d9\u30c8\u30ca\u30e0\u8a9e<\/a>\u3068 <a href=\"https:\/\/kfh.com.vn\/en\/wp-json\/wp\/v2\/product\/417\" class=\"qtranxs-available-language-link qtranxs-available-language-link-en\" title=\"English\">\u30a2\u30e1\u30ea\u30ab\u82f1\u8a9e<\/a>\u3000\u306e\u307f\u3067\u3059\u3002<\/p>\n","protected":false},"featured_media":423,"comment_status":"open","ping_status":"closed","template":"","meta":[],"product_cat":[23],"product_tag":[140,135,139,137,138],"yoast_head":"<!-- This site is optimized with the Yoast SEO plugin v21.5 - https:\/\/yoast.com\/wordpress\/plugins\/seo\/ -->\n<title><\/title>\n<meta name=\"robots\" content=\"index, follow, max-snippet:-1, max-image-preview:large, max-video-preview:-1\" \/>\n<link rel=\"canonical\" href=\"https:\/\/kfh.com.vn\/san-pham\/xe-nang-hang-toyota-3-tan-62-8fd30-dau\/\" \/>\n<meta property=\"og:locale\" content=\"ja_JP\" \/>\n<meta property=\"og:type\" content=\"article\" \/>\n<meta property=\"og:title\" content=\"[:vi]Xe n\u00e2ng h\u00e0ng Toyota 3 T\u1ea5n 62-8FD30 (d\u1ea7u) [:en]Toyota Forklift 3 T 62-8FD30 (diezel) [:] - KFH - Kanamoto Fecon Hassyu\" \/>\n<meta property=\"og:description\" content=\"[:vi]Xe n\u00e2ng h\u00e0ng TOYOTA c\u1ee7a KFH l\u00e0 xe \u0111\u1eddi m\u1edbi nh\u1ea5t, \u0111\u01b0\u1ee3c t\u00edch h\u1ee3p t\u1ea5t c\u1ea3 c\u00e1c t\u00ednh n\u0103ng m\u1edbi nh\u1ea5t c\u1ee7a h\u00e3ng. Xe nh\u1eadp kh\u1ea9u Nh\u1eadt B\u1ea3n, nguy\u00ean b\u1ea3n. \u0111\u1ea7y \u0111\u1ee7 c\u1ee7a TOYOTA k\u00e8m v\u1edbi \u0111\u00f3 l\u00e0 h\u1ec7 th\u1ed1ng d\u1ecbch v\u1ee5 theo ti\u00eau chu\u1ea9n c\u1ee7a t\u1eadp \u0111o\u00e0n Kanamoto Nh\u1eadt B\u1ea3n. B\u1ea3o \u0111\u1ea3m thi\u1ebft b\u1ecb ho\u1ea1t \u0111\u1ed9ng m\u1ed9t c\u00e1ch t\u1ed1t nh\u1ea5t, lu\u00f4n l\u00e0m h\u00e0i l\u00f2ng m\u1ecdi kh\u00e1ch h\u00e0ng v\u1edbi c\u00e1c l\u0129nh v\u1ef1c ho\u1ea1t \u0111\u1ed9ng kh\u00e1c nhau![:en]KFH&#039;s TOYOTA forklifts are the latest models, integrated with all of the company&#039;s latest features. Imported Japanese car, original. Toyota&#039;s full range of services, together with the service system standard of Japanese Kanamoto Corporation. Ensure the device works in the best way, always satisfy all customers with different fields of activity![:]\" \/>\n<meta property=\"og:url\" content=\"https:\/\/kfh.com.vn\/san-pham\/xe-nang-hang-toyota-3-tan-62-8fd30-dau\/\" \/>\n<meta property=\"og:site_name\" content=\"KFH - Kanamoto Fecon Hassyu\" \/>\n<meta property=\"article:modified_time\" content=\"2020-08-27T06:47:19+00:00\" \/>\n<meta property=\"og:image\" content=\"https:\/\/kfh.com.vn\/wp-content\/uploads\/2020\/08\/Xe-nang-Toyota-3T-3m.jpg\" \/>\n\t<meta property=\"og:image:width\" content=\"540\" \/>\n\t<meta property=\"og:image:height\" content=\"720\" \/>\n\t<meta property=\"og:image:type\" content=\"image\/jpeg\" \/>\n<meta name=\"twitter:card\" content=\"summary_large_image\" \/>\n<meta name=\"twitter:label1\" content=\"\u63a8\u5b9a\u8aad\u307f\u53d6\u308a\u6642\u9593\" \/>\n\t<meta name=\"twitter:data1\" content=\"3\u5206\" \/>\n<script type=\"application\/ld+json\" class=\"yoast-schema-graph\">{\"@context\":\"https:\/\/schema.org\",\"@graph\":[{\"@type\":\"WebPage\",\"@id\":\"https:\/\/kfh.com.vn\/san-pham\/xe-nang-hang-toyota-3-tan-62-8fd30-dau\/\",\"url\":\"https:\/\/kfh.com.vn\/san-pham\/xe-nang-hang-toyota-3-tan-62-8fd30-dau\/\",\"name\":\"[:vi]Xe n\u00e2ng h\u00e0ng Toyota 3 T\u1ea5n 62-8FD30 (d\u1ea7u) [:en]Toyota Forklift 3 T 62-8FD30 (diezel) [:] - KFH - Kanamoto Fecon Hassyu\",\"isPartOf\":{\"@id\":\"https:\/\/kfh.com.vn\/en\/#website\"},\"datePublished\":\"2020-08-07T06:30:39+00:00\",\"dateModified\":\"2020-08-27T06:47:19+00:00\",\"breadcrumb\":{\"@id\":\"https:\/\/kfh.com.vn\/san-pham\/xe-nang-hang-toyota-3-tan-62-8fd30-dau\/#breadcrumb\"},\"inLanguage\":\"ja\",\"potentialAction\":[{\"@type\":\"ReadAction\",\"target\":[\"https:\/\/kfh.com.vn\/san-pham\/xe-nang-hang-toyota-3-tan-62-8fd30-dau\/\"]}]},{\"@type\":\"BreadcrumbList\",\"@id\":\"https:\/\/kfh.com.vn\/san-pham\/xe-nang-hang-toyota-3-tan-62-8fd30-dau\/#breadcrumb\",\"itemListElement\":[{\"@type\":\"ListItem\",\"position\":1,\"name\":\"Trang ch\u1ee7\",\"item\":\"https:\/\/kfh.com.vn\/\"},{\"@type\":\"ListItem\",\"position\":2,\"name\":\"C\u1eeda h\u00e0ng\",\"item\":\"https:\/\/kfh.com.vn\/en\/mua\/\"},{\"@type\":\"ListItem\",\"position\":3,\"name\":\"Xe n\u00e2ng h\u00e0ng Toyota 3 T\u1ea5n 62-8FD30 (d\u1ea7u)\"}]},{\"@type\":\"WebSite\",\"@id\":\"https:\/\/kfh.com.vn\/en\/#website\",\"url\":\"https:\/\/kfh.com.vn\/en\/\",\"name\":\"KFH - Kanamoto Fecon Hassyu\",\"description\":\"C\u00f4ng ty c\u1ed5 ph\u1ea7n cho Thu\u00ea thi\u1ebft b\u1ecb\",\"publisher\":{\"@id\":\"https:\/\/kfh.com.vn\/en\/#\/schema\/person\/d9abb8c80170ac74d437a77950ff3f60\"},\"potentialAction\":[{\"@type\":\"SearchAction\",\"target\":{\"@type\":\"EntryPoint\",\"urlTemplate\":\"https:\/\/kfh.com.vn\/en\/?s={search_term_string}\"},\"query-input\":\"required name=search_term_string\"}],\"inLanguage\":\"ja\"},{\"@type\":[\"Person\",\"Organization\"],\"@id\":\"https:\/\/kfh.com.vn\/en\/#\/schema\/person\/d9abb8c80170ac74d437a77950ff3f60\",\"name\":\"kfh\",\"image\":{\"@type\":\"ImageObject\",\"inLanguage\":\"ja\",\"@id\":\"https:\/\/kfh.com.vn\/en\/#\/schema\/person\/image\/\",\"url\":\"https:\/\/secure.gravatar.com\/avatar\/5ebb68e80ab022176e9fc383a566aaee?s=96&d=mm&r=g\",\"contentUrl\":\"https:\/\/secure.gravatar.com\/avatar\/5ebb68e80ab022176e9fc383a566aaee?s=96&d=mm&r=g\",\"caption\":\"kfh\"},\"logo\":{\"@id\":\"https:\/\/kfh.com.vn\/en\/#\/schema\/person\/image\/\"}}]}<\/script>\n<!-- \/ Yoast SEO plugin. -->","yoast_head_json":{"title":"[:vi]Xe n\u00e2ng h\u00e0ng Toyota 3 T\u1ea5n 62-8FD30 (d\u1ea7u) [:en]Toyota Forklift 3 T 62-8FD30 (diezel) [:] - KFH - Kanamoto Fecon Hassyu","robots":{"index":"index","follow":"follow","max-snippet":"max-snippet:-1","max-image-preview":"max-image-preview:large","max-video-preview":"max-video-preview:-1"},"canonical":"https:\/\/kfh.com.vn\/san-pham\/xe-nang-hang-toyota-3-tan-62-8fd30-dau\/","og_locale":"ja_JP","og_type":"article","og_title":"[:vi]Xe n\u00e2ng h\u00e0ng Toyota 3 T\u1ea5n 62-8FD30 (d\u1ea7u) [:en]Toyota Forklift 3 T 62-8FD30 (diezel) [:] - KFH - Kanamoto Fecon Hassyu","og_description":"[:vi]Xe n\u00e2ng h\u00e0ng TOYOTA c\u1ee7a KFH l\u00e0 xe \u0111\u1eddi m\u1edbi nh\u1ea5t, \u0111\u01b0\u1ee3c t\u00edch h\u1ee3p t\u1ea5t c\u1ea3 c\u00e1c t\u00ednh n\u0103ng m\u1edbi nh\u1ea5t c\u1ee7a h\u00e3ng. Xe nh\u1eadp kh\u1ea9u Nh\u1eadt B\u1ea3n, nguy\u00ean b\u1ea3n. \u0111\u1ea7y \u0111\u1ee7 c\u1ee7a TOYOTA k\u00e8m v\u1edbi \u0111\u00f3 l\u00e0 h\u1ec7 th\u1ed1ng d\u1ecbch v\u1ee5 theo ti\u00eau chu\u1ea9n c\u1ee7a t\u1eadp \u0111o\u00e0n Kanamoto Nh\u1eadt B\u1ea3n. B\u1ea3o \u0111\u1ea3m thi\u1ebft b\u1ecb ho\u1ea1t \u0111\u1ed9ng m\u1ed9t c\u00e1ch t\u1ed1t nh\u1ea5t, lu\u00f4n l\u00e0m h\u00e0i l\u00f2ng m\u1ecdi kh\u00e1ch h\u00e0ng v\u1edbi c\u00e1c l\u0129nh v\u1ef1c ho\u1ea1t \u0111\u1ed9ng kh\u00e1c nhau![:en]KFH's TOYOTA forklifts are the latest models, integrated with all of the company's latest features. Imported Japanese car, original. Toyota's full range of services, together with the service system standard of Japanese Kanamoto Corporation. Ensure the device works in the best way, always satisfy all customers with different fields of activity![:]","og_url":"https:\/\/kfh.com.vn\/san-pham\/xe-nang-hang-toyota-3-tan-62-8fd30-dau\/","og_site_name":"KFH - Kanamoto Fecon Hassyu","article_modified_time":"2020-08-27T06:47:19+00:00","og_image":[{"width":540,"height":720,"url":"https:\/\/kfh.com.vn\/wp-content\/uploads\/2020\/08\/Xe-nang-Toyota-3T-3m.jpg","type":"image\/jpeg"}],"twitter_card":"summary_large_image","twitter_misc":{"\u63a8\u5b9a\u8aad\u307f\u53d6\u308a\u6642\u9593":"3\u5206"},"schema":{"@context":"https:\/\/schema.org","@graph":[{"@type":"WebPage","@id":"https:\/\/kfh.com.vn\/san-pham\/xe-nang-hang-toyota-3-tan-62-8fd30-dau\/","url":"https:\/\/kfh.com.vn\/san-pham\/xe-nang-hang-toyota-3-tan-62-8fd30-dau\/","name":"[:vi]Xe n\u00e2ng h\u00e0ng Toyota 3 T\u1ea5n 62-8FD30 (d\u1ea7u) [:en]Toyota Forklift 3 T 62-8FD30 (diezel) [:] - KFH - Kanamoto Fecon Hassyu","isPartOf":{"@id":"https:\/\/kfh.com.vn\/en\/#website"},"datePublished":"2020-08-07T06:30:39+00:00","dateModified":"2020-08-27T06:47:19+00:00","breadcrumb":{"@id":"https:\/\/kfh.com.vn\/san-pham\/xe-nang-hang-toyota-3-tan-62-8fd30-dau\/#breadcrumb"},"inLanguage":"ja","potentialAction":[{"@type":"ReadAction","target":["https:\/\/kfh.com.vn\/san-pham\/xe-nang-hang-toyota-3-tan-62-8fd30-dau\/"]}]},{"@type":"BreadcrumbList","@id":"https:\/\/kfh.com.vn\/san-pham\/xe-nang-hang-toyota-3-tan-62-8fd30-dau\/#breadcrumb","itemListElement":[{"@type":"ListItem","position":1,"name":"Trang ch\u1ee7","item":"https:\/\/kfh.com.vn\/"},{"@type":"ListItem","position":2,"name":"C\u1eeda h\u00e0ng","item":"https:\/\/kfh.com.vn\/en\/mua\/"},{"@type":"ListItem","position":3,"name":"Xe n\u00e2ng h\u00e0ng Toyota 3 T\u1ea5n 62-8FD30 (d\u1ea7u)"}]},{"@type":"WebSite","@id":"https:\/\/kfh.com.vn\/en\/#website","url":"https:\/\/kfh.com.vn\/en\/","name":"KFH - Kanamoto Fecon Hassyu","description":"C\u00f4ng ty c\u1ed5 ph\u1ea7n cho Thu\u00ea thi\u1ebft b\u1ecb","publisher":{"@id":"https:\/\/kfh.com.vn\/en\/#\/schema\/person\/d9abb8c80170ac74d437a77950ff3f60"},"potentialAction":[{"@type":"SearchAction","target":{"@type":"EntryPoint","urlTemplate":"https:\/\/kfh.com.vn\/en\/?s={search_term_string}"},"query-input":"required name=search_term_string"}],"inLanguage":"ja"},{"@type":["Person","Organization"],"@id":"https:\/\/kfh.com.vn\/en\/#\/schema\/person\/d9abb8c80170ac74d437a77950ff3f60","name":"kfh","image":{"@type":"ImageObject","inLanguage":"ja","@id":"https:\/\/kfh.com.vn\/en\/#\/schema\/person\/image\/","url":"https:\/\/secure.gravatar.com\/avatar\/5ebb68e80ab022176e9fc383a566aaee?s=96&d=mm&r=g","contentUrl":"https:\/\/secure.gravatar.com\/avatar\/5ebb68e80ab022176e9fc383a566aaee?s=96&d=mm&r=g","caption":"kfh"},"logo":{"@id":"https:\/\/kfh.com.vn\/en\/#\/schema\/person\/image\/"}}]}},"_links":{"self":[{"href":"https:\/\/kfh.com.vn\/ja\/wp-json\/wp\/v2\/product\/417"}],"collection":[{"href":"https:\/\/kfh.com.vn\/ja\/wp-json\/wp\/v2\/product"}],"about":[{"href":"https:\/\/kfh.com.vn\/ja\/wp-json\/wp\/v2\/types\/product"}],"replies":[{"embeddable":true,"href":"https:\/\/kfh.com.vn\/ja\/wp-json\/wp\/v2\/comments?post=417"}],"wp:featuredmedia":[{"embeddable":true,"href":"https:\/\/kfh.com.vn\/ja\/wp-json\/wp\/v2\/media\/423"}],"wp:attachment":[{"href":"https:\/\/kfh.com.vn\/ja\/wp-json\/wp\/v2\/media?parent=417"}],"wp:term":[{"taxonomy":"product_cat","embeddable":true,"href":"https:\/\/kfh.com.vn\/ja\/wp-json\/wp\/v2\/product_cat?post=417"},{"taxonomy":"product_tag","embeddable":true,"href":"https:\/\/kfh.com.vn\/ja\/wp-json\/wp\/v2\/product_tag?post=417"}],"curies":[{"name":"wp","href":"https:\/\/api.w.org\/{rel}","templated":true}]}}