{"id":252,"date":"2019-12-17T07:41:26","date_gmt":"2019-12-17T07:41:26","guid":{"rendered":"http:\/\/khachhang2.web3b.com\/kfh\/?post_type=product&#038;p=252"},"modified":"2020-08-28T10:05:00","modified_gmt":"2020-08-28T10:05:00","slug":"may-phat-dien-denyo-dca-25-esi2","status":"publish","type":"product","link":"https:\/\/kfh.com.vn\/ja\/san-pham\/may-phat-dien-denyo-dca-25-esi2\/","title":{"rendered":"(Ti\u1ebfng Vi\u1ec7t) M\u00e1y ph\u00e1t \u0111i\u1ec7n DENYO DCA- 25 ESI2"},"content":{"rendered":"<p class=\"qtranxs-available-languages-message qtranxs-available-languages-message-ja\">\u7533\u3057\u8a33\u3042\u308a\u307e\u305b\u3093\u3001\u3053\u306e\u30b3\u30f3\u30c6\u30f3\u30c4\u306f\u305f\u3060\u4eca\u3000<a href=\"https:\/\/kfh.com.vn\/vi\/wp-json\/wp\/v2\/product\/252\" class=\"qtranxs-available-language-link qtranxs-available-language-link-vi\" title=\"Ti\u1ebfng Vi\u1ec7t\">\u30d9\u30c8\u30ca\u30e0\u8a9e<\/a>\u3068 <a href=\"https:\/\/kfh.com.vn\/en\/wp-json\/wp\/v2\/product\/252\" class=\"qtranxs-available-language-link qtranxs-available-language-link-en\" title=\"English\">\u30a2\u30e1\u30ea\u30ab\u82f1\u8a9e<\/a>\u3000\u306e\u307f\u3067\u3059\u3002<\/p>","protected":false},"excerpt":{"rendered":"<p class=\"qtranxs-available-languages-message qtranxs-available-languages-message-ja\">\u7533\u3057\u8a33\u3042\u308a\u307e\u305b\u3093\u3001\u3053\u306e\u30b3\u30f3\u30c6\u30f3\u30c4\u306f\u305f\u3060\u4eca\u3000<a href=\"https:\/\/kfh.com.vn\/vi\/wp-json\/wp\/v2\/product\/252\" class=\"qtranxs-available-language-link qtranxs-available-language-link-vi\" title=\"Ti\u1ebfng Vi\u1ec7t\">\u30d9\u30c8\u30ca\u30e0\u8a9e<\/a>\u3068 <a href=\"https:\/\/kfh.com.vn\/en\/wp-json\/wp\/v2\/product\/252\" class=\"qtranxs-available-language-link qtranxs-available-language-link-en\" title=\"English\">\u30a2\u30e1\u30ea\u30ab\u82f1\u8a9e<\/a>\u3000\u306e\u307f\u3067\u3059\u3002<\/p>\n","protected":false},"featured_media":253,"comment_status":"open","ping_status":"closed","template":"","meta":[],"product_cat":[21],"product_tag":[186,118,187,121,122,123],"yoast_head":"<!-- This site is optimized with the Yoast SEO plugin v21.5 - https:\/\/yoast.com\/wordpress\/plugins\/seo\/ -->\n<title><\/title>\n<meta name=\"robots\" content=\"index, follow, max-snippet:-1, max-image-preview:large, max-video-preview:-1\" \/>\n<link rel=\"canonical\" href=\"https:\/\/kfh.com.vn\/san-pham\/may-phat-dien-denyo-dca-25-esi2\/\" \/>\n<meta property=\"og:locale\" content=\"ja_JP\" \/>\n<meta property=\"og:type\" content=\"article\" \/>\n<meta property=\"og:title\" content=\"[:vi]M\u00e1y ph\u00e1t \u0111i\u1ec7n DENYO DCA- 25 ESI2[:en]GENERATOR DENYO DCA- 25 ESI2[:] - KFH - Kanamoto Fecon Hassyu\" \/>\n<meta property=\"og:description\" content=\"[:vi]M\u00e1y ph\u00e1t \u0111i\u1ec7n DCA-25ESI \/ DCA-25ESI2 l\u00e0 m\u00e1y \u0111i\u1ec7n \u0111\u01b0\u1ee3c s\u1ea3n xu\u1ea5t b\u1edfi t\u1eadp \u0111o\u00e0n s\u1ed1 1 Nh\u1eadt B\u1ea3n v\u1ec1 m\u00e1y ph\u00e1t \u0111i\u1ec7n. \u0110\u1eb7c bi\u1ec7t, c\u0169ng nh\u01b0 t\u1ea5t c\u1ea3 c\u00e1c d\u00f2ng m\u00e1y ph\u00e1t kh\u00e1c c\u1ee7a KFH, m\u00e1y DCA-25ESI \/ DCA-25ESI2 \u0111\u01b0\u1ee3c thi\u1ebft k\u1ebf, s\u1ea3n xu\u1ea5t ri\u00eang cho th\u1ecb tr\u01b0\u1eddng Nh\u1eadt B\u1ea3n n\u00ean t\u1ea5t c\u1ea3 c\u00e1c ti\u00eau chu\u1ea9n v\u1ec1 C\u00f4ng su\u1ea5t, \u0110\u1ed9 \u1ed5n \u0111\u1ecbnh, An to\u00e0n, kh\u00ed th\u1ea3i, ch\u1ed1ng \u1ed3n... \u0111\u1ea1t m\u1ee9c cao nh\u1ea5t c\u1ee7a h\u00e3ng s\u1ea3n xu\u1ea5t. B\u00ean c\u1ea1nh \u0111\u00f3 l\u00e0 ch\u1ebf \u0111\u1ed9 ch\u0103m s\u00f3c k\u1ef9 thu\u1eadt c\u1ee7a KFH theo ti\u00eau chu\u1ea9n c\u1ee7a t\u1eadp \u0111o\u00e0n Kanamoto v\u00e0 DENYO b\u1ea3o \u0111\u1ea3m m\u00e1y lu\u00f4n ho\u1ea1t \u0111\u1ed9ng \u1edf ch\u1ebf \u0111\u1ed9 t\u1ed1t nh\u1ea5t.[:en]Generator DCA-25ESI \/ DCA-25ESI2 is an electric machine produced by Japan&#039;s No. 1 generator company. In particular, like all other KFH generators, the DCA-25ESI \/ DCA-25ESI2 is designed and manufactured exclusively for the Japanese market, so all standards of Power, Stability, An total emissions, noise cancellation ... reach the highest level of the manufacturer. Besides, KFH&#039;s technical care according to Kanamoto and DENYO standards ensures the machine always operates in the best mode.[:]\" \/>\n<meta property=\"og:url\" content=\"https:\/\/kfh.com.vn\/san-pham\/may-phat-dien-denyo-dca-25-esi2\/\" \/>\n<meta property=\"og:site_name\" content=\"KFH - Kanamoto Fecon Hassyu\" \/>\n<meta property=\"article:modified_time\" content=\"2020-08-28T10:05:00+00:00\" \/>\n<meta property=\"og:image\" content=\"https:\/\/kfh.com.vn\/wp-content\/uploads\/2019\/12\/may-phat-dien-DENYO-DCA-25ESI2.jpg\" \/>\n\t<meta property=\"og:image:width\" content=\"1246\" \/>\n\t<meta property=\"og:image:height\" content=\"740\" \/>\n\t<meta property=\"og:image:type\" content=\"image\/jpeg\" \/>\n<meta name=\"twitter:card\" content=\"summary_large_image\" \/>\n<meta name=\"twitter:label1\" content=\"\u63a8\u5b9a\u8aad\u307f\u53d6\u308a\u6642\u9593\" \/>\n\t<meta name=\"twitter:data1\" content=\"1\u5206\" \/>\n<script type=\"application\/ld+json\" class=\"yoast-schema-graph\">{\"@context\":\"https:\/\/schema.org\",\"@graph\":[{\"@type\":\"WebPage\",\"@id\":\"https:\/\/kfh.com.vn\/san-pham\/may-phat-dien-denyo-dca-25-esi2\/\",\"url\":\"https:\/\/kfh.com.vn\/san-pham\/may-phat-dien-denyo-dca-25-esi2\/\",\"name\":\"[:vi]M\u00e1y ph\u00e1t \u0111i\u1ec7n DENYO DCA- 25 ESI2[:en]GENERATOR DENYO DCA- 25 ESI2[:] - KFH - Kanamoto Fecon Hassyu\",\"isPartOf\":{\"@id\":\"https:\/\/kfh.com.vn\/en\/#website\"},\"datePublished\":\"2019-12-17T07:41:26+00:00\",\"dateModified\":\"2020-08-28T10:05:00+00:00\",\"breadcrumb\":{\"@id\":\"https:\/\/kfh.com.vn\/san-pham\/may-phat-dien-denyo-dca-25-esi2\/#breadcrumb\"},\"inLanguage\":\"ja\",\"potentialAction\":[{\"@type\":\"ReadAction\",\"target\":[\"https:\/\/kfh.com.vn\/san-pham\/may-phat-dien-denyo-dca-25-esi2\/\"]}]},{\"@type\":\"BreadcrumbList\",\"@id\":\"https:\/\/kfh.com.vn\/san-pham\/may-phat-dien-denyo-dca-25-esi2\/#breadcrumb\",\"itemListElement\":[{\"@type\":\"ListItem\",\"position\":1,\"name\":\"Trang ch\u1ee7\",\"item\":\"https:\/\/kfh.com.vn\/\"},{\"@type\":\"ListItem\",\"position\":2,\"name\":\"C\u1eeda h\u00e0ng\",\"item\":\"https:\/\/kfh.com.vn\/en\/mua\/\"},{\"@type\":\"ListItem\",\"position\":3,\"name\":\"M\u00e1y ph\u00e1t \u0111i\u1ec7n DENYO DCA- 25 ESI2\"}]},{\"@type\":\"WebSite\",\"@id\":\"https:\/\/kfh.com.vn\/en\/#website\",\"url\":\"https:\/\/kfh.com.vn\/en\/\",\"name\":\"KFH - Kanamoto Fecon Hassyu\",\"description\":\"C\u00f4ng ty c\u1ed5 ph\u1ea7n cho Thu\u00ea thi\u1ebft b\u1ecb\",\"publisher\":{\"@id\":\"https:\/\/kfh.com.vn\/en\/#\/schema\/person\/d9abb8c80170ac74d437a77950ff3f60\"},\"potentialAction\":[{\"@type\":\"SearchAction\",\"target\":{\"@type\":\"EntryPoint\",\"urlTemplate\":\"https:\/\/kfh.com.vn\/en\/?s={search_term_string}\"},\"query-input\":\"required name=search_term_string\"}],\"inLanguage\":\"ja\"},{\"@type\":[\"Person\",\"Organization\"],\"@id\":\"https:\/\/kfh.com.vn\/en\/#\/schema\/person\/d9abb8c80170ac74d437a77950ff3f60\",\"name\":\"kfh\",\"image\":{\"@type\":\"ImageObject\",\"inLanguage\":\"ja\",\"@id\":\"https:\/\/kfh.com.vn\/en\/#\/schema\/person\/image\/\",\"url\":\"https:\/\/secure.gravatar.com\/avatar\/5ebb68e80ab022176e9fc383a566aaee?s=96&d=mm&r=g\",\"contentUrl\":\"https:\/\/secure.gravatar.com\/avatar\/5ebb68e80ab022176e9fc383a566aaee?s=96&d=mm&r=g\",\"caption\":\"kfh\"},\"logo\":{\"@id\":\"https:\/\/kfh.com.vn\/en\/#\/schema\/person\/image\/\"}}]}<\/script>\n<!-- \/ Yoast SEO plugin. -->","yoast_head_json":{"title":"[:vi]M\u00e1y ph\u00e1t \u0111i\u1ec7n DENYO DCA- 25 ESI2[:en]GENERATOR DENYO DCA- 25 ESI2[:] - KFH - Kanamoto Fecon Hassyu","robots":{"index":"index","follow":"follow","max-snippet":"max-snippet:-1","max-image-preview":"max-image-preview:large","max-video-preview":"max-video-preview:-1"},"canonical":"https:\/\/kfh.com.vn\/san-pham\/may-phat-dien-denyo-dca-25-esi2\/","og_locale":"ja_JP","og_type":"article","og_title":"[:vi]M\u00e1y ph\u00e1t \u0111i\u1ec7n DENYO DCA- 25 ESI2[:en]GENERATOR DENYO DCA- 25 ESI2[:] - KFH - Kanamoto Fecon Hassyu","og_description":"[:vi]M\u00e1y ph\u00e1t \u0111i\u1ec7n DCA-25ESI \/ DCA-25ESI2 l\u00e0 m\u00e1y \u0111i\u1ec7n \u0111\u01b0\u1ee3c s\u1ea3n xu\u1ea5t b\u1edfi t\u1eadp \u0111o\u00e0n s\u1ed1 1 Nh\u1eadt B\u1ea3n v\u1ec1 m\u00e1y ph\u00e1t \u0111i\u1ec7n. \u0110\u1eb7c bi\u1ec7t, c\u0169ng nh\u01b0 t\u1ea5t c\u1ea3 c\u00e1c d\u00f2ng m\u00e1y ph\u00e1t kh\u00e1c c\u1ee7a KFH, m\u00e1y DCA-25ESI \/ DCA-25ESI2 \u0111\u01b0\u1ee3c thi\u1ebft k\u1ebf, s\u1ea3n xu\u1ea5t ri\u00eang cho th\u1ecb tr\u01b0\u1eddng Nh\u1eadt B\u1ea3n n\u00ean t\u1ea5t c\u1ea3 c\u00e1c ti\u00eau chu\u1ea9n v\u1ec1 C\u00f4ng su\u1ea5t, \u0110\u1ed9 \u1ed5n \u0111\u1ecbnh, An to\u00e0n, kh\u00ed th\u1ea3i, ch\u1ed1ng \u1ed3n... \u0111\u1ea1t m\u1ee9c cao nh\u1ea5t c\u1ee7a h\u00e3ng s\u1ea3n xu\u1ea5t. B\u00ean c\u1ea1nh \u0111\u00f3 l\u00e0 ch\u1ebf \u0111\u1ed9 ch\u0103m s\u00f3c k\u1ef9 thu\u1eadt c\u1ee7a KFH theo ti\u00eau chu\u1ea9n c\u1ee7a t\u1eadp \u0111o\u00e0n Kanamoto v\u00e0 DENYO b\u1ea3o \u0111\u1ea3m m\u00e1y lu\u00f4n ho\u1ea1t \u0111\u1ed9ng \u1edf ch\u1ebf \u0111\u1ed9 t\u1ed1t nh\u1ea5t.[:en]Generator DCA-25ESI \/ DCA-25ESI2 is an electric machine produced by Japan's No. 1 generator company. In particular, like all other KFH generators, the DCA-25ESI \/ DCA-25ESI2 is designed and manufactured exclusively for the Japanese market, so all standards of Power, Stability, An total emissions, noise cancellation ... reach the highest level of the manufacturer. Besides, KFH's technical care according to Kanamoto and DENYO standards ensures the machine always operates in the best mode.[:]","og_url":"https:\/\/kfh.com.vn\/san-pham\/may-phat-dien-denyo-dca-25-esi2\/","og_site_name":"KFH - Kanamoto Fecon Hassyu","article_modified_time":"2020-08-28T10:05:00+00:00","og_image":[{"width":1246,"height":740,"url":"https:\/\/kfh.com.vn\/wp-content\/uploads\/2019\/12\/may-phat-dien-DENYO-DCA-25ESI2.jpg","type":"image\/jpeg"}],"twitter_card":"summary_large_image","twitter_misc":{"\u63a8\u5b9a\u8aad\u307f\u53d6\u308a\u6642\u9593":"1\u5206"},"schema":{"@context":"https:\/\/schema.org","@graph":[{"@type":"WebPage","@id":"https:\/\/kfh.com.vn\/san-pham\/may-phat-dien-denyo-dca-25-esi2\/","url":"https:\/\/kfh.com.vn\/san-pham\/may-phat-dien-denyo-dca-25-esi2\/","name":"[:vi]M\u00e1y ph\u00e1t \u0111i\u1ec7n DENYO DCA- 25 ESI2[:en]GENERATOR DENYO DCA- 25 ESI2[:] - KFH - Kanamoto Fecon Hassyu","isPartOf":{"@id":"https:\/\/kfh.com.vn\/en\/#website"},"datePublished":"2019-12-17T07:41:26+00:00","dateModified":"2020-08-28T10:05:00+00:00","breadcrumb":{"@id":"https:\/\/kfh.com.vn\/san-pham\/may-phat-dien-denyo-dca-25-esi2\/#breadcrumb"},"inLanguage":"ja","potentialAction":[{"@type":"ReadAction","target":["https:\/\/kfh.com.vn\/san-pham\/may-phat-dien-denyo-dca-25-esi2\/"]}]},{"@type":"BreadcrumbList","@id":"https:\/\/kfh.com.vn\/san-pham\/may-phat-dien-denyo-dca-25-esi2\/#breadcrumb","itemListElement":[{"@type":"ListItem","position":1,"name":"Trang ch\u1ee7","item":"https:\/\/kfh.com.vn\/"},{"@type":"ListItem","position":2,"name":"C\u1eeda h\u00e0ng","item":"https:\/\/kfh.com.vn\/en\/mua\/"},{"@type":"ListItem","position":3,"name":"M\u00e1y ph\u00e1t \u0111i\u1ec7n DENYO DCA- 25 ESI2"}]},{"@type":"WebSite","@id":"https:\/\/kfh.com.vn\/en\/#website","url":"https:\/\/kfh.com.vn\/en\/","name":"KFH - Kanamoto Fecon Hassyu","description":"C\u00f4ng ty c\u1ed5 ph\u1ea7n cho Thu\u00ea thi\u1ebft b\u1ecb","publisher":{"@id":"https:\/\/kfh.com.vn\/en\/#\/schema\/person\/d9abb8c80170ac74d437a77950ff3f60"},"potentialAction":[{"@type":"SearchAction","target":{"@type":"EntryPoint","urlTemplate":"https:\/\/kfh.com.vn\/en\/?s={search_term_string}"},"query-input":"required name=search_term_string"}],"inLanguage":"ja"},{"@type":["Person","Organization"],"@id":"https:\/\/kfh.com.vn\/en\/#\/schema\/person\/d9abb8c80170ac74d437a77950ff3f60","name":"kfh","image":{"@type":"ImageObject","inLanguage":"ja","@id":"https:\/\/kfh.com.vn\/en\/#\/schema\/person\/image\/","url":"https:\/\/secure.gravatar.com\/avatar\/5ebb68e80ab022176e9fc383a566aaee?s=96&d=mm&r=g","contentUrl":"https:\/\/secure.gravatar.com\/avatar\/5ebb68e80ab022176e9fc383a566aaee?s=96&d=mm&r=g","caption":"kfh"},"logo":{"@id":"https:\/\/kfh.com.vn\/en\/#\/schema\/person\/image\/"}}]}},"_links":{"self":[{"href":"https:\/\/kfh.com.vn\/ja\/wp-json\/wp\/v2\/product\/252"}],"collection":[{"href":"https:\/\/kfh.com.vn\/ja\/wp-json\/wp\/v2\/product"}],"about":[{"href":"https:\/\/kfh.com.vn\/ja\/wp-json\/wp\/v2\/types\/product"}],"replies":[{"embeddable":true,"href":"https:\/\/kfh.com.vn\/ja\/wp-json\/wp\/v2\/comments?post=252"}],"wp:featuredmedia":[{"embeddable":true,"href":"https:\/\/kfh.com.vn\/ja\/wp-json\/wp\/v2\/media\/253"}],"wp:attachment":[{"href":"https:\/\/kfh.com.vn\/ja\/wp-json\/wp\/v2\/media?parent=252"}],"wp:term":[{"taxonomy":"product_cat","embeddable":true,"href":"https:\/\/kfh.com.vn\/ja\/wp-json\/wp\/v2\/product_cat?post=252"},{"taxonomy":"product_tag","embeddable":true,"href":"https:\/\/kfh.com.vn\/ja\/wp-json\/wp\/v2\/product_tag?post=252"}],"curies":[{"name":"wp","href":"https:\/\/api.w.org\/{rel}","templated":true}]}}