{"id":208,"date":"2019-12-05T06:44:21","date_gmt":"2019-12-05T06:44:21","guid":{"rendered":"http:\/\/khachhang2.web3b.com\/kfh\/?post_type=product&#038;p=208"},"modified":"2024-04-26T08:26:44","modified_gmt":"2024-04-26T01:26:44","slug":"may-nen-khi-airman-pds655s-18-5-m3-ph","status":"publish","type":"product","link":"https:\/\/kfh.com.vn\/ja\/san-pham\/may-nen-khi-airman-pds655s-18-5-m3-ph\/","title":{"rendered":"(Ti\u1ebfng Vi\u1ec7t) M\u00e1y n\u00e9n kh\u00ed AIRMAN PDS655S (18.5 m3\/ph)"},"content":{"rendered":"<p class=\"qtranxs-available-languages-message qtranxs-available-languages-message-ja\">\u7533\u3057\u8a33\u3042\u308a\u307e\u305b\u3093\u3001\u3053\u306e\u30b3\u30f3\u30c6\u30f3\u30c4\u306f\u305f\u3060\u4eca\u3000<a href=\"https:\/\/kfh.com.vn\/vi\/wp-json\/wp\/v2\/product\/208\" class=\"qtranxs-available-language-link qtranxs-available-language-link-vi\" title=\"Ti\u1ebfng Vi\u1ec7t\">\u30d9\u30c8\u30ca\u30e0\u8a9e<\/a>\u3068 <a href=\"https:\/\/kfh.com.vn\/en\/wp-json\/wp\/v2\/product\/208\" class=\"qtranxs-available-language-link qtranxs-available-language-link-en\" title=\"English\">\u30a2\u30e1\u30ea\u30ab\u82f1\u8a9e<\/a>\u3000\u306e\u307f\u3067\u3059\u3002<\/p>","protected":false},"excerpt":{"rendered":"<p class=\"qtranxs-available-languages-message qtranxs-available-languages-message-ja\">\u7533\u3057\u8a33\u3042\u308a\u307e\u305b\u3093\u3001\u3053\u306e\u30b3\u30f3\u30c6\u30f3\u30c4\u306f\u305f\u3060\u4eca\u3000<a href=\"https:\/\/kfh.com.vn\/vi\/wp-json\/wp\/v2\/product\/208\" class=\"qtranxs-available-language-link qtranxs-available-language-link-vi\" title=\"Ti\u1ebfng Vi\u1ec7t\">\u30d9\u30c8\u30ca\u30e0\u8a9e<\/a>\u3068 <a href=\"https:\/\/kfh.com.vn\/en\/wp-json\/wp\/v2\/product\/208\" class=\"qtranxs-available-language-link qtranxs-available-language-link-en\" title=\"English\">\u30a2\u30e1\u30ea\u30ab\u82f1\u8a9e<\/a>\u3000\u306e\u307f\u3067\u3059\u3002<\/p>\n","protected":false},"featured_media":209,"comment_status":"open","ping_status":"closed","template":"","meta":[],"product_cat":[22],"product_tag":[72,70,73,76,71,69,75,74],"yoast_head":"<!-- This site is optimized with the Yoast SEO plugin v21.5 - https:\/\/yoast.com\/wordpress\/plugins\/seo\/ -->\n<title>M\u00e1y n\u00e9n kh\u00ed AIRMAN PDS655S (18.5 m3\/ph) | Thu\u00ea m\u00e1y n\u00e9n kh\u00ed | KFH<\/title>\n<meta name=\"description\" content=\"M\u00e1y n\u00e9n kh\u00ed AIRMAN PDS655S (18.5 m3\/ph) | Thu\u00ea m\u00e1y n\u00e9n kh\u00ed | KFH - \u0110\u01a1n v\u1ecb cho thu\u00ea m\u00e1y m\u00f3c x\u00e2y d\u1ef1ng gi\u00e1 t\u1ed1t, m\u00e1y m\u1edbi, cam k\u1ebft ch\u1ea5t l\u01b0\u1ee3ng...\" \/>\n<meta name=\"robots\" content=\"index, follow, max-snippet:-1, max-image-preview:large, max-video-preview:-1\" \/>\n<link rel=\"canonical\" href=\"https:\/\/kfh.com.vn\/san-pham\/may-nen-khi-airman-pds655s-18-5-m3-ph\/\" \/>\n<meta property=\"og:locale\" content=\"ja_JP\" \/>\n<meta property=\"og:type\" content=\"article\" \/>\n<meta property=\"og:title\" content=\"M\u00e1y n\u00e9n kh\u00ed AIRMAN PDS655S (18.5 m3\/ph) | Thu\u00ea m\u00e1y n\u00e9n kh\u00ed | KFH\" \/>\n<meta property=\"og:description\" content=\"M\u00e1y n\u00e9n kh\u00ed AIRMAN PDS655S (18.5 m3\/ph) | Thu\u00ea m\u00e1y n\u00e9n kh\u00ed | KFH - \u0110\u01a1n v\u1ecb cho thu\u00ea m\u00e1y m\u00f3c x\u00e2y d\u1ef1ng gi\u00e1 t\u1ed1t, m\u00e1y m\u1edbi, cam k\u1ebft ch\u1ea5t l\u01b0\u1ee3ng...\" \/>\n<meta property=\"og:url\" content=\"https:\/\/kfh.com.vn\/san-pham\/may-nen-khi-airman-pds655s-18-5-m3-ph\/\" \/>\n<meta property=\"og:site_name\" content=\"KFH - Kanamoto Fecon Hassyu\" \/>\n<meta property=\"article:modified_time\" content=\"2024-04-26T01:26:44+00:00\" \/>\n<meta property=\"og:image\" content=\"https:\/\/kfh.com.vn\/wp-content\/uploads\/2019\/12\/AIRMAN-PDS-655S.jpg\" \/>\n\t<meta property=\"og:image:width\" content=\"800\" \/>\n\t<meta property=\"og:image:height\" content=\"476\" \/>\n\t<meta property=\"og:image:type\" content=\"image\/jpeg\" \/>\n<meta name=\"twitter:card\" content=\"summary_large_image\" \/>\n<meta name=\"twitter:label1\" content=\"\u63a8\u5b9a\u8aad\u307f\u53d6\u308a\u6642\u9593\" \/>\n\t<meta name=\"twitter:data1\" content=\"7\u5206\" \/>\n<script type=\"application\/ld+json\" class=\"yoast-schema-graph\">{\"@context\":\"https:\/\/schema.org\",\"@graph\":[{\"@type\":\"WebPage\",\"@id\":\"https:\/\/kfh.com.vn\/san-pham\/may-nen-khi-airman-pds655s-18-5-m3-ph\/\",\"url\":\"https:\/\/kfh.com.vn\/san-pham\/may-nen-khi-airman-pds655s-18-5-m3-ph\/\",\"name\":\"M\u00e1y n\u00e9n kh\u00ed AIRMAN PDS655S (18.5 m3\/ph) | Thu\u00ea m\u00e1y n\u00e9n kh\u00ed | KFH\",\"isPartOf\":{\"@id\":\"https:\/\/kfh.com.vn\/en\/#website\"},\"datePublished\":\"2019-12-05T06:44:21+00:00\",\"dateModified\":\"2024-04-26T01:26:44+00:00\",\"description\":\"M\u00e1y n\u00e9n kh\u00ed AIRMAN PDS655S (18.5 m3\/ph) | Thu\u00ea m\u00e1y n\u00e9n kh\u00ed | KFH - \u0110\u01a1n v\u1ecb cho thu\u00ea m\u00e1y m\u00f3c x\u00e2y d\u1ef1ng gi\u00e1 t\u1ed1t, m\u00e1y m\u1edbi, cam k\u1ebft ch\u1ea5t l\u01b0\u1ee3ng...\",\"breadcrumb\":{\"@id\":\"https:\/\/kfh.com.vn\/san-pham\/may-nen-khi-airman-pds655s-18-5-m3-ph\/#breadcrumb\"},\"inLanguage\":\"ja\",\"potentialAction\":[{\"@type\":\"ReadAction\",\"target\":[\"https:\/\/kfh.com.vn\/san-pham\/may-nen-khi-airman-pds655s-18-5-m3-ph\/\"]}]},{\"@type\":\"BreadcrumbList\",\"@id\":\"https:\/\/kfh.com.vn\/san-pham\/may-nen-khi-airman-pds655s-18-5-m3-ph\/#breadcrumb\",\"itemListElement\":[{\"@type\":\"ListItem\",\"position\":1,\"name\":\"Trang ch\u1ee7\",\"item\":\"https:\/\/kfh.com.vn\/\"},{\"@type\":\"ListItem\",\"position\":2,\"name\":\"C\u1eeda h\u00e0ng\",\"item\":\"https:\/\/kfh.com.vn\/en\/mua\/\"},{\"@type\":\"ListItem\",\"position\":3,\"name\":\"M\u00e1y n\u00e9n kh\u00ed AIRMAN PDS655S (18.5 m3\/ph)\"}]},{\"@type\":\"WebSite\",\"@id\":\"https:\/\/kfh.com.vn\/en\/#website\",\"url\":\"https:\/\/kfh.com.vn\/en\/\",\"name\":\"KFH - Kanamoto Fecon Hassyu\",\"description\":\"C\u00f4ng ty c\u1ed5 ph\u1ea7n cho Thu\u00ea thi\u1ebft b\u1ecb\",\"publisher\":{\"@id\":\"https:\/\/kfh.com.vn\/en\/#\/schema\/person\/d9abb8c80170ac74d437a77950ff3f60\"},\"potentialAction\":[{\"@type\":\"SearchAction\",\"target\":{\"@type\":\"EntryPoint\",\"urlTemplate\":\"https:\/\/kfh.com.vn\/en\/?s={search_term_string}\"},\"query-input\":\"required name=search_term_string\"}],\"inLanguage\":\"ja\"},{\"@type\":[\"Person\",\"Organization\"],\"@id\":\"https:\/\/kfh.com.vn\/en\/#\/schema\/person\/d9abb8c80170ac74d437a77950ff3f60\",\"name\":\"kfh\",\"image\":{\"@type\":\"ImageObject\",\"inLanguage\":\"ja\",\"@id\":\"https:\/\/kfh.com.vn\/en\/#\/schema\/person\/image\/\",\"url\":\"https:\/\/secure.gravatar.com\/avatar\/5ebb68e80ab022176e9fc383a566aaee?s=96&d=mm&r=g\",\"contentUrl\":\"https:\/\/secure.gravatar.com\/avatar\/5ebb68e80ab022176e9fc383a566aaee?s=96&d=mm&r=g\",\"caption\":\"kfh\"},\"logo\":{\"@id\":\"https:\/\/kfh.com.vn\/en\/#\/schema\/person\/image\/\"}}]}<\/script>\n<!-- \/ Yoast SEO plugin. -->","yoast_head_json":{"title":"M\u00e1y n\u00e9n kh\u00ed AIRMAN PDS655S (18.5 m3\/ph) | Thu\u00ea m\u00e1y n\u00e9n kh\u00ed | KFH","description":"M\u00e1y n\u00e9n kh\u00ed AIRMAN PDS655S (18.5 m3\/ph) | Thu\u00ea m\u00e1y n\u00e9n kh\u00ed | KFH - \u0110\u01a1n v\u1ecb cho thu\u00ea m\u00e1y m\u00f3c x\u00e2y d\u1ef1ng gi\u00e1 t\u1ed1t, m\u00e1y m\u1edbi, cam k\u1ebft ch\u1ea5t l\u01b0\u1ee3ng...","robots":{"index":"index","follow":"follow","max-snippet":"max-snippet:-1","max-image-preview":"max-image-preview:large","max-video-preview":"max-video-preview:-1"},"canonical":"https:\/\/kfh.com.vn\/san-pham\/may-nen-khi-airman-pds655s-18-5-m3-ph\/","og_locale":"ja_JP","og_type":"article","og_title":"M\u00e1y n\u00e9n kh\u00ed AIRMAN PDS655S (18.5 m3\/ph) | Thu\u00ea m\u00e1y n\u00e9n kh\u00ed | KFH","og_description":"M\u00e1y n\u00e9n kh\u00ed AIRMAN PDS655S (18.5 m3\/ph) | Thu\u00ea m\u00e1y n\u00e9n kh\u00ed | KFH - \u0110\u01a1n v\u1ecb cho thu\u00ea m\u00e1y m\u00f3c x\u00e2y d\u1ef1ng gi\u00e1 t\u1ed1t, m\u00e1y m\u1edbi, cam k\u1ebft ch\u1ea5t l\u01b0\u1ee3ng...","og_url":"https:\/\/kfh.com.vn\/san-pham\/may-nen-khi-airman-pds655s-18-5-m3-ph\/","og_site_name":"KFH - Kanamoto Fecon Hassyu","article_modified_time":"2024-04-26T01:26:44+00:00","og_image":[{"width":800,"height":476,"url":"https:\/\/kfh.com.vn\/wp-content\/uploads\/2019\/12\/AIRMAN-PDS-655S.jpg","type":"image\/jpeg"}],"twitter_card":"summary_large_image","twitter_misc":{"\u63a8\u5b9a\u8aad\u307f\u53d6\u308a\u6642\u9593":"7\u5206"},"schema":{"@context":"https:\/\/schema.org","@graph":[{"@type":"WebPage","@id":"https:\/\/kfh.com.vn\/san-pham\/may-nen-khi-airman-pds655s-18-5-m3-ph\/","url":"https:\/\/kfh.com.vn\/san-pham\/may-nen-khi-airman-pds655s-18-5-m3-ph\/","name":"M\u00e1y n\u00e9n kh\u00ed AIRMAN PDS655S (18.5 m3\/ph) | Thu\u00ea m\u00e1y n\u00e9n kh\u00ed | KFH","isPartOf":{"@id":"https:\/\/kfh.com.vn\/en\/#website"},"datePublished":"2019-12-05T06:44:21+00:00","dateModified":"2024-04-26T01:26:44+00:00","description":"M\u00e1y n\u00e9n kh\u00ed AIRMAN PDS655S (18.5 m3\/ph) | Thu\u00ea m\u00e1y n\u00e9n kh\u00ed | KFH - \u0110\u01a1n v\u1ecb cho thu\u00ea m\u00e1y m\u00f3c x\u00e2y d\u1ef1ng gi\u00e1 t\u1ed1t, m\u00e1y m\u1edbi, cam k\u1ebft ch\u1ea5t l\u01b0\u1ee3ng...","breadcrumb":{"@id":"https:\/\/kfh.com.vn\/san-pham\/may-nen-khi-airman-pds655s-18-5-m3-ph\/#breadcrumb"},"inLanguage":"ja","potentialAction":[{"@type":"ReadAction","target":["https:\/\/kfh.com.vn\/san-pham\/may-nen-khi-airman-pds655s-18-5-m3-ph\/"]}]},{"@type":"BreadcrumbList","@id":"https:\/\/kfh.com.vn\/san-pham\/may-nen-khi-airman-pds655s-18-5-m3-ph\/#breadcrumb","itemListElement":[{"@type":"ListItem","position":1,"name":"Trang ch\u1ee7","item":"https:\/\/kfh.com.vn\/"},{"@type":"ListItem","position":2,"name":"C\u1eeda h\u00e0ng","item":"https:\/\/kfh.com.vn\/en\/mua\/"},{"@type":"ListItem","position":3,"name":"M\u00e1y n\u00e9n kh\u00ed AIRMAN PDS655S (18.5 m3\/ph)"}]},{"@type":"WebSite","@id":"https:\/\/kfh.com.vn\/en\/#website","url":"https:\/\/kfh.com.vn\/en\/","name":"KFH - Kanamoto Fecon Hassyu","description":"C\u00f4ng ty c\u1ed5 ph\u1ea7n cho Thu\u00ea thi\u1ebft b\u1ecb","publisher":{"@id":"https:\/\/kfh.com.vn\/en\/#\/schema\/person\/d9abb8c80170ac74d437a77950ff3f60"},"potentialAction":[{"@type":"SearchAction","target":{"@type":"EntryPoint","urlTemplate":"https:\/\/kfh.com.vn\/en\/?s={search_term_string}"},"query-input":"required name=search_term_string"}],"inLanguage":"ja"},{"@type":["Person","Organization"],"@id":"https:\/\/kfh.com.vn\/en\/#\/schema\/person\/d9abb8c80170ac74d437a77950ff3f60","name":"kfh","image":{"@type":"ImageObject","inLanguage":"ja","@id":"https:\/\/kfh.com.vn\/en\/#\/schema\/person\/image\/","url":"https:\/\/secure.gravatar.com\/avatar\/5ebb68e80ab022176e9fc383a566aaee?s=96&d=mm&r=g","contentUrl":"https:\/\/secure.gravatar.com\/avatar\/5ebb68e80ab022176e9fc383a566aaee?s=96&d=mm&r=g","caption":"kfh"},"logo":{"@id":"https:\/\/kfh.com.vn\/en\/#\/schema\/person\/image\/"}}]}},"_links":{"self":[{"href":"https:\/\/kfh.com.vn\/ja\/wp-json\/wp\/v2\/product\/208"}],"collection":[{"href":"https:\/\/kfh.com.vn\/ja\/wp-json\/wp\/v2\/product"}],"about":[{"href":"https:\/\/kfh.com.vn\/ja\/wp-json\/wp\/v2\/types\/product"}],"replies":[{"embeddable":true,"href":"https:\/\/kfh.com.vn\/ja\/wp-json\/wp\/v2\/comments?post=208"}],"wp:featuredmedia":[{"embeddable":true,"href":"https:\/\/kfh.com.vn\/ja\/wp-json\/wp\/v2\/media\/209"}],"wp:attachment":[{"href":"https:\/\/kfh.com.vn\/ja\/wp-json\/wp\/v2\/media?parent=208"}],"wp:term":[{"taxonomy":"product_cat","embeddable":true,"href":"https:\/\/kfh.com.vn\/ja\/wp-json\/wp\/v2\/product_cat?post=208"},{"taxonomy":"product_tag","embeddable":true,"href":"https:\/\/kfh.com.vn\/ja\/wp-json\/wp\/v2\/product_tag?post=208"}],"curies":[{"name":"wp","href":"https:\/\/api.w.org\/{rel}","templated":true}]}}