{"id":185,"date":"2019-12-05T06:05:34","date_gmt":"2019-12-05T06:05:34","guid":{"rendered":"http:\/\/khachhang2.web3b.com\/kfh\/?post_type=product&#038;p=185"},"modified":"2020-08-20T07:46:31","modified_gmt":"2020-08-20T07:46:31","slug":"may-nen-khi-airman-pds265s","status":"publish","type":"product","link":"https:\/\/kfh.com.vn\/ja\/san-pham\/may-nen-khi-airman-pds265s\/","title":{"rendered":"(Ti\u1ebfng Vi\u1ec7t) M\u00e1y n\u00e9n kh\u00ed AIRMAN PDS265S (7.5 m3\/ph)"},"content":{"rendered":"<p class=\"qtranxs-available-languages-message qtranxs-available-languages-message-ja\">\u7533\u3057\u8a33\u3042\u308a\u307e\u305b\u3093\u3001\u3053\u306e\u30b3\u30f3\u30c6\u30f3\u30c4\u306f\u305f\u3060\u4eca\u3000<a href=\"https:\/\/kfh.com.vn\/vi\/wp-json\/wp\/v2\/product\/185\" class=\"qtranxs-available-language-link qtranxs-available-language-link-vi\" title=\"Ti\u1ebfng Vi\u1ec7t\">\u30d9\u30c8\u30ca\u30e0\u8a9e<\/a>\u3068 <a href=\"https:\/\/kfh.com.vn\/en\/wp-json\/wp\/v2\/product\/185\" class=\"qtranxs-available-language-link qtranxs-available-language-link-en\" title=\"English\">\u30a2\u30e1\u30ea\u30ab\u82f1\u8a9e<\/a>\u3000\u306e\u307f\u3067\u3059\u3002<\/p>","protected":false},"excerpt":{"rendered":"<p class=\"qtranxs-available-languages-message qtranxs-available-languages-message-ja\">\u7533\u3057\u8a33\u3042\u308a\u307e\u305b\u3093\u3001\u3053\u306e\u30b3\u30f3\u30c6\u30f3\u30c4\u306f\u305f\u3060\u4eca\u3000<a href=\"https:\/\/kfh.com.vn\/vi\/wp-json\/wp\/v2\/product\/185\" class=\"qtranxs-available-language-link qtranxs-available-language-link-vi\" title=\"Ti\u1ebfng Vi\u1ec7t\">\u30d9\u30c8\u30ca\u30e0\u8a9e<\/a>\u3068 <a href=\"https:\/\/kfh.com.vn\/en\/wp-json\/wp\/v2\/product\/185\" class=\"qtranxs-available-language-link qtranxs-available-language-link-en\" title=\"English\">\u30a2\u30e1\u30ea\u30ab\u82f1\u8a9e<\/a>\u3000\u306e\u307f\u3067\u3059\u3002<\/p>\n","protected":false},"featured_media":233,"comment_status":"open","ping_status":"closed","template":"","meta":[],"product_cat":[22],"product_tag":[72,70,73,80,71,69,75,74],"yoast_head":"<!-- This site is optimized with the Yoast SEO plugin v21.5 - https:\/\/yoast.com\/wordpress\/plugins\/seo\/ -->\n<title><\/title>\n<meta name=\"robots\" content=\"index, follow, max-snippet:-1, max-image-preview:large, max-video-preview:-1\" \/>\n<link rel=\"canonical\" href=\"https:\/\/kfh.com.vn\/san-pham\/may-nen-khi-airman-pds265s\/\" \/>\n<meta property=\"og:locale\" content=\"ja_JP\" \/>\n<meta property=\"og:type\" content=\"article\" \/>\n<meta property=\"og:title\" content=\"[:vi]M\u00e1y n\u00e9n kh\u00ed AIRMAN PDS265S (7.5 m3\/ph)[:en]Air compressor AIRMAN PDS265S (7.5 m3\/ph)[:] - KFH - Kanamoto Fecon Hassyu\" \/>\n<meta property=\"og:description\" content=\"[:vi]M\u00e1y n\u00e9n kh\u00ed AIRMAN PDS 265S\u00a0 l\u00e0 d\u00f2ng m\u00e1y \u0111\u01b0\u1ee3c s\u1ea3n xu\u1ea5t b\u1edfi t\u1eadp \u0111o\u00e0n s\u1ed1 1 Nh\u1eadt B\u1ea3n v\u1ec1\u00a0 s\u1ea3n xu\u1ea5t m\u00e1y n\u00e9n kh\u00ed, m\u00e1y \u0111\u01b0\u1ee3c c\u00e1ch \u00e2m ch\u1ed1ng \u1ed3n, s\u1eed d\u1ee5ng nhi\u00ean li\u1ec7u diezel v\u1edbi b\u1ed9 \u0111\u1ea7u n\u00e9n tr\u1ee5c v\u00edt cho ra c\u00f4ng su\u1ea5t 7.5 m3\/ph \u00e1p su\u1ea5t t\u1ed1i \u0111a 7 bar.  &nbsp;[:en]AIRMAN PDS 265S Air Compressor is a series of air compressors manufactured by Japan&#039;s No. 1 corporation in the production of air compressors, the machine is soundproofed against noise, using diesel fuel with a screw compressor for a capacity of 7.5 m3. \/ ph pressure up to 7 bar.[:]\" \/>\n<meta property=\"og:url\" content=\"https:\/\/kfh.com.vn\/san-pham\/may-nen-khi-airman-pds265s\/\" \/>\n<meta property=\"og:site_name\" content=\"KFH - Kanamoto Fecon Hassyu\" \/>\n<meta property=\"article:modified_time\" content=\"2020-08-20T07:46:31+00:00\" \/>\n<meta property=\"og:image\" content=\"https:\/\/kfh.com.vn\/wp-content\/uploads\/2019\/12\/AIRMAN-PDS265S-..jpg\" \/>\n\t<meta property=\"og:image:width\" content=\"800\" \/>\n\t<meta property=\"og:image:height\" content=\"600\" \/>\n\t<meta property=\"og:image:type\" content=\"image\/jpeg\" \/>\n<meta name=\"twitter:card\" content=\"summary_large_image\" \/>\n<meta name=\"twitter:label1\" content=\"\u63a8\u5b9a\u8aad\u307f\u53d6\u308a\u6642\u9593\" \/>\n\t<meta name=\"twitter:data1\" content=\"1\u5206\" \/>\n<script type=\"application\/ld+json\" class=\"yoast-schema-graph\">{\"@context\":\"https:\/\/schema.org\",\"@graph\":[{\"@type\":\"WebPage\",\"@id\":\"https:\/\/kfh.com.vn\/san-pham\/may-nen-khi-airman-pds265s\/\",\"url\":\"https:\/\/kfh.com.vn\/san-pham\/may-nen-khi-airman-pds265s\/\",\"name\":\"[:vi]M\u00e1y n\u00e9n kh\u00ed AIRMAN PDS265S (7.5 m3\/ph)[:en]Air compressor AIRMAN PDS265S (7.5 m3\/ph)[:] - KFH - Kanamoto Fecon Hassyu\",\"isPartOf\":{\"@id\":\"https:\/\/kfh.com.vn\/en\/#website\"},\"datePublished\":\"2019-12-05T06:05:34+00:00\",\"dateModified\":\"2020-08-20T07:46:31+00:00\",\"breadcrumb\":{\"@id\":\"https:\/\/kfh.com.vn\/san-pham\/may-nen-khi-airman-pds265s\/#breadcrumb\"},\"inLanguage\":\"ja\",\"potentialAction\":[{\"@type\":\"ReadAction\",\"target\":[\"https:\/\/kfh.com.vn\/san-pham\/may-nen-khi-airman-pds265s\/\"]}]},{\"@type\":\"BreadcrumbList\",\"@id\":\"https:\/\/kfh.com.vn\/san-pham\/may-nen-khi-airman-pds265s\/#breadcrumb\",\"itemListElement\":[{\"@type\":\"ListItem\",\"position\":1,\"name\":\"Trang ch\u1ee7\",\"item\":\"https:\/\/kfh.com.vn\/\"},{\"@type\":\"ListItem\",\"position\":2,\"name\":\"C\u1eeda h\u00e0ng\",\"item\":\"https:\/\/kfh.com.vn\/en\/mua\/\"},{\"@type\":\"ListItem\",\"position\":3,\"name\":\"M\u00e1y n\u00e9n kh\u00ed AIRMAN PDS265S (7.5 m3\/ph)\"}]},{\"@type\":\"WebSite\",\"@id\":\"https:\/\/kfh.com.vn\/en\/#website\",\"url\":\"https:\/\/kfh.com.vn\/en\/\",\"name\":\"KFH - Kanamoto Fecon Hassyu\",\"description\":\"C\u00f4ng ty c\u1ed5 ph\u1ea7n cho Thu\u00ea thi\u1ebft b\u1ecb\",\"publisher\":{\"@id\":\"https:\/\/kfh.com.vn\/en\/#\/schema\/person\/d9abb8c80170ac74d437a77950ff3f60\"},\"potentialAction\":[{\"@type\":\"SearchAction\",\"target\":{\"@type\":\"EntryPoint\",\"urlTemplate\":\"https:\/\/kfh.com.vn\/en\/?s={search_term_string}\"},\"query-input\":\"required name=search_term_string\"}],\"inLanguage\":\"ja\"},{\"@type\":[\"Person\",\"Organization\"],\"@id\":\"https:\/\/kfh.com.vn\/en\/#\/schema\/person\/d9abb8c80170ac74d437a77950ff3f60\",\"name\":\"kfh\",\"image\":{\"@type\":\"ImageObject\",\"inLanguage\":\"ja\",\"@id\":\"https:\/\/kfh.com.vn\/en\/#\/schema\/person\/image\/\",\"url\":\"https:\/\/secure.gravatar.com\/avatar\/5ebb68e80ab022176e9fc383a566aaee?s=96&d=mm&r=g\",\"contentUrl\":\"https:\/\/secure.gravatar.com\/avatar\/5ebb68e80ab022176e9fc383a566aaee?s=96&d=mm&r=g\",\"caption\":\"kfh\"},\"logo\":{\"@id\":\"https:\/\/kfh.com.vn\/en\/#\/schema\/person\/image\/\"}}]}<\/script>\n<!-- \/ Yoast SEO plugin. -->","yoast_head_json":{"title":"[:vi]M\u00e1y n\u00e9n kh\u00ed AIRMAN PDS265S (7.5 m3\/ph)[:en]Air compressor AIRMAN PDS265S (7.5 m3\/ph)[:] - KFH - Kanamoto Fecon Hassyu","robots":{"index":"index","follow":"follow","max-snippet":"max-snippet:-1","max-image-preview":"max-image-preview:large","max-video-preview":"max-video-preview:-1"},"canonical":"https:\/\/kfh.com.vn\/san-pham\/may-nen-khi-airman-pds265s\/","og_locale":"ja_JP","og_type":"article","og_title":"[:vi]M\u00e1y n\u00e9n kh\u00ed AIRMAN PDS265S (7.5 m3\/ph)[:en]Air compressor AIRMAN PDS265S (7.5 m3\/ph)[:] - KFH - Kanamoto Fecon Hassyu","og_description":"[:vi]M\u00e1y n\u00e9n kh\u00ed AIRMAN PDS 265S\u00a0 l\u00e0 d\u00f2ng m\u00e1y \u0111\u01b0\u1ee3c s\u1ea3n xu\u1ea5t b\u1edfi t\u1eadp \u0111o\u00e0n s\u1ed1 1 Nh\u1eadt B\u1ea3n v\u1ec1\u00a0 s\u1ea3n xu\u1ea5t m\u00e1y n\u00e9n kh\u00ed, m\u00e1y \u0111\u01b0\u1ee3c c\u00e1ch \u00e2m ch\u1ed1ng \u1ed3n, s\u1eed d\u1ee5ng nhi\u00ean li\u1ec7u diezel v\u1edbi b\u1ed9 \u0111\u1ea7u n\u00e9n tr\u1ee5c v\u00edt cho ra c\u00f4ng su\u1ea5t 7.5 m3\/ph \u00e1p su\u1ea5t t\u1ed1i \u0111a 7 bar.  &nbsp;[:en]AIRMAN PDS 265S Air Compressor is a series of air compressors manufactured by Japan's No. 1 corporation in the production of air compressors, the machine is soundproofed against noise, using diesel fuel with a screw compressor for a capacity of 7.5 m3. \/ ph pressure up to 7 bar.[:]","og_url":"https:\/\/kfh.com.vn\/san-pham\/may-nen-khi-airman-pds265s\/","og_site_name":"KFH - Kanamoto Fecon Hassyu","article_modified_time":"2020-08-20T07:46:31+00:00","og_image":[{"width":800,"height":600,"url":"https:\/\/kfh.com.vn\/wp-content\/uploads\/2019\/12\/AIRMAN-PDS265S-..jpg","type":"image\/jpeg"}],"twitter_card":"summary_large_image","twitter_misc":{"\u63a8\u5b9a\u8aad\u307f\u53d6\u308a\u6642\u9593":"1\u5206"},"schema":{"@context":"https:\/\/schema.org","@graph":[{"@type":"WebPage","@id":"https:\/\/kfh.com.vn\/san-pham\/may-nen-khi-airman-pds265s\/","url":"https:\/\/kfh.com.vn\/san-pham\/may-nen-khi-airman-pds265s\/","name":"[:vi]M\u00e1y n\u00e9n kh\u00ed AIRMAN PDS265S (7.5 m3\/ph)[:en]Air compressor AIRMAN PDS265S (7.5 m3\/ph)[:] - KFH - Kanamoto Fecon Hassyu","isPartOf":{"@id":"https:\/\/kfh.com.vn\/en\/#website"},"datePublished":"2019-12-05T06:05:34+00:00","dateModified":"2020-08-20T07:46:31+00:00","breadcrumb":{"@id":"https:\/\/kfh.com.vn\/san-pham\/may-nen-khi-airman-pds265s\/#breadcrumb"},"inLanguage":"ja","potentialAction":[{"@type":"ReadAction","target":["https:\/\/kfh.com.vn\/san-pham\/may-nen-khi-airman-pds265s\/"]}]},{"@type":"BreadcrumbList","@id":"https:\/\/kfh.com.vn\/san-pham\/may-nen-khi-airman-pds265s\/#breadcrumb","itemListElement":[{"@type":"ListItem","position":1,"name":"Trang ch\u1ee7","item":"https:\/\/kfh.com.vn\/"},{"@type":"ListItem","position":2,"name":"C\u1eeda h\u00e0ng","item":"https:\/\/kfh.com.vn\/en\/mua\/"},{"@type":"ListItem","position":3,"name":"M\u00e1y n\u00e9n kh\u00ed AIRMAN PDS265S (7.5 m3\/ph)"}]},{"@type":"WebSite","@id":"https:\/\/kfh.com.vn\/en\/#website","url":"https:\/\/kfh.com.vn\/en\/","name":"KFH - Kanamoto Fecon Hassyu","description":"C\u00f4ng ty c\u1ed5 ph\u1ea7n cho Thu\u00ea thi\u1ebft b\u1ecb","publisher":{"@id":"https:\/\/kfh.com.vn\/en\/#\/schema\/person\/d9abb8c80170ac74d437a77950ff3f60"},"potentialAction":[{"@type":"SearchAction","target":{"@type":"EntryPoint","urlTemplate":"https:\/\/kfh.com.vn\/en\/?s={search_term_string}"},"query-input":"required name=search_term_string"}],"inLanguage":"ja"},{"@type":["Person","Organization"],"@id":"https:\/\/kfh.com.vn\/en\/#\/schema\/person\/d9abb8c80170ac74d437a77950ff3f60","name":"kfh","image":{"@type":"ImageObject","inLanguage":"ja","@id":"https:\/\/kfh.com.vn\/en\/#\/schema\/person\/image\/","url":"https:\/\/secure.gravatar.com\/avatar\/5ebb68e80ab022176e9fc383a566aaee?s=96&d=mm&r=g","contentUrl":"https:\/\/secure.gravatar.com\/avatar\/5ebb68e80ab022176e9fc383a566aaee?s=96&d=mm&r=g","caption":"kfh"},"logo":{"@id":"https:\/\/kfh.com.vn\/en\/#\/schema\/person\/image\/"}}]}},"_links":{"self":[{"href":"https:\/\/kfh.com.vn\/ja\/wp-json\/wp\/v2\/product\/185"}],"collection":[{"href":"https:\/\/kfh.com.vn\/ja\/wp-json\/wp\/v2\/product"}],"about":[{"href":"https:\/\/kfh.com.vn\/ja\/wp-json\/wp\/v2\/types\/product"}],"replies":[{"embeddable":true,"href":"https:\/\/kfh.com.vn\/ja\/wp-json\/wp\/v2\/comments?post=185"}],"wp:featuredmedia":[{"embeddable":true,"href":"https:\/\/kfh.com.vn\/ja\/wp-json\/wp\/v2\/media\/233"}],"wp:attachment":[{"href":"https:\/\/kfh.com.vn\/ja\/wp-json\/wp\/v2\/media?parent=185"}],"wp:term":[{"taxonomy":"product_cat","embeddable":true,"href":"https:\/\/kfh.com.vn\/ja\/wp-json\/wp\/v2\/product_cat?post=185"},{"taxonomy":"product_tag","embeddable":true,"href":"https:\/\/kfh.com.vn\/ja\/wp-json\/wp\/v2\/product_tag?post=185"}],"curies":[{"name":"wp","href":"https:\/\/api.w.org\/{rel}","templated":true}]}}