{"id":166,"date":"2019-12-04T06:56:34","date_gmt":"2019-12-04T06:56:34","guid":{"rendered":"http:\/\/khachhang2.web3b.com\/kfh\/?post_type=product&#038;p=166"},"modified":"2023-12-26T23:51:36","modified_gmt":"2023-12-26T16:51:36","slug":"may-xuc-dao-banh-xich-komatsu-pc120-6e","status":"publish","type":"product","link":"https:\/\/kfh.com.vn\/ja\/san-pham\/may-xuc-dao-banh-xich-komatsu-pc120-6e\/","title":{"rendered":"(Ti\u1ebfng Vi\u1ec7t) M\u00e1y x\u00fac \u0111\u00e0o b\u00e1nh x\u00edch Komatsu PC120-6E"},"content":{"rendered":"<p class=\"qtranxs-available-languages-message qtranxs-available-languages-message-ja\">\u7533\u3057\u8a33\u3042\u308a\u307e\u305b\u3093\u3001\u3053\u306e\u30b3\u30f3\u30c6\u30f3\u30c4\u306f\u305f\u3060\u4eca\u3000<a href=\"https:\/\/kfh.com.vn\/vi\/wp-json\/wp\/v2\/product\/166\" class=\"qtranxs-available-language-link qtranxs-available-language-link-vi\" title=\"Ti\u1ebfng Vi\u1ec7t\">\u30d9\u30c8\u30ca\u30e0\u8a9e<\/a>\u3068 <a href=\"https:\/\/kfh.com.vn\/en\/wp-json\/wp\/v2\/product\/166\" class=\"qtranxs-available-language-link qtranxs-available-language-link-en\" title=\"English\">\u30a2\u30e1\u30ea\u30ab\u82f1\u8a9e<\/a>\u3000\u306e\u307f\u3067\u3059\u3002<\/p>","protected":false},"excerpt":{"rendered":"<p class=\"qtranxs-available-languages-message qtranxs-available-languages-message-ja\">\u7533\u3057\u8a33\u3042\u308a\u307e\u305b\u3093\u3001\u3053\u306e\u30b3\u30f3\u30c6\u30f3\u30c4\u306f\u305f\u3060\u4eca\u3000<a href=\"https:\/\/kfh.com.vn\/vi\/wp-json\/wp\/v2\/product\/166\" class=\"qtranxs-available-language-link qtranxs-available-language-link-vi\" title=\"Ti\u1ebfng Vi\u1ec7t\">\u30d9\u30c8\u30ca\u30e0\u8a9e<\/a>\u3068 <a href=\"https:\/\/kfh.com.vn\/en\/wp-json\/wp\/v2\/product\/166\" class=\"qtranxs-available-language-link qtranxs-available-language-link-en\" title=\"English\">\u30a2\u30e1\u30ea\u30ab\u82f1\u8a9e<\/a>\u3000\u306e\u307f\u3067\u3059\u3002<\/p>\n","protected":false},"featured_media":170,"comment_status":"open","ping_status":"closed","template":"","meta":[],"product_cat":[26],"product_tag":[98,97,94,95,99],"yoast_head":"<!-- This site is optimized with the Yoast SEO plugin v21.5 - https:\/\/yoast.com\/wordpress\/plugins\/seo\/ -->\n<title><\/title>\n<meta name=\"robots\" content=\"index, follow, max-snippet:-1, max-image-preview:large, max-video-preview:-1\" \/>\n<link rel=\"canonical\" href=\"https:\/\/kfh.com.vn\/san-pham\/may-xuc-dao-banh-xich-komatsu-pc120-6e\/\" \/>\n<meta property=\"og:locale\" content=\"ja_JP\" \/>\n<meta property=\"og:type\" content=\"article\" \/>\n<meta property=\"og:title\" content=\"[:vi]M\u00e1y x\u00fac \u0111\u00e0o b\u00e1nh x\u00edch Komatsu PC120-6E[:en]Excavator Komatsu PC120-6E[:] - KFH - Kanamoto Fecon Hassyu\" \/>\n<meta property=\"og:description\" content=\"[:vi]M\u00e1y \u0111\u00e0o b\u00e1nh x\u00edch Komatsu PC120-6E v\u1edbi dung t\u00edch g\u00e0u 0.5 l\u00e0 lo\u1ea1i m\u00e1y c\u1ee1 trung b\u00ecnh, ph\u1ee5c v\u1ee5 c\u00e1c c\u00f4ng t\u00e1c \u0111\u00e0o \u0111\u1eafp, ph\u1ee5 tr\u1ee3 trong ph\u1ea1m vi v\u1eeba v\u00e0 nh\u1ecf. M\u00e1y \u0111\u01b0\u1ee3c b\u1ea3o tr\u00ec, b\u1ea3o d\u01b0\u1ee1ng theo \u0111\u00fang ti\u00eau chu\u1ea9n c\u1ee7a h\u00e3ng b\u1ea3o \u0111\u1ea3m ho\u1ea1t \u0111\u1ed9ng \u1ed5n \u0111\u1ecbnh, li\u00ean t\u1ee5c.  &nbsp;[:en]The Komatsu PC120-6E crawler excavator with 0.5 bucket capacity is a medium-sized machine for small and medium-sized earthwork and auxiliary works. The machine is maintained and maintained in accordance with the company&#039;s standards to ensure stable and continuous operation.[:]\" \/>\n<meta property=\"og:url\" content=\"https:\/\/kfh.com.vn\/san-pham\/may-xuc-dao-banh-xich-komatsu-pc120-6e\/\" \/>\n<meta property=\"og:site_name\" content=\"KFH - Kanamoto Fecon Hassyu\" \/>\n<meta property=\"article:modified_time\" content=\"2023-12-26T16:51:36+00:00\" \/>\n<meta property=\"og:image\" content=\"https:\/\/kfh.com.vn\/wp-content\/uploads\/2019\/12\/pc-120.jpg\" \/>\n\t<meta property=\"og:image:width\" content=\"500\" \/>\n\t<meta property=\"og:image:height\" content=\"384\" \/>\n\t<meta property=\"og:image:type\" content=\"image\/jpeg\" \/>\n<meta name=\"twitter:card\" content=\"summary_large_image\" \/>\n<meta name=\"twitter:label1\" content=\"\u63a8\u5b9a\u8aad\u307f\u53d6\u308a\u6642\u9593\" \/>\n\t<meta name=\"twitter:data1\" content=\"1\u5206\" \/>\n<script type=\"application\/ld+json\" class=\"yoast-schema-graph\">{\"@context\":\"https:\/\/schema.org\",\"@graph\":[{\"@type\":\"WebPage\",\"@id\":\"https:\/\/kfh.com.vn\/san-pham\/may-xuc-dao-banh-xich-komatsu-pc120-6e\/\",\"url\":\"https:\/\/kfh.com.vn\/san-pham\/may-xuc-dao-banh-xich-komatsu-pc120-6e\/\",\"name\":\"[:vi]M\u00e1y x\u00fac \u0111\u00e0o b\u00e1nh x\u00edch Komatsu PC120-6E[:en]Excavator Komatsu PC120-6E[:] - KFH - Kanamoto Fecon Hassyu\",\"isPartOf\":{\"@id\":\"https:\/\/kfh.com.vn\/en\/#website\"},\"datePublished\":\"2019-12-04T06:56:34+00:00\",\"dateModified\":\"2023-12-26T16:51:36+00:00\",\"breadcrumb\":{\"@id\":\"https:\/\/kfh.com.vn\/san-pham\/may-xuc-dao-banh-xich-komatsu-pc120-6e\/#breadcrumb\"},\"inLanguage\":\"ja\",\"potentialAction\":[{\"@type\":\"ReadAction\",\"target\":[\"https:\/\/kfh.com.vn\/san-pham\/may-xuc-dao-banh-xich-komatsu-pc120-6e\/\"]}]},{\"@type\":\"BreadcrumbList\",\"@id\":\"https:\/\/kfh.com.vn\/san-pham\/may-xuc-dao-banh-xich-komatsu-pc120-6e\/#breadcrumb\",\"itemListElement\":[{\"@type\":\"ListItem\",\"position\":1,\"name\":\"Trang ch\u1ee7\",\"item\":\"https:\/\/kfh.com.vn\/\"},{\"@type\":\"ListItem\",\"position\":2,\"name\":\"C\u1eeda h\u00e0ng\",\"item\":\"https:\/\/kfh.com.vn\/en\/mua\/\"},{\"@type\":\"ListItem\",\"position\":3,\"name\":\"M\u00e1y x\u00fac \u0111\u00e0o b\u00e1nh x\u00edch Komatsu PC120-6E\"}]},{\"@type\":\"WebSite\",\"@id\":\"https:\/\/kfh.com.vn\/en\/#website\",\"url\":\"https:\/\/kfh.com.vn\/en\/\",\"name\":\"KFH - Kanamoto Fecon Hassyu\",\"description\":\"C\u00f4ng ty c\u1ed5 ph\u1ea7n cho Thu\u00ea thi\u1ebft b\u1ecb\",\"publisher\":{\"@id\":\"https:\/\/kfh.com.vn\/en\/#\/schema\/person\/d9abb8c80170ac74d437a77950ff3f60\"},\"potentialAction\":[{\"@type\":\"SearchAction\",\"target\":{\"@type\":\"EntryPoint\",\"urlTemplate\":\"https:\/\/kfh.com.vn\/en\/?s={search_term_string}\"},\"query-input\":\"required name=search_term_string\"}],\"inLanguage\":\"ja\"},{\"@type\":[\"Person\",\"Organization\"],\"@id\":\"https:\/\/kfh.com.vn\/en\/#\/schema\/person\/d9abb8c80170ac74d437a77950ff3f60\",\"name\":\"kfh\",\"image\":{\"@type\":\"ImageObject\",\"inLanguage\":\"ja\",\"@id\":\"https:\/\/kfh.com.vn\/en\/#\/schema\/person\/image\/\",\"url\":\"https:\/\/secure.gravatar.com\/avatar\/5ebb68e80ab022176e9fc383a566aaee?s=96&d=mm&r=g\",\"contentUrl\":\"https:\/\/secure.gravatar.com\/avatar\/5ebb68e80ab022176e9fc383a566aaee?s=96&d=mm&r=g\",\"caption\":\"kfh\"},\"logo\":{\"@id\":\"https:\/\/kfh.com.vn\/en\/#\/schema\/person\/image\/\"}}]}<\/script>\n<!-- \/ Yoast SEO plugin. -->","yoast_head_json":{"title":"[:vi]M\u00e1y x\u00fac \u0111\u00e0o b\u00e1nh x\u00edch Komatsu PC120-6E[:en]Excavator Komatsu PC120-6E[:] - KFH - Kanamoto Fecon Hassyu","robots":{"index":"index","follow":"follow","max-snippet":"max-snippet:-1","max-image-preview":"max-image-preview:large","max-video-preview":"max-video-preview:-1"},"canonical":"https:\/\/kfh.com.vn\/san-pham\/may-xuc-dao-banh-xich-komatsu-pc120-6e\/","og_locale":"ja_JP","og_type":"article","og_title":"[:vi]M\u00e1y x\u00fac \u0111\u00e0o b\u00e1nh x\u00edch Komatsu PC120-6E[:en]Excavator Komatsu PC120-6E[:] - KFH - Kanamoto Fecon Hassyu","og_description":"[:vi]M\u00e1y \u0111\u00e0o b\u00e1nh x\u00edch Komatsu PC120-6E v\u1edbi dung t\u00edch g\u00e0u 0.5 l\u00e0 lo\u1ea1i m\u00e1y c\u1ee1 trung b\u00ecnh, ph\u1ee5c v\u1ee5 c\u00e1c c\u00f4ng t\u00e1c \u0111\u00e0o \u0111\u1eafp, ph\u1ee5 tr\u1ee3 trong ph\u1ea1m vi v\u1eeba v\u00e0 nh\u1ecf. M\u00e1y \u0111\u01b0\u1ee3c b\u1ea3o tr\u00ec, b\u1ea3o d\u01b0\u1ee1ng theo \u0111\u00fang ti\u00eau chu\u1ea9n c\u1ee7a h\u00e3ng b\u1ea3o \u0111\u1ea3m ho\u1ea1t \u0111\u1ed9ng \u1ed5n \u0111\u1ecbnh, li\u00ean t\u1ee5c.  &nbsp;[:en]The Komatsu PC120-6E crawler excavator with 0.5 bucket capacity is a medium-sized machine for small and medium-sized earthwork and auxiliary works. The machine is maintained and maintained in accordance with the company's standards to ensure stable and continuous operation.[:]","og_url":"https:\/\/kfh.com.vn\/san-pham\/may-xuc-dao-banh-xich-komatsu-pc120-6e\/","og_site_name":"KFH - Kanamoto Fecon Hassyu","article_modified_time":"2023-12-26T16:51:36+00:00","og_image":[{"width":500,"height":384,"url":"https:\/\/kfh.com.vn\/wp-content\/uploads\/2019\/12\/pc-120.jpg","type":"image\/jpeg"}],"twitter_card":"summary_large_image","twitter_misc":{"\u63a8\u5b9a\u8aad\u307f\u53d6\u308a\u6642\u9593":"1\u5206"},"schema":{"@context":"https:\/\/schema.org","@graph":[{"@type":"WebPage","@id":"https:\/\/kfh.com.vn\/san-pham\/may-xuc-dao-banh-xich-komatsu-pc120-6e\/","url":"https:\/\/kfh.com.vn\/san-pham\/may-xuc-dao-banh-xich-komatsu-pc120-6e\/","name":"[:vi]M\u00e1y x\u00fac \u0111\u00e0o b\u00e1nh x\u00edch Komatsu PC120-6E[:en]Excavator Komatsu PC120-6E[:] - KFH - Kanamoto Fecon Hassyu","isPartOf":{"@id":"https:\/\/kfh.com.vn\/en\/#website"},"datePublished":"2019-12-04T06:56:34+00:00","dateModified":"2023-12-26T16:51:36+00:00","breadcrumb":{"@id":"https:\/\/kfh.com.vn\/san-pham\/may-xuc-dao-banh-xich-komatsu-pc120-6e\/#breadcrumb"},"inLanguage":"ja","potentialAction":[{"@type":"ReadAction","target":["https:\/\/kfh.com.vn\/san-pham\/may-xuc-dao-banh-xich-komatsu-pc120-6e\/"]}]},{"@type":"BreadcrumbList","@id":"https:\/\/kfh.com.vn\/san-pham\/may-xuc-dao-banh-xich-komatsu-pc120-6e\/#breadcrumb","itemListElement":[{"@type":"ListItem","position":1,"name":"Trang ch\u1ee7","item":"https:\/\/kfh.com.vn\/"},{"@type":"ListItem","position":2,"name":"C\u1eeda h\u00e0ng","item":"https:\/\/kfh.com.vn\/en\/mua\/"},{"@type":"ListItem","position":3,"name":"M\u00e1y x\u00fac \u0111\u00e0o b\u00e1nh x\u00edch Komatsu PC120-6E"}]},{"@type":"WebSite","@id":"https:\/\/kfh.com.vn\/en\/#website","url":"https:\/\/kfh.com.vn\/en\/","name":"KFH - Kanamoto Fecon Hassyu","description":"C\u00f4ng ty c\u1ed5 ph\u1ea7n cho Thu\u00ea thi\u1ebft b\u1ecb","publisher":{"@id":"https:\/\/kfh.com.vn\/en\/#\/schema\/person\/d9abb8c80170ac74d437a77950ff3f60"},"potentialAction":[{"@type":"SearchAction","target":{"@type":"EntryPoint","urlTemplate":"https:\/\/kfh.com.vn\/en\/?s={search_term_string}"},"query-input":"required name=search_term_string"}],"inLanguage":"ja"},{"@type":["Person","Organization"],"@id":"https:\/\/kfh.com.vn\/en\/#\/schema\/person\/d9abb8c80170ac74d437a77950ff3f60","name":"kfh","image":{"@type":"ImageObject","inLanguage":"ja","@id":"https:\/\/kfh.com.vn\/en\/#\/schema\/person\/image\/","url":"https:\/\/secure.gravatar.com\/avatar\/5ebb68e80ab022176e9fc383a566aaee?s=96&d=mm&r=g","contentUrl":"https:\/\/secure.gravatar.com\/avatar\/5ebb68e80ab022176e9fc383a566aaee?s=96&d=mm&r=g","caption":"kfh"},"logo":{"@id":"https:\/\/kfh.com.vn\/en\/#\/schema\/person\/image\/"}}]}},"_links":{"self":[{"href":"https:\/\/kfh.com.vn\/ja\/wp-json\/wp\/v2\/product\/166"}],"collection":[{"href":"https:\/\/kfh.com.vn\/ja\/wp-json\/wp\/v2\/product"}],"about":[{"href":"https:\/\/kfh.com.vn\/ja\/wp-json\/wp\/v2\/types\/product"}],"replies":[{"embeddable":true,"href":"https:\/\/kfh.com.vn\/ja\/wp-json\/wp\/v2\/comments?post=166"}],"wp:featuredmedia":[{"embeddable":true,"href":"https:\/\/kfh.com.vn\/ja\/wp-json\/wp\/v2\/media\/170"}],"wp:attachment":[{"href":"https:\/\/kfh.com.vn\/ja\/wp-json\/wp\/v2\/media?parent=166"}],"wp:term":[{"taxonomy":"product_cat","embeddable":true,"href":"https:\/\/kfh.com.vn\/ja\/wp-json\/wp\/v2\/product_cat?post=166"},{"taxonomy":"product_tag","embeddable":true,"href":"https:\/\/kfh.com.vn\/ja\/wp-json\/wp\/v2\/product_tag?post=166"}],"curies":[{"name":"wp","href":"https:\/\/api.w.org\/{rel}","templated":true}]}}