{"id":153,"date":"2019-12-03T09:51:30","date_gmt":"2019-12-03T09:51:30","guid":{"rendered":"http:\/\/khachhang2.web3b.com\/kfh\/?post_type=product&#038;p=153"},"modified":"2022-12-29T11:40:18","modified_gmt":"2022-12-29T04:40:18","slug":"xe-nang-nguoi-cat-keo-sv06b","status":"publish","type":"product","link":"https:\/\/kfh.com.vn\/ja\/san-pham\/xe-nang-nguoi-cat-keo-sv06b\/","title":{"rendered":"(Ti\u1ebfng Vi\u1ec7t) Xe n\u00e2ng ng\u01b0\u1eddi c\u1eaft k\u00e9o AICHI SV06B (8m)"},"content":{"rendered":"<p class=\"qtranxs-available-languages-message qtranxs-available-languages-message-ja\">\u7533\u3057\u8a33\u3042\u308a\u307e\u305b\u3093\u3001\u3053\u306e\u30b3\u30f3\u30c6\u30f3\u30c4\u306f\u305f\u3060\u4eca\u3000<a href=\"https:\/\/kfh.com.vn\/vi\/wp-json\/wp\/v2\/product\/153\" class=\"qtranxs-available-language-link qtranxs-available-language-link-vi\" title=\"Ti\u1ebfng Vi\u1ec7t\">\u30d9\u30c8\u30ca\u30e0\u8a9e<\/a>\u3068 <a href=\"https:\/\/kfh.com.vn\/en\/wp-json\/wp\/v2\/product\/153\" class=\"qtranxs-available-language-link qtranxs-available-language-link-en\" title=\"English\">\u30a2\u30e1\u30ea\u30ab\u82f1\u8a9e<\/a>\u3000\u306e\u307f\u3067\u3059\u3002<\/p>","protected":false},"excerpt":{"rendered":"<p class=\"qtranxs-available-languages-message qtranxs-available-languages-message-ja\">\u7533\u3057\u8a33\u3042\u308a\u307e\u305b\u3093\u3001\u3053\u306e\u30b3\u30f3\u30c6\u30f3\u30c4\u306f\u305f\u3060\u4eca\u3000<a href=\"https:\/\/kfh.com.vn\/vi\/wp-json\/wp\/v2\/product\/153\" class=\"qtranxs-available-language-link qtranxs-available-language-link-vi\" title=\"Ti\u1ebfng Vi\u1ec7t\">\u30d9\u30c8\u30ca\u30e0\u8a9e<\/a>\u3068 <a href=\"https:\/\/kfh.com.vn\/en\/wp-json\/wp\/v2\/product\/153\" class=\"qtranxs-available-language-link qtranxs-available-language-link-en\" title=\"English\">\u30a2\u30e1\u30ea\u30ab\u82f1\u8a9e<\/a>\u3000\u306e\u307f\u3067\u3059\u3002<\/p>\n","protected":false},"featured_media":149,"comment_status":"open","ping_status":"closed","template":"","meta":[],"product_cat":[24],"product_tag":[],"yoast_head":"<!-- This site is optimized with the Yoast SEO plugin v21.5 - https:\/\/yoast.com\/wordpress\/plugins\/seo\/ -->\n<title>Xe n\u00e2ng ng\u01b0\u1eddi c\u1eaft k\u00e9o Aichi SV06B (8M) - Gi\u00e1 thu\u00ea xe n\u00e2ng 2023 | KFH<\/title>\n<meta name=\"description\" content=\"Xe n\u00e2ng ng\u01b0\u1eddi c\u1eaft k\u00e9o Aichi SV06B (8M) | KFH- cho thu\u00ea xe n\u00e2ng ng\u01b0\u1eddi c\u1eaft k\u00e9o n\u1ed9i \u0111\u1ecba Nh\u1eadt, ch\u1ea5t l\u01b0\u1ee3ng, m\u1edbi 99%, ch\u00ednh h\u00e3ng, t\u1ed1i \u01b0u chi ph\u00ed.\" \/>\n<meta name=\"robots\" content=\"index, follow, max-snippet:-1, max-image-preview:large, max-video-preview:-1\" \/>\n<link rel=\"canonical\" href=\"https:\/\/kfh.com.vn\/san-pham\/xe-nang-nguoi-cat-keo-sv06b\/\" \/>\n<meta property=\"og:locale\" content=\"ja_JP\" \/>\n<meta property=\"og:type\" content=\"article\" \/>\n<meta property=\"og:title\" content=\"Xe n\u00e2ng ng\u01b0\u1eddi c\u1eaft k\u00e9o Aichi SV06B (8M) - Gi\u00e1 thu\u00ea xe n\u00e2ng 2023 | KFH\" \/>\n<meta property=\"og:description\" content=\"Xe n\u00e2ng ng\u01b0\u1eddi c\u1eaft k\u00e9o Aichi SV06B (8M) | KFH- cho thu\u00ea xe n\u00e2ng ng\u01b0\u1eddi c\u1eaft k\u00e9o n\u1ed9i \u0111\u1ecba Nh\u1eadt, ch\u1ea5t l\u01b0\u1ee3ng, m\u1edbi 99%, ch\u00ednh h\u00e3ng, t\u1ed1i \u01b0u chi ph\u00ed.\" \/>\n<meta property=\"og:url\" content=\"https:\/\/kfh.com.vn\/san-pham\/xe-nang-nguoi-cat-keo-sv06b\/\" \/>\n<meta property=\"og:site_name\" content=\"KFH - Kanamoto Fecon Hassyu\" \/>\n<meta property=\"article:modified_time\" content=\"2022-12-29T04:40:18+00:00\" \/>\n<meta property=\"og:image\" content=\"https:\/\/kfh.com.vn\/wp-content\/uploads\/2019\/12\/xe-nang-nguoi-cat-keo-6-m.jpg\" \/>\n\t<meta property=\"og:image:width\" content=\"1026\" \/>\n\t<meta property=\"og:image:height\" content=\"645\" \/>\n\t<meta property=\"og:image:type\" content=\"image\/jpeg\" \/>\n<meta name=\"twitter:card\" content=\"summary_large_image\" \/>\n<meta name=\"twitter:label1\" content=\"\u63a8\u5b9a\u8aad\u307f\u53d6\u308a\u6642\u9593\" \/>\n\t<meta name=\"twitter:data1\" content=\"12\u5206\" \/>\n<script type=\"application\/ld+json\" class=\"yoast-schema-graph\">{\"@context\":\"https:\/\/schema.org\",\"@graph\":[{\"@type\":\"WebPage\",\"@id\":\"https:\/\/kfh.com.vn\/san-pham\/xe-nang-nguoi-cat-keo-sv06b\/\",\"url\":\"https:\/\/kfh.com.vn\/san-pham\/xe-nang-nguoi-cat-keo-sv06b\/\",\"name\":\"Xe n\u00e2ng ng\u01b0\u1eddi c\u1eaft k\u00e9o Aichi SV06B (8M) - Gi\u00e1 thu\u00ea xe n\u00e2ng 2023 | KFH\",\"isPartOf\":{\"@id\":\"https:\/\/kfh.com.vn\/en\/#website\"},\"datePublished\":\"2019-12-03T09:51:30+00:00\",\"dateModified\":\"2022-12-29T04:40:18+00:00\",\"description\":\"Xe n\u00e2ng ng\u01b0\u1eddi c\u1eaft k\u00e9o Aichi SV06B (8M) | KFH- cho thu\u00ea xe n\u00e2ng ng\u01b0\u1eddi c\u1eaft k\u00e9o n\u1ed9i \u0111\u1ecba Nh\u1eadt, ch\u1ea5t l\u01b0\u1ee3ng, m\u1edbi 99%, ch\u00ednh h\u00e3ng, t\u1ed1i \u01b0u chi ph\u00ed.\",\"breadcrumb\":{\"@id\":\"https:\/\/kfh.com.vn\/san-pham\/xe-nang-nguoi-cat-keo-sv06b\/#breadcrumb\"},\"inLanguage\":\"ja\",\"potentialAction\":[{\"@type\":\"ReadAction\",\"target\":[\"https:\/\/kfh.com.vn\/san-pham\/xe-nang-nguoi-cat-keo-sv06b\/\"]}]},{\"@type\":\"BreadcrumbList\",\"@id\":\"https:\/\/kfh.com.vn\/san-pham\/xe-nang-nguoi-cat-keo-sv06b\/#breadcrumb\",\"itemListElement\":[{\"@type\":\"ListItem\",\"position\":1,\"name\":\"Trang ch\u1ee7\",\"item\":\"https:\/\/kfh.com.vn\/\"},{\"@type\":\"ListItem\",\"position\":2,\"name\":\"C\u1eeda h\u00e0ng\",\"item\":\"https:\/\/kfh.com.vn\/en\/mua\/\"},{\"@type\":\"ListItem\",\"position\":3,\"name\":\"Xe n\u00e2ng ng\u01b0\u1eddi c\u1eaft k\u00e9o AICHI SV06B (8m)\"}]},{\"@type\":\"WebSite\",\"@id\":\"https:\/\/kfh.com.vn\/en\/#website\",\"url\":\"https:\/\/kfh.com.vn\/en\/\",\"name\":\"KFH - Kanamoto Fecon Hassyu\",\"description\":\"C\u00f4ng ty c\u1ed5 ph\u1ea7n cho Thu\u00ea thi\u1ebft b\u1ecb\",\"publisher\":{\"@id\":\"https:\/\/kfh.com.vn\/en\/#\/schema\/person\/d9abb8c80170ac74d437a77950ff3f60\"},\"potentialAction\":[{\"@type\":\"SearchAction\",\"target\":{\"@type\":\"EntryPoint\",\"urlTemplate\":\"https:\/\/kfh.com.vn\/en\/?s={search_term_string}\"},\"query-input\":\"required name=search_term_string\"}],\"inLanguage\":\"ja\"},{\"@type\":[\"Person\",\"Organization\"],\"@id\":\"https:\/\/kfh.com.vn\/en\/#\/schema\/person\/d9abb8c80170ac74d437a77950ff3f60\",\"name\":\"kfh\",\"image\":{\"@type\":\"ImageObject\",\"inLanguage\":\"ja\",\"@id\":\"https:\/\/kfh.com.vn\/en\/#\/schema\/person\/image\/\",\"url\":\"https:\/\/secure.gravatar.com\/avatar\/5ebb68e80ab022176e9fc383a566aaee?s=96&d=mm&r=g\",\"contentUrl\":\"https:\/\/secure.gravatar.com\/avatar\/5ebb68e80ab022176e9fc383a566aaee?s=96&d=mm&r=g\",\"caption\":\"kfh\"},\"logo\":{\"@id\":\"https:\/\/kfh.com.vn\/en\/#\/schema\/person\/image\/\"}}]}<\/script>\n<!-- \/ Yoast SEO plugin. -->","yoast_head_json":{"title":"Xe n\u00e2ng ng\u01b0\u1eddi c\u1eaft k\u00e9o Aichi SV06B (8M) - Gi\u00e1 thu\u00ea xe n\u00e2ng 2023 | KFH","description":"Xe n\u00e2ng ng\u01b0\u1eddi c\u1eaft k\u00e9o Aichi SV06B (8M) | KFH- cho thu\u00ea xe n\u00e2ng ng\u01b0\u1eddi c\u1eaft k\u00e9o n\u1ed9i \u0111\u1ecba Nh\u1eadt, ch\u1ea5t l\u01b0\u1ee3ng, m\u1edbi 99%, ch\u00ednh h\u00e3ng, t\u1ed1i \u01b0u chi ph\u00ed.","robots":{"index":"index","follow":"follow","max-snippet":"max-snippet:-1","max-image-preview":"max-image-preview:large","max-video-preview":"max-video-preview:-1"},"canonical":"https:\/\/kfh.com.vn\/san-pham\/xe-nang-nguoi-cat-keo-sv06b\/","og_locale":"ja_JP","og_type":"article","og_title":"Xe n\u00e2ng ng\u01b0\u1eddi c\u1eaft k\u00e9o Aichi SV06B (8M) - Gi\u00e1 thu\u00ea xe n\u00e2ng 2023 | KFH","og_description":"Xe n\u00e2ng ng\u01b0\u1eddi c\u1eaft k\u00e9o Aichi SV06B (8M) | KFH- cho thu\u00ea xe n\u00e2ng ng\u01b0\u1eddi c\u1eaft k\u00e9o n\u1ed9i \u0111\u1ecba Nh\u1eadt, ch\u1ea5t l\u01b0\u1ee3ng, m\u1edbi 99%, ch\u00ednh h\u00e3ng, t\u1ed1i \u01b0u chi ph\u00ed.","og_url":"https:\/\/kfh.com.vn\/san-pham\/xe-nang-nguoi-cat-keo-sv06b\/","og_site_name":"KFH - Kanamoto Fecon Hassyu","article_modified_time":"2022-12-29T04:40:18+00:00","og_image":[{"width":1026,"height":645,"url":"https:\/\/kfh.com.vn\/wp-content\/uploads\/2019\/12\/xe-nang-nguoi-cat-keo-6-m.jpg","type":"image\/jpeg"}],"twitter_card":"summary_large_image","twitter_misc":{"\u63a8\u5b9a\u8aad\u307f\u53d6\u308a\u6642\u9593":"12\u5206"},"schema":{"@context":"https:\/\/schema.org","@graph":[{"@type":"WebPage","@id":"https:\/\/kfh.com.vn\/san-pham\/xe-nang-nguoi-cat-keo-sv06b\/","url":"https:\/\/kfh.com.vn\/san-pham\/xe-nang-nguoi-cat-keo-sv06b\/","name":"Xe n\u00e2ng ng\u01b0\u1eddi c\u1eaft k\u00e9o Aichi SV06B (8M) - Gi\u00e1 thu\u00ea xe n\u00e2ng 2023 | KFH","isPartOf":{"@id":"https:\/\/kfh.com.vn\/en\/#website"},"datePublished":"2019-12-03T09:51:30+00:00","dateModified":"2022-12-29T04:40:18+00:00","description":"Xe n\u00e2ng ng\u01b0\u1eddi c\u1eaft k\u00e9o Aichi SV06B (8M) | KFH- cho thu\u00ea xe n\u00e2ng ng\u01b0\u1eddi c\u1eaft k\u00e9o n\u1ed9i \u0111\u1ecba Nh\u1eadt, ch\u1ea5t l\u01b0\u1ee3ng, m\u1edbi 99%, ch\u00ednh h\u00e3ng, t\u1ed1i \u01b0u chi ph\u00ed.","breadcrumb":{"@id":"https:\/\/kfh.com.vn\/san-pham\/xe-nang-nguoi-cat-keo-sv06b\/#breadcrumb"},"inLanguage":"ja","potentialAction":[{"@type":"ReadAction","target":["https:\/\/kfh.com.vn\/san-pham\/xe-nang-nguoi-cat-keo-sv06b\/"]}]},{"@type":"BreadcrumbList","@id":"https:\/\/kfh.com.vn\/san-pham\/xe-nang-nguoi-cat-keo-sv06b\/#breadcrumb","itemListElement":[{"@type":"ListItem","position":1,"name":"Trang ch\u1ee7","item":"https:\/\/kfh.com.vn\/"},{"@type":"ListItem","position":2,"name":"C\u1eeda h\u00e0ng","item":"https:\/\/kfh.com.vn\/en\/mua\/"},{"@type":"ListItem","position":3,"name":"Xe n\u00e2ng ng\u01b0\u1eddi c\u1eaft k\u00e9o AICHI SV06B (8m)"}]},{"@type":"WebSite","@id":"https:\/\/kfh.com.vn\/en\/#website","url":"https:\/\/kfh.com.vn\/en\/","name":"KFH - Kanamoto Fecon Hassyu","description":"C\u00f4ng ty c\u1ed5 ph\u1ea7n cho Thu\u00ea thi\u1ebft b\u1ecb","publisher":{"@id":"https:\/\/kfh.com.vn\/en\/#\/schema\/person\/d9abb8c80170ac74d437a77950ff3f60"},"potentialAction":[{"@type":"SearchAction","target":{"@type":"EntryPoint","urlTemplate":"https:\/\/kfh.com.vn\/en\/?s={search_term_string}"},"query-input":"required name=search_term_string"}],"inLanguage":"ja"},{"@type":["Person","Organization"],"@id":"https:\/\/kfh.com.vn\/en\/#\/schema\/person\/d9abb8c80170ac74d437a77950ff3f60","name":"kfh","image":{"@type":"ImageObject","inLanguage":"ja","@id":"https:\/\/kfh.com.vn\/en\/#\/schema\/person\/image\/","url":"https:\/\/secure.gravatar.com\/avatar\/5ebb68e80ab022176e9fc383a566aaee?s=96&d=mm&r=g","contentUrl":"https:\/\/secure.gravatar.com\/avatar\/5ebb68e80ab022176e9fc383a566aaee?s=96&d=mm&r=g","caption":"kfh"},"logo":{"@id":"https:\/\/kfh.com.vn\/en\/#\/schema\/person\/image\/"}}]}},"_links":{"self":[{"href":"https:\/\/kfh.com.vn\/ja\/wp-json\/wp\/v2\/product\/153"}],"collection":[{"href":"https:\/\/kfh.com.vn\/ja\/wp-json\/wp\/v2\/product"}],"about":[{"href":"https:\/\/kfh.com.vn\/ja\/wp-json\/wp\/v2\/types\/product"}],"replies":[{"embeddable":true,"href":"https:\/\/kfh.com.vn\/ja\/wp-json\/wp\/v2\/comments?post=153"}],"wp:featuredmedia":[{"embeddable":true,"href":"https:\/\/kfh.com.vn\/ja\/wp-json\/wp\/v2\/media\/149"}],"wp:attachment":[{"href":"https:\/\/kfh.com.vn\/ja\/wp-json\/wp\/v2\/media?parent=153"}],"wp:term":[{"taxonomy":"product_cat","embeddable":true,"href":"https:\/\/kfh.com.vn\/ja\/wp-json\/wp\/v2\/product_cat?post=153"},{"taxonomy":"product_tag","embeddable":true,"href":"https:\/\/kfh.com.vn\/ja\/wp-json\/wp\/v2\/product_tag?post=153"}],"curies":[{"name":"wp","href":"https:\/\/api.w.org\/{rel}","templated":true}]}}