{"id":144,"date":"2019-12-03T08:56:07","date_gmt":"2019-12-03T08:56:07","guid":{"rendered":"http:\/\/khachhang2.web3b.com\/kfh\/?post_type=product&#038;p=144"},"modified":"2020-08-20T08:25:04","modified_gmt":"2020-08-20T08:25:04","slug":"xe-nang-nguoi-dang-can-z-nul90-3","status":"publish","type":"product","link":"https:\/\/kfh.com.vn\/ja\/san-pham\/xe-nang-nguoi-dang-can-z-nul90-3\/","title":{"rendered":"(Ti\u1ebfng Vi\u1ec7t) XE N\u00c2NG NG\u01af\u1edcI D\u1ea0NG C\u1ea6N Z NUL90-03"},"content":{"rendered":"<p class=\"qtranxs-available-languages-message qtranxs-available-languages-message-ja\">\u7533\u3057\u8a33\u3042\u308a\u307e\u305b\u3093\u3001\u3053\u306e\u30b3\u30f3\u30c6\u30f3\u30c4\u306f\u305f\u3060\u4eca\u3000<a href=\"https:\/\/kfh.com.vn\/vi\/wp-json\/wp\/v2\/product\/144\" class=\"qtranxs-available-language-link qtranxs-available-language-link-vi\" title=\"Ti\u1ebfng Vi\u1ec7t\">\u30d9\u30c8\u30ca\u30e0\u8a9e<\/a>\u3068 <a href=\"https:\/\/kfh.com.vn\/en\/wp-json\/wp\/v2\/product\/144\" class=\"qtranxs-available-language-link qtranxs-available-language-link-en\" title=\"English\">\u30a2\u30e1\u30ea\u30ab\u82f1\u8a9e<\/a>\u3000\u306e\u307f\u3067\u3059\u3002<\/p>","protected":false},"excerpt":{"rendered":"<p class=\"qtranxs-available-languages-message qtranxs-available-languages-message-ja\">\u7533\u3057\u8a33\u3042\u308a\u307e\u305b\u3093\u3001\u3053\u306e\u30b3\u30f3\u30c6\u30f3\u30c4\u306f\u305f\u3060\u4eca\u3000<a href=\"https:\/\/kfh.com.vn\/vi\/wp-json\/wp\/v2\/product\/144\" class=\"qtranxs-available-language-link qtranxs-available-language-link-vi\" title=\"Ti\u1ebfng Vi\u1ec7t\">\u30d9\u30c8\u30ca\u30e0\u8a9e<\/a>\u3068 <a href=\"https:\/\/kfh.com.vn\/en\/wp-json\/wp\/v2\/product\/144\" class=\"qtranxs-available-language-link qtranxs-available-language-link-en\" title=\"English\">\u30a2\u30e1\u30ea\u30ab\u82f1\u8a9e<\/a>\u3000\u306e\u307f\u3067\u3059\u3002<\/p>\n","protected":false},"featured_media":145,"comment_status":"open","ping_status":"closed","template":"","meta":[],"product_cat":[25],"product_tag":[106,103,105],"yoast_head":"<!-- This site is optimized with the Yoast SEO plugin v21.5 - https:\/\/yoast.com\/wordpress\/plugins\/seo\/ -->\n<title><\/title>\n<meta name=\"robots\" content=\"index, follow, max-snippet:-1, max-image-preview:large, max-video-preview:-1\" \/>\n<link rel=\"canonical\" href=\"https:\/\/kfh.com.vn\/san-pham\/xe-nang-nguoi-dang-can-z-nul90-3\/\" \/>\n<meta property=\"og:locale\" content=\"ja_JP\" \/>\n<meta property=\"og:type\" content=\"article\" \/>\n<meta property=\"og:title\" content=\"[:vi]XE N\u00c2NG NG\u01af\u1edcI D\u1ea0NG C\u1ea6N Z NUL90-03[:en]Boom lift NUL90-03 (11m)[:] - KFH - Kanamoto Fecon Hassyu\" \/>\n<meta property=\"og:description\" content=\"[:vi]Xe n\u00e2ng ng\u01b0\u1eddi Nagano \u2013 Nh\u1eadt B\u1ea3n model Nul90-3 l\u00e0 d\u00f2ng s\u1ea3n ph\u1ea9m di chuy\u1ec3n b\u1eb1ng x\u00edch cao su. Cho ph\u00e9p l\u00e0m vi\u1ec7c tr\u00ean n\u1ec1n y\u1ebfu, d\u1ed1c, tr\u1ecdng l\u01b0\u1ee3ng nh\u1eb9 h\u01a1n d\u00f2ng di chuy\u1ec3n b\u1eb1ng l\u1ed1p m\u00e0 v\u1eabn b\u1ea3o \u0111\u1ea3m l\u00e0m vi\u1ec7c \u1ed5n \u0111\u1ecbnh, an to\u00e0n.Chi\u1ec1u cao l\u00e0m vi\u1ec7c 11 m b\u1ea3o \u0111\u1ea3m ph\u1ee5c v\u1ee5 cho h\u1ea7u h\u1ebft c\u00e1c c\u00f4ng vi\u1ec7c c\u1ee7a c\u00e1c c\u00f4ng tr\u01b0\u1eddng, nh\u00e0 m\u00e1y.  &nbsp;[:en]Nagano boom lift - Japan model Nul90-3 is a product line moving by rubber chain. Allows working on weak, sloping grounds, lighter weight than tire travel while ensuring stable and safe working.The working height of 11 m ensures to serve most jobs of the job. school, factory.[:]\" \/>\n<meta property=\"og:url\" content=\"https:\/\/kfh.com.vn\/san-pham\/xe-nang-nguoi-dang-can-z-nul90-3\/\" \/>\n<meta property=\"og:site_name\" content=\"KFH - Kanamoto Fecon Hassyu\" \/>\n<meta property=\"article:modified_time\" content=\"2020-08-20T08:25:04+00:00\" \/>\n<meta property=\"og:image\" content=\"https:\/\/kfh.com.vn\/wp-content\/uploads\/2019\/12\/Xe-nang-nguoi-dang-can-NUL-90-3.jpg\" \/>\n\t<meta property=\"og:image:width\" content=\"900\" \/>\n\t<meta property=\"og:image:height\" content=\"1359\" \/>\n\t<meta property=\"og:image:type\" content=\"image\/jpeg\" \/>\n<meta name=\"twitter:card\" content=\"summary_large_image\" \/>\n<meta name=\"twitter:label1\" content=\"\u63a8\u5b9a\u8aad\u307f\u53d6\u308a\u6642\u9593\" \/>\n\t<meta name=\"twitter:data1\" content=\"1\u5206\" \/>\n<script type=\"application\/ld+json\" class=\"yoast-schema-graph\">{\"@context\":\"https:\/\/schema.org\",\"@graph\":[{\"@type\":\"WebPage\",\"@id\":\"https:\/\/kfh.com.vn\/san-pham\/xe-nang-nguoi-dang-can-z-nul90-3\/\",\"url\":\"https:\/\/kfh.com.vn\/san-pham\/xe-nang-nguoi-dang-can-z-nul90-3\/\",\"name\":\"[:vi]XE N\u00c2NG NG\u01af\u1edcI D\u1ea0NG C\u1ea6N Z NUL90-03[:en]Boom lift NUL90-03 (11m)[:] - KFH - Kanamoto Fecon Hassyu\",\"isPartOf\":{\"@id\":\"https:\/\/kfh.com.vn\/en\/#website\"},\"datePublished\":\"2019-12-03T08:56:07+00:00\",\"dateModified\":\"2020-08-20T08:25:04+00:00\",\"breadcrumb\":{\"@id\":\"https:\/\/kfh.com.vn\/san-pham\/xe-nang-nguoi-dang-can-z-nul90-3\/#breadcrumb\"},\"inLanguage\":\"ja\",\"potentialAction\":[{\"@type\":\"ReadAction\",\"target\":[\"https:\/\/kfh.com.vn\/san-pham\/xe-nang-nguoi-dang-can-z-nul90-3\/\"]}]},{\"@type\":\"BreadcrumbList\",\"@id\":\"https:\/\/kfh.com.vn\/san-pham\/xe-nang-nguoi-dang-can-z-nul90-3\/#breadcrumb\",\"itemListElement\":[{\"@type\":\"ListItem\",\"position\":1,\"name\":\"Trang ch\u1ee7\",\"item\":\"https:\/\/kfh.com.vn\/\"},{\"@type\":\"ListItem\",\"position\":2,\"name\":\"C\u1eeda h\u00e0ng\",\"item\":\"https:\/\/kfh.com.vn\/en\/mua\/\"},{\"@type\":\"ListItem\",\"position\":3,\"name\":\"XE N\u00c2NG NG\u01af\u1edcI D\u1ea0NG C\u1ea6N Z NUL90-03\"}]},{\"@type\":\"WebSite\",\"@id\":\"https:\/\/kfh.com.vn\/en\/#website\",\"url\":\"https:\/\/kfh.com.vn\/en\/\",\"name\":\"KFH - Kanamoto Fecon Hassyu\",\"description\":\"C\u00f4ng ty c\u1ed5 ph\u1ea7n cho Thu\u00ea thi\u1ebft b\u1ecb\",\"publisher\":{\"@id\":\"https:\/\/kfh.com.vn\/en\/#\/schema\/person\/d9abb8c80170ac74d437a77950ff3f60\"},\"potentialAction\":[{\"@type\":\"SearchAction\",\"target\":{\"@type\":\"EntryPoint\",\"urlTemplate\":\"https:\/\/kfh.com.vn\/en\/?s={search_term_string}\"},\"query-input\":\"required name=search_term_string\"}],\"inLanguage\":\"ja\"},{\"@type\":[\"Person\",\"Organization\"],\"@id\":\"https:\/\/kfh.com.vn\/en\/#\/schema\/person\/d9abb8c80170ac74d437a77950ff3f60\",\"name\":\"kfh\",\"image\":{\"@type\":\"ImageObject\",\"inLanguage\":\"ja\",\"@id\":\"https:\/\/kfh.com.vn\/en\/#\/schema\/person\/image\/\",\"url\":\"https:\/\/secure.gravatar.com\/avatar\/5ebb68e80ab022176e9fc383a566aaee?s=96&d=mm&r=g\",\"contentUrl\":\"https:\/\/secure.gravatar.com\/avatar\/5ebb68e80ab022176e9fc383a566aaee?s=96&d=mm&r=g\",\"caption\":\"kfh\"},\"logo\":{\"@id\":\"https:\/\/kfh.com.vn\/en\/#\/schema\/person\/image\/\"}}]}<\/script>\n<!-- \/ Yoast SEO plugin. -->","yoast_head_json":{"title":"[:vi]XE N\u00c2NG NG\u01af\u1edcI D\u1ea0NG C\u1ea6N Z NUL90-03[:en]Boom lift NUL90-03 (11m)[:] - KFH - Kanamoto Fecon Hassyu","robots":{"index":"index","follow":"follow","max-snippet":"max-snippet:-1","max-image-preview":"max-image-preview:large","max-video-preview":"max-video-preview:-1"},"canonical":"https:\/\/kfh.com.vn\/san-pham\/xe-nang-nguoi-dang-can-z-nul90-3\/","og_locale":"ja_JP","og_type":"article","og_title":"[:vi]XE N\u00c2NG NG\u01af\u1edcI D\u1ea0NG C\u1ea6N Z NUL90-03[:en]Boom lift NUL90-03 (11m)[:] - KFH - Kanamoto Fecon Hassyu","og_description":"[:vi]Xe n\u00e2ng ng\u01b0\u1eddi Nagano \u2013 Nh\u1eadt B\u1ea3n model Nul90-3 l\u00e0 d\u00f2ng s\u1ea3n ph\u1ea9m di chuy\u1ec3n b\u1eb1ng x\u00edch cao su. Cho ph\u00e9p l\u00e0m vi\u1ec7c tr\u00ean n\u1ec1n y\u1ebfu, d\u1ed1c, tr\u1ecdng l\u01b0\u1ee3ng nh\u1eb9 h\u01a1n d\u00f2ng di chuy\u1ec3n b\u1eb1ng l\u1ed1p m\u00e0 v\u1eabn b\u1ea3o \u0111\u1ea3m l\u00e0m vi\u1ec7c \u1ed5n \u0111\u1ecbnh, an to\u00e0n.Chi\u1ec1u cao l\u00e0m vi\u1ec7c 11 m b\u1ea3o \u0111\u1ea3m ph\u1ee5c v\u1ee5 cho h\u1ea7u h\u1ebft c\u00e1c c\u00f4ng vi\u1ec7c c\u1ee7a c\u00e1c c\u00f4ng tr\u01b0\u1eddng, nh\u00e0 m\u00e1y.  &nbsp;[:en]Nagano boom lift - Japan model Nul90-3 is a product line moving by rubber chain. Allows working on weak, sloping grounds, lighter weight than tire travel while ensuring stable and safe working.The working height of 11 m ensures to serve most jobs of the job. school, factory.[:]","og_url":"https:\/\/kfh.com.vn\/san-pham\/xe-nang-nguoi-dang-can-z-nul90-3\/","og_site_name":"KFH - Kanamoto Fecon Hassyu","article_modified_time":"2020-08-20T08:25:04+00:00","og_image":[{"width":900,"height":1359,"url":"https:\/\/kfh.com.vn\/wp-content\/uploads\/2019\/12\/Xe-nang-nguoi-dang-can-NUL-90-3.jpg","type":"image\/jpeg"}],"twitter_card":"summary_large_image","twitter_misc":{"\u63a8\u5b9a\u8aad\u307f\u53d6\u308a\u6642\u9593":"1\u5206"},"schema":{"@context":"https:\/\/schema.org","@graph":[{"@type":"WebPage","@id":"https:\/\/kfh.com.vn\/san-pham\/xe-nang-nguoi-dang-can-z-nul90-3\/","url":"https:\/\/kfh.com.vn\/san-pham\/xe-nang-nguoi-dang-can-z-nul90-3\/","name":"[:vi]XE N\u00c2NG NG\u01af\u1edcI D\u1ea0NG C\u1ea6N Z NUL90-03[:en]Boom lift NUL90-03 (11m)[:] - KFH - Kanamoto Fecon Hassyu","isPartOf":{"@id":"https:\/\/kfh.com.vn\/en\/#website"},"datePublished":"2019-12-03T08:56:07+00:00","dateModified":"2020-08-20T08:25:04+00:00","breadcrumb":{"@id":"https:\/\/kfh.com.vn\/san-pham\/xe-nang-nguoi-dang-can-z-nul90-3\/#breadcrumb"},"inLanguage":"ja","potentialAction":[{"@type":"ReadAction","target":["https:\/\/kfh.com.vn\/san-pham\/xe-nang-nguoi-dang-can-z-nul90-3\/"]}]},{"@type":"BreadcrumbList","@id":"https:\/\/kfh.com.vn\/san-pham\/xe-nang-nguoi-dang-can-z-nul90-3\/#breadcrumb","itemListElement":[{"@type":"ListItem","position":1,"name":"Trang ch\u1ee7","item":"https:\/\/kfh.com.vn\/"},{"@type":"ListItem","position":2,"name":"C\u1eeda h\u00e0ng","item":"https:\/\/kfh.com.vn\/en\/mua\/"},{"@type":"ListItem","position":3,"name":"XE N\u00c2NG NG\u01af\u1edcI D\u1ea0NG C\u1ea6N Z NUL90-03"}]},{"@type":"WebSite","@id":"https:\/\/kfh.com.vn\/en\/#website","url":"https:\/\/kfh.com.vn\/en\/","name":"KFH - Kanamoto Fecon Hassyu","description":"C\u00f4ng ty c\u1ed5 ph\u1ea7n cho Thu\u00ea thi\u1ebft b\u1ecb","publisher":{"@id":"https:\/\/kfh.com.vn\/en\/#\/schema\/person\/d9abb8c80170ac74d437a77950ff3f60"},"potentialAction":[{"@type":"SearchAction","target":{"@type":"EntryPoint","urlTemplate":"https:\/\/kfh.com.vn\/en\/?s={search_term_string}"},"query-input":"required name=search_term_string"}],"inLanguage":"ja"},{"@type":["Person","Organization"],"@id":"https:\/\/kfh.com.vn\/en\/#\/schema\/person\/d9abb8c80170ac74d437a77950ff3f60","name":"kfh","image":{"@type":"ImageObject","inLanguage":"ja","@id":"https:\/\/kfh.com.vn\/en\/#\/schema\/person\/image\/","url":"https:\/\/secure.gravatar.com\/avatar\/5ebb68e80ab022176e9fc383a566aaee?s=96&d=mm&r=g","contentUrl":"https:\/\/secure.gravatar.com\/avatar\/5ebb68e80ab022176e9fc383a566aaee?s=96&d=mm&r=g","caption":"kfh"},"logo":{"@id":"https:\/\/kfh.com.vn\/en\/#\/schema\/person\/image\/"}}]}},"_links":{"self":[{"href":"https:\/\/kfh.com.vn\/ja\/wp-json\/wp\/v2\/product\/144"}],"collection":[{"href":"https:\/\/kfh.com.vn\/ja\/wp-json\/wp\/v2\/product"}],"about":[{"href":"https:\/\/kfh.com.vn\/ja\/wp-json\/wp\/v2\/types\/product"}],"replies":[{"embeddable":true,"href":"https:\/\/kfh.com.vn\/ja\/wp-json\/wp\/v2\/comments?post=144"}],"wp:featuredmedia":[{"embeddable":true,"href":"https:\/\/kfh.com.vn\/ja\/wp-json\/wp\/v2\/media\/145"}],"wp:attachment":[{"href":"https:\/\/kfh.com.vn\/ja\/wp-json\/wp\/v2\/media?parent=144"}],"wp:term":[{"taxonomy":"product_cat","embeddable":true,"href":"https:\/\/kfh.com.vn\/ja\/wp-json\/wp\/v2\/product_cat?post=144"},{"taxonomy":"product_tag","embeddable":true,"href":"https:\/\/kfh.com.vn\/ja\/wp-json\/wp\/v2\/product_tag?post=144"}],"curies":[{"name":"wp","href":"https:\/\/api.w.org\/{rel}","templated":true}]}}