{"id":129,"date":"2019-12-03T07:24:35","date_gmt":"2019-12-03T07:24:35","guid":{"rendered":"http:\/\/khachhang2.web3b.com\/kfh\/?post_type=product&#038;p=129"},"modified":"2020-08-20T07:58:59","modified_gmt":"2020-08-20T07:58:59","slug":"den-chieu-yanmar-2x400w","status":"publish","type":"product","link":"https:\/\/kfh.com.vn\/ja\/san-pham\/den-chieu-yanmar-2x400w\/","title":{"rendered":"(Ti\u1ebfng Vi\u1ec7t) \u0110\u00e8n chi\u1ebfu t\u1ef1 ph\u00e1t Yanmar 2x400w"},"content":{"rendered":"<p class=\"qtranxs-available-languages-message qtranxs-available-languages-message-ja\">\u7533\u3057\u8a33\u3042\u308a\u307e\u305b\u3093\u3001\u3053\u306e\u30b3\u30f3\u30c6\u30f3\u30c4\u306f\u305f\u3060\u4eca\u3000<a href=\"https:\/\/kfh.com.vn\/vi\/wp-json\/wp\/v2\/product\/129\" class=\"qtranxs-available-language-link qtranxs-available-language-link-vi\" title=\"Ti\u1ebfng Vi\u1ec7t\">\u30d9\u30c8\u30ca\u30e0\u8a9e<\/a>\u3068 <a href=\"https:\/\/kfh.com.vn\/en\/wp-json\/wp\/v2\/product\/129\" class=\"qtranxs-available-language-link qtranxs-available-language-link-en\" title=\"English\">\u30a2\u30e1\u30ea\u30ab\u82f1\u8a9e<\/a>\u3000\u306e\u307f\u3067\u3059\u3002<\/p>","protected":false},"excerpt":{"rendered":"<p class=\"qtranxs-available-languages-message qtranxs-available-languages-message-ja\">\u7533\u3057\u8a33\u3042\u308a\u307e\u305b\u3093\u3001\u3053\u306e\u30b3\u30f3\u30c6\u30f3\u30c4\u306f\u305f\u3060\u4eca\u3000<a href=\"https:\/\/kfh.com.vn\/vi\/wp-json\/wp\/v2\/product\/129\" class=\"qtranxs-available-language-link qtranxs-available-language-link-vi\" title=\"Ti\u1ebfng Vi\u1ec7t\">\u30d9\u30c8\u30ca\u30e0\u8a9e<\/a>\u3068 <a href=\"https:\/\/kfh.com.vn\/en\/wp-json\/wp\/v2\/product\/129\" class=\"qtranxs-available-language-link qtranxs-available-language-link-en\" title=\"English\">\u30a2\u30e1\u30ea\u30ab\u82f1\u8a9e<\/a>\u3000\u306e\u307f\u3067\u3059\u3002<\/p>\n","protected":false},"featured_media":133,"comment_status":"open","ping_status":"closed","template":"","meta":[],"product_cat":[17],"product_tag":[83,84,82,85,86],"yoast_head":"<!-- This site is optimized with the Yoast SEO plugin v21.5 - https:\/\/yoast.com\/wordpress\/plugins\/seo\/ -->\n<title><\/title>\n<meta name=\"robots\" content=\"index, follow, max-snippet:-1, max-image-preview:large, max-video-preview:-1\" \/>\n<link rel=\"canonical\" href=\"https:\/\/kfh.com.vn\/san-pham\/den-chieu-yanmar-2x400w\/\" \/>\n<meta property=\"og:locale\" content=\"ja_JP\" \/>\n<meta property=\"og:type\" content=\"article\" \/>\n<meta property=\"og:title\" content=\"[:vi]\u0110\u00e8n chi\u1ebfu t\u1ef1 ph\u00e1t Yanmar 2x400w[:en]Spotlight Yanmar 2x400w[:] - KFH - Kanamoto Fecon Hassyu\" \/>\n<meta property=\"og:description\" content=\"[:vi]\u0110\u00e8n chi\u1ebfu s\u00e1ng t\u1ef1 ph\u00e1t s\u1eed d\u1ee5ng m\u00e1y ph\u00e1t \u0111i\u1ec7n 2 KVA, ti\u00eau hao nhi\u00ean li\u1ec7u kho\u1ea3ng\u00a0 g\u1ea7n1 l\u00edt \/h. \u0110\u00e8n g\u1ed3m 2 b\u00f3ng Halogen 400w. T\u1ed5ng c\u00f4ng su\u1ea5t 800w. \u0110\u00e8n di \u0111\u1ed9ng 4 b\u00e1nh xe, c\u00f3 h\u1ec7 th\u1ed1ng l\u00e1i, c\u01a1 \u0111\u1ed9ng. \u0110\u00e8n cho ra \u00e1nh s\u00e1ng tr\u1eafng, an to\u00e0n kh\u00f4ng b\u1ecb ch\u00f3i.  &nbsp;[:en]Spotlight use 2 KVA generators, fuel consumption is about 1 liter \/ h. The lamp includes 2 400w Halogen bulbs. Total capacity of 800w. 4-wheel mobile light with steering system, maneuverability. It produces a white light, safe from glare.[:]\" \/>\n<meta property=\"og:url\" content=\"https:\/\/kfh.com.vn\/san-pham\/den-chieu-yanmar-2x400w\/\" \/>\n<meta property=\"og:site_name\" content=\"KFH - Kanamoto Fecon Hassyu\" \/>\n<meta property=\"article:modified_time\" content=\"2020-08-20T07:58:59+00:00\" \/>\n<meta property=\"og:image\" content=\"https:\/\/kfh.com.vn\/wp-content\/uploads\/2019\/12\/den-chieu-sang-tu-phat-Yanmar-2-bong-400w.jpg\" \/>\n\t<meta property=\"og:image:width\" content=\"500\" \/>\n\t<meta property=\"og:image:height\" content=\"500\" \/>\n\t<meta property=\"og:image:type\" content=\"image\/jpeg\" \/>\n<meta name=\"twitter:card\" content=\"summary_large_image\" \/>\n<meta name=\"twitter:label1\" content=\"\u63a8\u5b9a\u8aad\u307f\u53d6\u308a\u6642\u9593\" \/>\n\t<meta name=\"twitter:data1\" content=\"1\u5206\" \/>\n<script type=\"application\/ld+json\" class=\"yoast-schema-graph\">{\"@context\":\"https:\/\/schema.org\",\"@graph\":[{\"@type\":\"WebPage\",\"@id\":\"https:\/\/kfh.com.vn\/san-pham\/den-chieu-yanmar-2x400w\/\",\"url\":\"https:\/\/kfh.com.vn\/san-pham\/den-chieu-yanmar-2x400w\/\",\"name\":\"[:vi]\u0110\u00e8n chi\u1ebfu t\u1ef1 ph\u00e1t Yanmar 2x400w[:en]Spotlight Yanmar 2x400w[:] - KFH - Kanamoto Fecon Hassyu\",\"isPartOf\":{\"@id\":\"https:\/\/kfh.com.vn\/en\/#website\"},\"datePublished\":\"2019-12-03T07:24:35+00:00\",\"dateModified\":\"2020-08-20T07:58:59+00:00\",\"breadcrumb\":{\"@id\":\"https:\/\/kfh.com.vn\/san-pham\/den-chieu-yanmar-2x400w\/#breadcrumb\"},\"inLanguage\":\"ja\",\"potentialAction\":[{\"@type\":\"ReadAction\",\"target\":[\"https:\/\/kfh.com.vn\/san-pham\/den-chieu-yanmar-2x400w\/\"]}]},{\"@type\":\"BreadcrumbList\",\"@id\":\"https:\/\/kfh.com.vn\/san-pham\/den-chieu-yanmar-2x400w\/#breadcrumb\",\"itemListElement\":[{\"@type\":\"ListItem\",\"position\":1,\"name\":\"Trang ch\u1ee7\",\"item\":\"https:\/\/kfh.com.vn\/\"},{\"@type\":\"ListItem\",\"position\":2,\"name\":\"C\u1eeda h\u00e0ng\",\"item\":\"https:\/\/kfh.com.vn\/en\/mua\/\"},{\"@type\":\"ListItem\",\"position\":3,\"name\":\"\u0110\u00e8n chi\u1ebfu t\u1ef1 ph\u00e1t Yanmar 2x400w\"}]},{\"@type\":\"WebSite\",\"@id\":\"https:\/\/kfh.com.vn\/en\/#website\",\"url\":\"https:\/\/kfh.com.vn\/en\/\",\"name\":\"KFH - Kanamoto Fecon Hassyu\",\"description\":\"C\u00f4ng ty c\u1ed5 ph\u1ea7n cho Thu\u00ea thi\u1ebft b\u1ecb\",\"publisher\":{\"@id\":\"https:\/\/kfh.com.vn\/en\/#\/schema\/person\/d9abb8c80170ac74d437a77950ff3f60\"},\"potentialAction\":[{\"@type\":\"SearchAction\",\"target\":{\"@type\":\"EntryPoint\",\"urlTemplate\":\"https:\/\/kfh.com.vn\/en\/?s={search_term_string}\"},\"query-input\":\"required name=search_term_string\"}],\"inLanguage\":\"ja\"},{\"@type\":[\"Person\",\"Organization\"],\"@id\":\"https:\/\/kfh.com.vn\/en\/#\/schema\/person\/d9abb8c80170ac74d437a77950ff3f60\",\"name\":\"kfh\",\"image\":{\"@type\":\"ImageObject\",\"inLanguage\":\"ja\",\"@id\":\"https:\/\/kfh.com.vn\/en\/#\/schema\/person\/image\/\",\"url\":\"https:\/\/secure.gravatar.com\/avatar\/5ebb68e80ab022176e9fc383a566aaee?s=96&d=mm&r=g\",\"contentUrl\":\"https:\/\/secure.gravatar.com\/avatar\/5ebb68e80ab022176e9fc383a566aaee?s=96&d=mm&r=g\",\"caption\":\"kfh\"},\"logo\":{\"@id\":\"https:\/\/kfh.com.vn\/en\/#\/schema\/person\/image\/\"}}]}<\/script>\n<!-- \/ Yoast SEO plugin. -->","yoast_head_json":{"title":"[:vi]\u0110\u00e8n chi\u1ebfu t\u1ef1 ph\u00e1t Yanmar 2x400w[:en]Spotlight Yanmar 2x400w[:] - KFH - Kanamoto Fecon Hassyu","robots":{"index":"index","follow":"follow","max-snippet":"max-snippet:-1","max-image-preview":"max-image-preview:large","max-video-preview":"max-video-preview:-1"},"canonical":"https:\/\/kfh.com.vn\/san-pham\/den-chieu-yanmar-2x400w\/","og_locale":"ja_JP","og_type":"article","og_title":"[:vi]\u0110\u00e8n chi\u1ebfu t\u1ef1 ph\u00e1t Yanmar 2x400w[:en]Spotlight Yanmar 2x400w[:] - KFH - Kanamoto Fecon Hassyu","og_description":"[:vi]\u0110\u00e8n chi\u1ebfu s\u00e1ng t\u1ef1 ph\u00e1t s\u1eed d\u1ee5ng m\u00e1y ph\u00e1t \u0111i\u1ec7n 2 KVA, ti\u00eau hao nhi\u00ean li\u1ec7u kho\u1ea3ng\u00a0 g\u1ea7n1 l\u00edt \/h. \u0110\u00e8n g\u1ed3m 2 b\u00f3ng Halogen 400w. T\u1ed5ng c\u00f4ng su\u1ea5t 800w. \u0110\u00e8n di \u0111\u1ed9ng 4 b\u00e1nh xe, c\u00f3 h\u1ec7 th\u1ed1ng l\u00e1i, c\u01a1 \u0111\u1ed9ng. \u0110\u00e8n cho ra \u00e1nh s\u00e1ng tr\u1eafng, an to\u00e0n kh\u00f4ng b\u1ecb ch\u00f3i.  &nbsp;[:en]Spotlight use 2 KVA generators, fuel consumption is about 1 liter \/ h. The lamp includes 2 400w Halogen bulbs. Total capacity of 800w. 4-wheel mobile light with steering system, maneuverability. It produces a white light, safe from glare.[:]","og_url":"https:\/\/kfh.com.vn\/san-pham\/den-chieu-yanmar-2x400w\/","og_site_name":"KFH - Kanamoto Fecon Hassyu","article_modified_time":"2020-08-20T07:58:59+00:00","og_image":[{"width":500,"height":500,"url":"https:\/\/kfh.com.vn\/wp-content\/uploads\/2019\/12\/den-chieu-sang-tu-phat-Yanmar-2-bong-400w.jpg","type":"image\/jpeg"}],"twitter_card":"summary_large_image","twitter_misc":{"\u63a8\u5b9a\u8aad\u307f\u53d6\u308a\u6642\u9593":"1\u5206"},"schema":{"@context":"https:\/\/schema.org","@graph":[{"@type":"WebPage","@id":"https:\/\/kfh.com.vn\/san-pham\/den-chieu-yanmar-2x400w\/","url":"https:\/\/kfh.com.vn\/san-pham\/den-chieu-yanmar-2x400w\/","name":"[:vi]\u0110\u00e8n chi\u1ebfu t\u1ef1 ph\u00e1t Yanmar 2x400w[:en]Spotlight Yanmar 2x400w[:] - KFH - Kanamoto Fecon Hassyu","isPartOf":{"@id":"https:\/\/kfh.com.vn\/en\/#website"},"datePublished":"2019-12-03T07:24:35+00:00","dateModified":"2020-08-20T07:58:59+00:00","breadcrumb":{"@id":"https:\/\/kfh.com.vn\/san-pham\/den-chieu-yanmar-2x400w\/#breadcrumb"},"inLanguage":"ja","potentialAction":[{"@type":"ReadAction","target":["https:\/\/kfh.com.vn\/san-pham\/den-chieu-yanmar-2x400w\/"]}]},{"@type":"BreadcrumbList","@id":"https:\/\/kfh.com.vn\/san-pham\/den-chieu-yanmar-2x400w\/#breadcrumb","itemListElement":[{"@type":"ListItem","position":1,"name":"Trang ch\u1ee7","item":"https:\/\/kfh.com.vn\/"},{"@type":"ListItem","position":2,"name":"C\u1eeda h\u00e0ng","item":"https:\/\/kfh.com.vn\/en\/mua\/"},{"@type":"ListItem","position":3,"name":"\u0110\u00e8n chi\u1ebfu t\u1ef1 ph\u00e1t Yanmar 2x400w"}]},{"@type":"WebSite","@id":"https:\/\/kfh.com.vn\/en\/#website","url":"https:\/\/kfh.com.vn\/en\/","name":"KFH - Kanamoto Fecon Hassyu","description":"C\u00f4ng ty c\u1ed5 ph\u1ea7n cho Thu\u00ea thi\u1ebft b\u1ecb","publisher":{"@id":"https:\/\/kfh.com.vn\/en\/#\/schema\/person\/d9abb8c80170ac74d437a77950ff3f60"},"potentialAction":[{"@type":"SearchAction","target":{"@type":"EntryPoint","urlTemplate":"https:\/\/kfh.com.vn\/en\/?s={search_term_string}"},"query-input":"required name=search_term_string"}],"inLanguage":"ja"},{"@type":["Person","Organization"],"@id":"https:\/\/kfh.com.vn\/en\/#\/schema\/person\/d9abb8c80170ac74d437a77950ff3f60","name":"kfh","image":{"@type":"ImageObject","inLanguage":"ja","@id":"https:\/\/kfh.com.vn\/en\/#\/schema\/person\/image\/","url":"https:\/\/secure.gravatar.com\/avatar\/5ebb68e80ab022176e9fc383a566aaee?s=96&d=mm&r=g","contentUrl":"https:\/\/secure.gravatar.com\/avatar\/5ebb68e80ab022176e9fc383a566aaee?s=96&d=mm&r=g","caption":"kfh"},"logo":{"@id":"https:\/\/kfh.com.vn\/en\/#\/schema\/person\/image\/"}}]}},"_links":{"self":[{"href":"https:\/\/kfh.com.vn\/ja\/wp-json\/wp\/v2\/product\/129"}],"collection":[{"href":"https:\/\/kfh.com.vn\/ja\/wp-json\/wp\/v2\/product"}],"about":[{"href":"https:\/\/kfh.com.vn\/ja\/wp-json\/wp\/v2\/types\/product"}],"replies":[{"embeddable":true,"href":"https:\/\/kfh.com.vn\/ja\/wp-json\/wp\/v2\/comments?post=129"}],"wp:featuredmedia":[{"embeddable":true,"href":"https:\/\/kfh.com.vn\/ja\/wp-json\/wp\/v2\/media\/133"}],"wp:attachment":[{"href":"https:\/\/kfh.com.vn\/ja\/wp-json\/wp\/v2\/media?parent=129"}],"wp:term":[{"taxonomy":"product_cat","embeddable":true,"href":"https:\/\/kfh.com.vn\/ja\/wp-json\/wp\/v2\/product_cat?post=129"},{"taxonomy":"product_tag","embeddable":true,"href":"https:\/\/kfh.com.vn\/ja\/wp-json\/wp\/v2\/product_tag?post=129"}],"curies":[{"name":"wp","href":"https:\/\/api.w.org\/{rel}","templated":true}]}}