{"id":394,"date":"2020-08-05T06:07:57","date_gmt":"2020-08-05T06:07:57","guid":{"rendered":"http:\/\/khachhang2.web3b.com\/kfh\/?post_type=product&#038;p=394"},"modified":"2020-08-27T07:17:06","modified_gmt":"2020-08-27T07:17:06","slug":"xe-nang-hang-mitsubishi-3-5-tan-dau","status":"publish","type":"product","link":"https:\/\/kfh.com.vn\/en\/san-pham\/xe-nang-hang-mitsubishi-3-5-tan-dau\/","title":{"rendered":"Mitsubishi forklift 3.5 T FD35ANT (diezel)"},"content":{"rendered":"<p><\/p>\n<table width=\"619\">\n<tbody>\n<tr>\n<td colspan=\"2\" rowspan=\"2\" width=\"323\">Item<\/td>\n<td colspan=\"2\" width=\"296\">FD35ANT<\/td>\n<\/tr>\n<tr>\n<td>3FP43<\/td>\n<td>3FP47<\/td>\n<\/tr>\n<tr>\n<td>1<\/td>\n<td width=\"291\">Type<\/td>\n<td width=\"145\">3.5 tons Forklift 100% brand new<\/td>\n<td width=\"151\">3.5 tons Forklift 100% brand new<\/td>\n<\/tr>\n<tr>\n<td>2<\/td>\n<td width=\"291\">Driving type<\/td>\n<td width=\"145\">Seating<\/td>\n<td width=\"151\">Seating<\/td>\n<\/tr>\n<tr>\n<td>3<\/td>\n<td width=\"291\">Original<\/td>\n<td width=\"145\">Japan<\/td>\n<td width=\"151\">Japan<\/td>\n<\/tr>\n<tr>\n<td>4<\/td>\n<td width=\"291\">Year of Manufacture<\/td>\n<td width=\"145\">2019<\/td>\n<td width=\"151\">2019<\/td>\n<\/tr>\n<tr>\n<td>5<\/td>\n<td width=\"291\">Fuel<\/td>\n<td width=\"145\">Diesel<\/td>\n<td width=\"151\">Diesel<\/td>\n<\/tr>\n<tr>\n<td>6<\/td>\n<td width=\"291\">Maximum loading capacity<\/td>\n<td width=\"145\">3500 kg<\/td>\n<td width=\"151\">3500 kg<\/td>\n<\/tr>\n<tr>\n<td>7<\/td>\n<td width=\"291\">Loading capacity<\/td>\n<td width=\"145\">3500 kg<\/td>\n<td width=\"151\">3500 kg<\/td>\n<\/tr>\n<tr>\n<td>8<\/td>\n<td width=\"291\">Load center<\/td>\n<td width=\"145\">500mm<\/td>\n<td width=\"151\">500mm<\/td>\n<\/tr>\n<tr>\n<td>9<\/td>\n<td width=\"291\">Maximum fork height<\/td>\n<td width=\"145\">4300mm, 3 stage mast<\/td>\n<td width=\"151\">4700mm, 3 stage mast<\/td>\n<\/tr>\n<tr>\n<td>10<\/td>\n<td width=\"291\">Free Fork Height<\/td>\n<td width=\"145\">1120m<\/td>\n<td width=\"151\">1270m<\/td>\n<\/tr>\n<tr>\n<td>11<\/td>\n<td width=\"291\">Fork length<\/td>\n<td width=\"145\">1220mm<\/td>\n<td width=\"151\">1220mm<\/td>\n<\/tr>\n<tr>\n<td>12<\/td>\n<td width=\"291\">Tyre<\/td>\n<td width=\"145\">Solid<\/td>\n<td width=\"151\">Solid<\/td>\n<\/tr>\n<tr>\n<td>13<\/td>\n<td width=\"291\">Height to Top of Overhead guard<\/td>\n<td width=\"145\">2103mm<\/td>\n<td width=\"151\">2103mm<\/td>\n<\/tr>\n<tr>\n<td>14<\/td>\n<td width=\"291\">Height with Lowered Mast<\/td>\n<td width=\"145\">2130mm<\/td>\n<td width=\"151\">2280mm<\/td>\n<\/tr>\n<tr>\n<td>15<\/td>\n<td width=\"291\">Height with Extended Mast<\/td>\n<td width=\"145\">5360mm<\/td>\n<td width=\"151\">5760mm<\/td>\n<\/tr>\n<tr>\n<td>16<\/td>\n<td width=\"291\">Overall width<\/td>\n<td width=\"145\">1290 mm<\/td>\n<td width=\"151\">1290 mm<\/td>\n<\/tr>\n<tr>\n<td>17<\/td>\n<td width=\"291\">Turning Radius<\/td>\n<td width=\"145\">2440 mm<\/td>\n<td width=\"151\">2440 mm<\/td>\n<\/tr>\n<tr>\n<td>18<\/td>\n<td width=\"291\">Lifting speeds (load \/ unload)<\/td>\n<td width=\"145\">420\/450mm\/s<\/td>\n<td width=\"151\">420\/450mm\/s<\/td>\n<\/tr>\n<tr>\n<td>19<\/td>\n<td width=\"291\">Lowering speeds (load \/ unload)<\/td>\n<td width=\"145\">420\/ 400mm\/s<\/td>\n<td width=\"151\">420\/ 400mm\/s<\/td>\n<\/tr>\n<tr>\n<td>20<\/td>\n<td width=\"291\">Travelling speeds (load \/ unload)<\/td>\n<td width=\"145\">19.0\/ 19.5 km\/h<\/td>\n<td width=\"151\">19.0\/ 19.5 km\/h<\/td>\n<\/tr>\n<tr>\n<td>21<\/td>\n<td width=\"291\">Mast Tilt (forward \/ Backwward)<\/td>\n<td width=\"145\">6\/12 deg<\/td>\n<td width=\"151\">6\/12 deg<\/td>\n<\/tr>\n<tr>\n<td>22<\/td>\n<td width=\"291\">Engine<\/td>\n<td width=\"145\">\u00a0S4S Japan synchronized with the manufacturer<\/td>\n<td width=\"151\">\u00a0S4S Japan synchronized with the manufacturer<\/td>\n<\/tr>\n<tr>\n<td>23<\/td>\n<td width=\"291\">Engine max rated power<\/td>\n<td width=\"145\">38,1Kw\/2250rpm<\/td>\n<td width=\"151\">38,1Kw\/2250 rpm<\/td>\n<\/tr>\n<tr>\n<td>24<\/td>\n<td width=\"291\">Service brake<br \/>\nParking brake<\/td>\n<td width=\"145\">Hydraulic<br \/>\nHand<\/td>\n<td width=\"151\">Hydraulic<br \/>\nHand<\/td>\n<\/tr>\n<tr>\n<td>25<\/td>\n<td width=\"291\">Transmisson type<\/td>\n<td width=\"145\">Powershift<\/td>\n<td width=\"151\">Powershift<\/td>\n<\/tr>\n<tr>\n<td>26<\/td>\n<td width=\"291\">Moving and lifting system<\/td>\n<td width=\"145\">Used a hydraulic pump system (Open circuit hydraulic system)<\/td>\n<td width=\"151\">Used a hydraulic pump system (Open circuit hydraulic system)<\/td>\n<\/tr>\n<tr>\n<td>27<\/td>\n<td width=\"291\">Driving system<\/td>\n<td width=\"145\">Fully hrdraulic power steering<\/td>\n<td width=\"151\">Fully hrdraulic power steering<\/td>\n<\/tr>\n<tr>\n<td>28<\/td>\n<td width=\"291\">IPS system<\/td>\n<td width=\"145\">&#8211; IPS &#8211; Intergrated digital monitors: The system automatically locks the lifting and moving function when the operator does not sit on the vehicle.<br \/>\n&#8211; Mast and travel interlock<br \/>\n&#8211; The indicator light will appear when the operator does not wear the seat belt<\/td>\n<td width=\"151\">&#8211; IPS &#8211; Intergrated digital monitors: The system automatically locks the lifting and moving function when the operator does not sit on the vehicle.<br \/>\n&#8211; Mast and travel interlock<br \/>\n&#8211; The indicator light will appear when the operator does not wear the seat belt<\/td>\n<\/tr>\n<\/tbody>\n<\/table>\n<p><\/p>","protected":false},"excerpt":{"rendered":"<div class=\"tlid-input input\">\n<div class=\"tlid-language-bar ls-wrap\">\n<div class=\"tl-wrap\">\n<div class=\"tl-sugg\"><\/div>\n<\/div>\n<\/div>\n<\/div>\n<div class=\"tlid-results-container results-container\">\n<div class=\"tlid-result result-dict-wrapper\">\n<div class=\"result tlid-copy-target\">\n<div class=\"result-header\">\n<div class=\"starbutton jfk-button-flat jfk-button unstarred\" tabindex=\"0\" role=\"button\" aria-label=\"G\u1eafn d\u1ea5u sao b\u1ea3n d\u1ecbch\" data-tooltip=\"G\u1eafn d\u1ea5u sao b\u1ea3n d\u1ecbch\" data-tooltip-align=\"t,c\">\n<div class=\"jfk-button-img\"><span class=\"\" title=\"\">KFH&#8217;s Mitsubishi forklifts are the latest models, integrated with all of the company&#8217;s latest features.<\/span> <span class=\"\" title=\"\">Imported Japanese car, original.<\/span> <span class=\"\" title=\"\">full of Mitsubishi together with service system standard of Japanese Kanamoto Corporation.<\/span> <span class=\"\" title=\"\">Ensure the device works in the best way, always satisfy all customers with different fields of activity!<\/span><\/div>\n<\/div>\n<\/div>\n<\/div>\n<\/div>\n<\/div>\n","protected":false},"featured_media":399,"comment_status":"open","ping_status":"closed","template":"","meta":[],"product_cat":[23],"product_tag":[145,147,148,146],"yoast_head":"<!-- This site is optimized with the Yoast SEO plugin v21.5 - https:\/\/yoast.com\/wordpress\/plugins\/seo\/ -->\n<title>Mitsubishi forklift 3.5 T FD35ANT (diezel) - KFH - Kanamoto Fecon Hassyu<\/title>\n<meta name=\"robots\" content=\"index, follow, max-snippet:-1, max-image-preview:large, max-video-preview:-1\" \/>\n<link rel=\"canonical\" href=\"https:\/\/kfh.com.vn\/san-pham\/xe-nang-hang-mitsubishi-3-5-tan-dau\/\" \/>\n<meta property=\"og:locale\" content=\"en_US\" \/>\n<meta property=\"og:type\" content=\"article\" \/>\n<meta property=\"og:title\" content=\"[:vi]Xe n\u00e2ng h\u00e0ng Mitsubishi 3.5 T\u1ea5n (d\u1ea7u)[:en]Mitsubishi forklift 3.5 T FD35ANT (diezel)[:] - KFH - Kanamoto Fecon Hassyu\" \/>\n<meta property=\"og:description\" content=\"[:vi]Xe n\u00e2ng h\u00e0ng Mitsubishi c\u1ee7a KFH l\u00e0 xe \u0111\u1eddi m\u1edbi nh\u1ea5t, \u0111\u01b0\u1ee3c t\u00edch h\u1ee3p t\u1ea5t c\u1ea3 c\u00e1c t\u00ednh n\u0103ng m\u1edbi nh\u1ea5t c\u1ee7a h\u00e3ng. Xe nh\u1eadp kh\u1ea9u Nh\u1eadt B\u1ea3n, nguy\u00ean b\u1ea3n. \u0111\u1ea7y \u0111\u1ee7 c\u1ee7a Mitsubishi k\u00e8m v\u1edbi \u0111\u00f3 l\u00e0 h\u1ec7 th\u1ed1ng d\u1ecbch v\u1ee5 theo ti\u00eau chu\u1ea9n c\u1ee7a t\u1eadp \u0111o\u00e0n Kanamoto Nh\u1eadt B\u1ea3n. B\u1ea3o \u0111\u1ea3m thi\u1ebft b\u1ecb ho\u1ea1t \u0111\u1ed9ng m\u1ed9t c\u00e1ch t\u1ed1t nh\u1ea5t, lu\u00f4n l\u00e0m h\u00e0i l\u00f2ng m\u1ecdi kh\u00e1ch h\u00e0ng v\u1edbi c\u00e1c l\u0129nh v\u1ef1c ho\u1ea1t \u0111\u1ed9ng kh\u00e1c nhau![:en]            KFH&#039;s Mitsubishi forklifts are the latest models, integrated with all of the company&#039;s latest features. Imported Japanese car, original. full of Mitsubishi together with service system standard of Japanese Kanamoto Corporation. Ensure the device works in the best way, always satisfy all customers with different fields of activity!     [:]\" \/>\n<meta property=\"og:url\" content=\"https:\/\/kfh.com.vn\/san-pham\/xe-nang-hang-mitsubishi-3-5-tan-dau\/\" \/>\n<meta property=\"og:site_name\" content=\"KFH - Kanamoto Fecon Hassyu\" \/>\n<meta property=\"article:modified_time\" content=\"2020-08-27T07:17:06+00:00\" \/>\n<meta property=\"og:image\" content=\"https:\/\/kfh.com.vn\/wp-content\/uploads\/2020\/08\/xe-nang-hang-mitsubishi-3.5t-.jpg\" \/>\n\t<meta property=\"og:image:width\" content=\"600\" \/>\n\t<meta property=\"og:image:height\" content=\"906\" \/>\n\t<meta property=\"og:image:type\" content=\"image\/jpeg\" \/>\n<meta name=\"twitter:card\" content=\"summary_large_image\" \/>\n<meta name=\"twitter:label1\" content=\"Est. reading time\" \/>\n\t<meta name=\"twitter:data1\" content=\"3 minutes\" \/>\n<script type=\"application\/ld+json\" class=\"yoast-schema-graph\">{\"@context\":\"https:\/\/schema.org\",\"@graph\":[{\"@type\":\"WebPage\",\"@id\":\"https:\/\/kfh.com.vn\/san-pham\/xe-nang-hang-mitsubishi-3-5-tan-dau\/\",\"url\":\"https:\/\/kfh.com.vn\/san-pham\/xe-nang-hang-mitsubishi-3-5-tan-dau\/\",\"name\":\"[:vi]Xe n\u00e2ng h\u00e0ng Mitsubishi 3.5 T\u1ea5n (d\u1ea7u)[:en]Mitsubishi forklift 3.5 T FD35ANT (diezel)[:] - KFH - Kanamoto Fecon Hassyu\",\"isPartOf\":{\"@id\":\"https:\/\/kfh.com.vn\/en\/#website\"},\"datePublished\":\"2020-08-05T06:07:57+00:00\",\"dateModified\":\"2020-08-27T07:17:06+00:00\",\"breadcrumb\":{\"@id\":\"https:\/\/kfh.com.vn\/san-pham\/xe-nang-hang-mitsubishi-3-5-tan-dau\/#breadcrumb\"},\"inLanguage\":\"en-US\",\"potentialAction\":[{\"@type\":\"ReadAction\",\"target\":[\"https:\/\/kfh.com.vn\/san-pham\/xe-nang-hang-mitsubishi-3-5-tan-dau\/\"]}]},{\"@type\":\"BreadcrumbList\",\"@id\":\"https:\/\/kfh.com.vn\/san-pham\/xe-nang-hang-mitsubishi-3-5-tan-dau\/#breadcrumb\",\"itemListElement\":[{\"@type\":\"ListItem\",\"position\":1,\"name\":\"Trang ch\u1ee7\",\"item\":\"https:\/\/kfh.com.vn\/\"},{\"@type\":\"ListItem\",\"position\":2,\"name\":\"C\u1eeda h\u00e0ng\",\"item\":\"https:\/\/kfh.com.vn\/en\/mua\/\"},{\"@type\":\"ListItem\",\"position\":3,\"name\":\"Xe n\u00e2ng h\u00e0ng Mitsubishi 3.5 T\u1ea5n (d\u1ea7u)\"}]},{\"@type\":\"WebSite\",\"@id\":\"https:\/\/kfh.com.vn\/en\/#website\",\"url\":\"https:\/\/kfh.com.vn\/en\/\",\"name\":\"KFH - Kanamoto Fecon Hassyu\",\"description\":\"C\u00f4ng ty c\u1ed5 ph\u1ea7n cho Thu\u00ea thi\u1ebft b\u1ecb\",\"publisher\":{\"@id\":\"https:\/\/kfh.com.vn\/en\/#\/schema\/person\/d9abb8c80170ac74d437a77950ff3f60\"},\"potentialAction\":[{\"@type\":\"SearchAction\",\"target\":{\"@type\":\"EntryPoint\",\"urlTemplate\":\"https:\/\/kfh.com.vn\/en\/?s={search_term_string}\"},\"query-input\":\"required name=search_term_string\"}],\"inLanguage\":\"en-US\"},{\"@type\":[\"Person\",\"Organization\"],\"@id\":\"https:\/\/kfh.com.vn\/en\/#\/schema\/person\/d9abb8c80170ac74d437a77950ff3f60\",\"name\":\"kfh\",\"image\":{\"@type\":\"ImageObject\",\"inLanguage\":\"en-US\",\"@id\":\"https:\/\/kfh.com.vn\/en\/#\/schema\/person\/image\/\",\"url\":\"https:\/\/secure.gravatar.com\/avatar\/5ebb68e80ab022176e9fc383a566aaee?s=96&d=mm&r=g\",\"contentUrl\":\"https:\/\/secure.gravatar.com\/avatar\/5ebb68e80ab022176e9fc383a566aaee?s=96&d=mm&r=g\",\"caption\":\"kfh\"},\"logo\":{\"@id\":\"https:\/\/kfh.com.vn\/en\/#\/schema\/person\/image\/\"}}]}<\/script>\n<!-- \/ Yoast SEO plugin. -->","yoast_head_json":{"title":"[:vi]Xe n\u00e2ng h\u00e0ng Mitsubishi 3.5 T\u1ea5n (d\u1ea7u)[:en]Mitsubishi forklift 3.5 T FD35ANT (diezel)[:] - KFH - Kanamoto Fecon Hassyu","robots":{"index":"index","follow":"follow","max-snippet":"max-snippet:-1","max-image-preview":"max-image-preview:large","max-video-preview":"max-video-preview:-1"},"canonical":"https:\/\/kfh.com.vn\/san-pham\/xe-nang-hang-mitsubishi-3-5-tan-dau\/","og_locale":"en_US","og_type":"article","og_title":"[:vi]Xe n\u00e2ng h\u00e0ng Mitsubishi 3.5 T\u1ea5n (d\u1ea7u)[:en]Mitsubishi forklift 3.5 T FD35ANT (diezel)[:] - KFH - Kanamoto Fecon Hassyu","og_description":"[:vi]Xe n\u00e2ng h\u00e0ng Mitsubishi c\u1ee7a KFH l\u00e0 xe \u0111\u1eddi m\u1edbi nh\u1ea5t, \u0111\u01b0\u1ee3c t\u00edch h\u1ee3p t\u1ea5t c\u1ea3 c\u00e1c t\u00ednh n\u0103ng m\u1edbi nh\u1ea5t c\u1ee7a h\u00e3ng. Xe nh\u1eadp kh\u1ea9u Nh\u1eadt B\u1ea3n, nguy\u00ean b\u1ea3n. \u0111\u1ea7y \u0111\u1ee7 c\u1ee7a Mitsubishi k\u00e8m v\u1edbi \u0111\u00f3 l\u00e0 h\u1ec7 th\u1ed1ng d\u1ecbch v\u1ee5 theo ti\u00eau chu\u1ea9n c\u1ee7a t\u1eadp \u0111o\u00e0n Kanamoto Nh\u1eadt B\u1ea3n. B\u1ea3o \u0111\u1ea3m thi\u1ebft b\u1ecb ho\u1ea1t \u0111\u1ed9ng m\u1ed9t c\u00e1ch t\u1ed1t nh\u1ea5t, lu\u00f4n l\u00e0m h\u00e0i l\u00f2ng m\u1ecdi kh\u00e1ch h\u00e0ng v\u1edbi c\u00e1c l\u0129nh v\u1ef1c ho\u1ea1t \u0111\u1ed9ng kh\u00e1c nhau![:en]            KFH's Mitsubishi forklifts are the latest models, integrated with all of the company's latest features. Imported Japanese car, original. full of Mitsubishi together with service system standard of Japanese Kanamoto Corporation. Ensure the device works in the best way, always satisfy all customers with different fields of activity!     [:]","og_url":"https:\/\/kfh.com.vn\/san-pham\/xe-nang-hang-mitsubishi-3-5-tan-dau\/","og_site_name":"KFH - Kanamoto Fecon Hassyu","article_modified_time":"2020-08-27T07:17:06+00:00","og_image":[{"width":600,"height":906,"url":"https:\/\/kfh.com.vn\/wp-content\/uploads\/2020\/08\/xe-nang-hang-mitsubishi-3.5t-.jpg","type":"image\/jpeg"}],"twitter_card":"summary_large_image","twitter_misc":{"Est. reading time":"3 minutes"},"schema":{"@context":"https:\/\/schema.org","@graph":[{"@type":"WebPage","@id":"https:\/\/kfh.com.vn\/san-pham\/xe-nang-hang-mitsubishi-3-5-tan-dau\/","url":"https:\/\/kfh.com.vn\/san-pham\/xe-nang-hang-mitsubishi-3-5-tan-dau\/","name":"[:vi]Xe n\u00e2ng h\u00e0ng Mitsubishi 3.5 T\u1ea5n (d\u1ea7u)[:en]Mitsubishi forklift 3.5 T FD35ANT (diezel)[:] - KFH - Kanamoto Fecon Hassyu","isPartOf":{"@id":"https:\/\/kfh.com.vn\/en\/#website"},"datePublished":"2020-08-05T06:07:57+00:00","dateModified":"2020-08-27T07:17:06+00:00","breadcrumb":{"@id":"https:\/\/kfh.com.vn\/san-pham\/xe-nang-hang-mitsubishi-3-5-tan-dau\/#breadcrumb"},"inLanguage":"en-US","potentialAction":[{"@type":"ReadAction","target":["https:\/\/kfh.com.vn\/san-pham\/xe-nang-hang-mitsubishi-3-5-tan-dau\/"]}]},{"@type":"BreadcrumbList","@id":"https:\/\/kfh.com.vn\/san-pham\/xe-nang-hang-mitsubishi-3-5-tan-dau\/#breadcrumb","itemListElement":[{"@type":"ListItem","position":1,"name":"Trang ch\u1ee7","item":"https:\/\/kfh.com.vn\/"},{"@type":"ListItem","position":2,"name":"C\u1eeda h\u00e0ng","item":"https:\/\/kfh.com.vn\/en\/mua\/"},{"@type":"ListItem","position":3,"name":"Xe n\u00e2ng h\u00e0ng Mitsubishi 3.5 T\u1ea5n (d\u1ea7u)"}]},{"@type":"WebSite","@id":"https:\/\/kfh.com.vn\/en\/#website","url":"https:\/\/kfh.com.vn\/en\/","name":"KFH - Kanamoto Fecon Hassyu","description":"C\u00f4ng ty c\u1ed5 ph\u1ea7n cho Thu\u00ea thi\u1ebft b\u1ecb","publisher":{"@id":"https:\/\/kfh.com.vn\/en\/#\/schema\/person\/d9abb8c80170ac74d437a77950ff3f60"},"potentialAction":[{"@type":"SearchAction","target":{"@type":"EntryPoint","urlTemplate":"https:\/\/kfh.com.vn\/en\/?s={search_term_string}"},"query-input":"required name=search_term_string"}],"inLanguage":"en-US"},{"@type":["Person","Organization"],"@id":"https:\/\/kfh.com.vn\/en\/#\/schema\/person\/d9abb8c80170ac74d437a77950ff3f60","name":"kfh","image":{"@type":"ImageObject","inLanguage":"en-US","@id":"https:\/\/kfh.com.vn\/en\/#\/schema\/person\/image\/","url":"https:\/\/secure.gravatar.com\/avatar\/5ebb68e80ab022176e9fc383a566aaee?s=96&d=mm&r=g","contentUrl":"https:\/\/secure.gravatar.com\/avatar\/5ebb68e80ab022176e9fc383a566aaee?s=96&d=mm&r=g","caption":"kfh"},"logo":{"@id":"https:\/\/kfh.com.vn\/en\/#\/schema\/person\/image\/"}}]}},"_links":{"self":[{"href":"https:\/\/kfh.com.vn\/en\/wp-json\/wp\/v2\/product\/394"}],"collection":[{"href":"https:\/\/kfh.com.vn\/en\/wp-json\/wp\/v2\/product"}],"about":[{"href":"https:\/\/kfh.com.vn\/en\/wp-json\/wp\/v2\/types\/product"}],"replies":[{"embeddable":true,"href":"https:\/\/kfh.com.vn\/en\/wp-json\/wp\/v2\/comments?post=394"}],"wp:featuredmedia":[{"embeddable":true,"href":"https:\/\/kfh.com.vn\/en\/wp-json\/wp\/v2\/media\/399"}],"wp:attachment":[{"href":"https:\/\/kfh.com.vn\/en\/wp-json\/wp\/v2\/media?parent=394"}],"wp:term":[{"taxonomy":"product_cat","embeddable":true,"href":"https:\/\/kfh.com.vn\/en\/wp-json\/wp\/v2\/product_cat?post=394"},{"taxonomy":"product_tag","embeddable":true,"href":"https:\/\/kfh.com.vn\/en\/wp-json\/wp\/v2\/product_tag?post=394"}],"curies":[{"name":"wp","href":"https:\/\/api.w.org\/{rel}","templated":true}]}}