{"id":368,"date":"2020-03-26T06:30:06","date_gmt":"2020-03-26T06:30:06","guid":{"rendered":"http:\/\/khachhang2.web3b.com\/kfh\/?post_type=product&#038;p=368"},"modified":"2026-02-02T04:57:17","modified_gmt":"2026-02-01T21:57:17","slug":"xe-nang-hang-unicarrier-5-tan-dau","status":"publish","type":"product","link":"https:\/\/kfh.com.vn\/en\/san-pham\/xe-nang-hang-unicarrier-5-tan-dau\/","title":{"rendered":"UNICARRIERS Forklift 5 T DG1F4F50 (diezel)"},"content":{"rendered":"<p><\/p>\n<table style=\"width: 65.4382%; height: 1083px;\" width=\"503\">\n<tbody>\n<tr>\n<td width=\"253\">Type<\/td>\n<td width=\"250\">Unicarriers Forklift 5T DG1F4F50<\/td>\n<\/tr>\n<tr>\n<td width=\"253\">Driving type<\/td>\n<td width=\"250\">Seating<\/td>\n<\/tr>\n<tr>\n<td width=\"253\">Original<\/td>\n<td width=\"250\">Japan<\/td>\n<\/tr>\n<tr>\n<td width=\"253\">Year of Manufacture<\/td>\n<td width=\"250\">2013-2014 or new 100%<\/td>\n<\/tr>\n<tr>\n<td width=\"253\">Fuel<\/td>\n<td width=\"250\">Diesel<\/td>\n<\/tr>\n<tr>\n<td width=\"253\">Maximum loading capacity<\/td>\n<td width=\"250\">5000 kg<\/td>\n<\/tr>\n<tr>\n<td width=\"253\">Loading capacity<\/td>\n<td width=\"250\">5000 kg<\/td>\n<\/tr>\n<tr>\n<td width=\"253\">Load center<\/td>\n<td width=\"250\">600mm<\/td>\n<\/tr>\n<tr>\n<td width=\"253\">Maximum fork height<\/td>\n<td width=\"250\">3000 \/ 3000 mm, 2 \/3 Mast<\/td>\n<\/tr>\n<tr>\n<td width=\"253\">Free Fork Height<\/td>\n<td width=\"250\">160mm<\/td>\n<\/tr>\n<tr>\n<td width=\"253\">Fork length<\/td>\n<td width=\"250\">1220mm<\/td>\n<\/tr>\n<tr>\n<td width=\"253\">Tyre<\/td>\n<td width=\"250\">Solid tire<\/td>\n<\/tr>\n<tr>\n<td width=\"253\">Height to Top of Overhead guard<\/td>\n<td width=\"250\"><\/td>\n<\/tr>\n<tr>\n<td width=\"253\">Height with Lowered Mast<\/td>\n<td width=\"250\"><\/td>\n<\/tr>\n<tr>\n<td width=\"253\">Height with Extended Mast<\/td>\n<td width=\"250\"><\/td>\n<\/tr>\n<tr>\n<td width=\"253\">Overall width<\/td>\n<td width=\"250\">1450 mm<\/td>\n<\/tr>\n<tr>\n<td width=\"253\">Overall lenght<\/td>\n<td width=\"250\">3450mm<\/td>\n<\/tr>\n<tr>\n<td width=\"253\">Turning Radius<\/td>\n<td width=\"250\"><\/td>\n<\/tr>\n<tr>\n<td width=\"253\">Lifting speeds (load \/ unload)<\/td>\n<td width=\"250\"><\/td>\n<\/tr>\n<tr>\n<td width=\"253\">Lowering speeds (load \/ unload)<\/td>\n<td width=\"250\"><\/td>\n<\/tr>\n<tr>\n<td width=\"253\">Travelling speeds (load \/ unload)<\/td>\n<td width=\"250\"><\/td>\n<\/tr>\n<tr>\n<td width=\"253\">Mast Tilt (forward \/ Backwward)<\/td>\n<td width=\"250\"><\/td>\n<\/tr>\n<tr>\n<td width=\"253\">Engine<\/td>\n<td width=\"250\"><\/td>\n<\/tr>\n<tr>\n<td width=\"253\">Engine max rated power<\/td>\n<td width=\"250\"><\/td>\n<\/tr>\n<tr>\n<td width=\"253\">Service brake<br \/>\nParking brake<\/td>\n<td width=\"250\">Hydraulic<br \/>\nHand<\/td>\n<\/tr>\n<tr>\n<td width=\"253\">Transmisson type<\/td>\n<td width=\"250\">Powershift<\/td>\n<\/tr>\n<tr>\n<td width=\"253\">Moving and lifting system<\/td>\n<td width=\"250\">Used a hydraulic pump system (Open circuit hydraulic system)<\/td>\n<\/tr>\n<tr>\n<td width=\"253\">Driving system<\/td>\n<td width=\"250\">Fully hrdraulic power steering<\/td>\n<\/tr>\n<tr>\n<td width=\"253\">IPS system<\/td>\n<td width=\"250\">&#8211; IPS &#8211; Intergrated digital monitors: The system automatically locks the lifting and moving function when the operator does not sit on the vehicle.<br \/>\n&#8211; Mast and travel interlock<br \/>\n&#8211; The indicator light will appear when the operator does not wear the seat belt<\/td>\n<\/tr>\n<\/tbody>\n<\/table>\n<p><\/p>","protected":false},"excerpt":{"rendered":"<p>KFH&#8217;s UNICARRIERS forklifts are new, integrated with all of the company&#8217;s latest features. Imported Japanese vehicles (vehicles made for the Japanese market only &#8211; domestic vehicles), original. Full range of manufacturers accompanied by the service system of the Japanese Kanamoto corporation standards. Ensure the device works in the best way, always satisfy all customers with different fields of activity!<\/p>\n","protected":false},"featured_media":375,"comment_status":"open","ping_status":"closed","template":"","meta":[],"product_cat":[23,18],"product_tag":[161,159,160,146],"yoast_head":"<!-- This site is optimized with the Yoast SEO plugin v21.5 - https:\/\/yoast.com\/wordpress\/plugins\/seo\/ -->\n<title>UNICARRIERS Forklift 5 T DG1F4F50 (diezel) - KFH - Kanamoto Fecon Hassyu<\/title>\n<meta name=\"robots\" content=\"index, follow, max-snippet:-1, max-image-preview:large, max-video-preview:-1\" \/>\n<link rel=\"canonical\" href=\"https:\/\/kfh.com.vn\/san-pham\/xe-nang-hang-unicarrier-5-tan-dau\/\" \/>\n<meta property=\"og:locale\" content=\"en_US\" \/>\n<meta property=\"og:type\" content=\"article\" \/>\n<meta property=\"og:title\" content=\"[:vi]Xe n\u00e2ng h\u00e0ng UNICARRIERS 5 T\u1ea5n DG1F4F50 (d\u1ea7u) [:en]UNICARRIERS Forklift 5 T DG1F4F50 (diezel)[:] - KFH - Kanamoto Fecon Hassyu\" \/>\n<meta property=\"og:description\" content=\"[:vi]Xe n\u00e2ng h\u00e0ng UNICARRIERS c\u1ee7a KFH l\u00e0 xe \u0111\u1eddi m\u1edbi nh\u1ea5t, \u0111\u01b0\u1ee3c t\u00edch h\u1ee3p t\u1ea5t c\u1ea3 c\u00e1c t\u00ednh n\u0103ng m\u1edbi nh\u1ea5t c\u1ee7a h\u00e3ng. Xe nh\u1eadp kh\u1ea9u Nh\u1eadt B\u1ea3n (xe s\u1ea3n xu\u1ea5t cho ri\u00eang th\u1ecb tr\u01b0\u1eddng Nh\u1eadt B\u1ea3n - xe n\u1ed9i \u0111\u1ecba), nguy\u00ean b\u1ea3n. \u0111\u1ea7y \u0111\u1ee7 c\u1ee7a nh\u00e0 s\u1ea3n xu\u1ea5t k\u00e8m v\u1edbi \u0111\u00f3 l\u00e0 h\u1ec7 th\u1ed1ng d\u1ecbch v\u1ee5 theo ti\u00eau chu\u1ea9n c\u1ee7a t\u1eadp \u0111o\u00e0n Kanamoto Nh\u1eadt B\u1ea3n. B\u1ea3o \u0111\u1ea3m thi\u1ebft b\u1ecb ho\u1ea1t \u0111\u1ed9ng m\u1ed9t c\u00e1ch t\u1ed1t nh\u1ea5t, lu\u00f4n l\u00e0m h\u00e0i l\u00f2ng m\u1ecdi kh\u00e1ch h\u00e0ng v\u1edbi c\u00e1c l\u0129nh v\u1ef1c ho\u1ea1t \u0111\u1ed9ng kh\u00e1c nhau![:en]KFH&#039;s UNICARRIERS forklifts are new, integrated with all of the company&#039;s latest features. Imported Japanese vehicles (vehicles made for the Japanese market only - domestic vehicles), original. Full range of manufacturers accompanied by the service system of the Japanese Kanamoto corporation standards. Ensure the device works in the best way, always satisfy all customers with different fields of activity![:]\" \/>\n<meta property=\"og:url\" content=\"https:\/\/kfh.com.vn\/san-pham\/xe-nang-hang-unicarrier-5-tan-dau\/\" \/>\n<meta property=\"og:site_name\" content=\"KFH - Kanamoto Fecon Hassyu\" \/>\n<meta property=\"article:modified_time\" content=\"2026-02-01T21:57:17+00:00\" \/>\n<meta property=\"og:image\" content=\"https:\/\/kfh.com.vn\/wp-content\/uploads\/2020\/03\/Xe-nang-hang-Unicarriers-5T.jpg\" \/>\n\t<meta property=\"og:image:width\" content=\"1280\" \/>\n\t<meta property=\"og:image:height\" content=\"960\" \/>\n\t<meta property=\"og:image:type\" content=\"image\/jpeg\" \/>\n<meta name=\"twitter:card\" content=\"summary_large_image\" \/>\n<meta name=\"twitter:label1\" content=\"Est. reading time\" \/>\n\t<meta name=\"twitter:data1\" content=\"2 minutes\" \/>\n<script type=\"application\/ld+json\" class=\"yoast-schema-graph\">{\"@context\":\"https:\/\/schema.org\",\"@graph\":[{\"@type\":\"WebPage\",\"@id\":\"https:\/\/kfh.com.vn\/san-pham\/xe-nang-hang-unicarrier-5-tan-dau\/\",\"url\":\"https:\/\/kfh.com.vn\/san-pham\/xe-nang-hang-unicarrier-5-tan-dau\/\",\"name\":\"[:vi]Xe n\u00e2ng h\u00e0ng UNICARRIERS 5 T\u1ea5n DG1F4F50 (d\u1ea7u) [:en]UNICARRIERS Forklift 5 T DG1F4F50 (diezel)[:] - KFH - Kanamoto Fecon Hassyu\",\"isPartOf\":{\"@id\":\"https:\/\/kfh.com.vn\/en\/#website\"},\"datePublished\":\"2020-03-26T06:30:06+00:00\",\"dateModified\":\"2026-02-01T21:57:17+00:00\",\"breadcrumb\":{\"@id\":\"https:\/\/kfh.com.vn\/san-pham\/xe-nang-hang-unicarrier-5-tan-dau\/#breadcrumb\"},\"inLanguage\":\"en-US\",\"potentialAction\":[{\"@type\":\"ReadAction\",\"target\":[\"https:\/\/kfh.com.vn\/san-pham\/xe-nang-hang-unicarrier-5-tan-dau\/\"]}]},{\"@type\":\"BreadcrumbList\",\"@id\":\"https:\/\/kfh.com.vn\/san-pham\/xe-nang-hang-unicarrier-5-tan-dau\/#breadcrumb\",\"itemListElement\":[{\"@type\":\"ListItem\",\"position\":1,\"name\":\"Trang ch\u1ee7\",\"item\":\"https:\/\/kfh.com.vn\/\"},{\"@type\":\"ListItem\",\"position\":2,\"name\":\"C\u1eeda h\u00e0ng\",\"item\":\"https:\/\/kfh.com.vn\/en\/mua\/\"},{\"@type\":\"ListItem\",\"position\":3,\"name\":\"Xe n\u00e2ng h\u00e0ng UNICARRIERS 5 T\u1ea5n DG1F4F50 (d\u1ea7u)\"}]},{\"@type\":\"WebSite\",\"@id\":\"https:\/\/kfh.com.vn\/en\/#website\",\"url\":\"https:\/\/kfh.com.vn\/en\/\",\"name\":\"KFH - Kanamoto Fecon Hassyu\",\"description\":\"C\u00f4ng ty c\u1ed5 ph\u1ea7n cho Thu\u00ea thi\u1ebft b\u1ecb\",\"publisher\":{\"@id\":\"https:\/\/kfh.com.vn\/en\/#\/schema\/person\/d9abb8c80170ac74d437a77950ff3f60\"},\"potentialAction\":[{\"@type\":\"SearchAction\",\"target\":{\"@type\":\"EntryPoint\",\"urlTemplate\":\"https:\/\/kfh.com.vn\/en\/?s={search_term_string}\"},\"query-input\":\"required name=search_term_string\"}],\"inLanguage\":\"en-US\"},{\"@type\":[\"Person\",\"Organization\"],\"@id\":\"https:\/\/kfh.com.vn\/en\/#\/schema\/person\/d9abb8c80170ac74d437a77950ff3f60\",\"name\":\"kfh\",\"image\":{\"@type\":\"ImageObject\",\"inLanguage\":\"en-US\",\"@id\":\"https:\/\/kfh.com.vn\/en\/#\/schema\/person\/image\/\",\"url\":\"https:\/\/secure.gravatar.com\/avatar\/5ebb68e80ab022176e9fc383a566aaee?s=96&d=mm&r=g\",\"contentUrl\":\"https:\/\/secure.gravatar.com\/avatar\/5ebb68e80ab022176e9fc383a566aaee?s=96&d=mm&r=g\",\"caption\":\"kfh\"},\"logo\":{\"@id\":\"https:\/\/kfh.com.vn\/en\/#\/schema\/person\/image\/\"}}]}<\/script>\n<!-- \/ Yoast SEO plugin. -->","yoast_head_json":{"title":"[:vi]Xe n\u00e2ng h\u00e0ng UNICARRIERS 5 T\u1ea5n DG1F4F50 (d\u1ea7u) [:en]UNICARRIERS Forklift 5 T DG1F4F50 (diezel)[:] - KFH - Kanamoto Fecon Hassyu","robots":{"index":"index","follow":"follow","max-snippet":"max-snippet:-1","max-image-preview":"max-image-preview:large","max-video-preview":"max-video-preview:-1"},"canonical":"https:\/\/kfh.com.vn\/san-pham\/xe-nang-hang-unicarrier-5-tan-dau\/","og_locale":"en_US","og_type":"article","og_title":"[:vi]Xe n\u00e2ng h\u00e0ng UNICARRIERS 5 T\u1ea5n DG1F4F50 (d\u1ea7u) [:en]UNICARRIERS Forklift 5 T DG1F4F50 (diezel)[:] - KFH - Kanamoto Fecon Hassyu","og_description":"[:vi]Xe n\u00e2ng h\u00e0ng UNICARRIERS c\u1ee7a KFH l\u00e0 xe \u0111\u1eddi m\u1edbi nh\u1ea5t, \u0111\u01b0\u1ee3c t\u00edch h\u1ee3p t\u1ea5t c\u1ea3 c\u00e1c t\u00ednh n\u0103ng m\u1edbi nh\u1ea5t c\u1ee7a h\u00e3ng. Xe nh\u1eadp kh\u1ea9u Nh\u1eadt B\u1ea3n (xe s\u1ea3n xu\u1ea5t cho ri\u00eang th\u1ecb tr\u01b0\u1eddng Nh\u1eadt B\u1ea3n - xe n\u1ed9i \u0111\u1ecba), nguy\u00ean b\u1ea3n. \u0111\u1ea7y \u0111\u1ee7 c\u1ee7a nh\u00e0 s\u1ea3n xu\u1ea5t k\u00e8m v\u1edbi \u0111\u00f3 l\u00e0 h\u1ec7 th\u1ed1ng d\u1ecbch v\u1ee5 theo ti\u00eau chu\u1ea9n c\u1ee7a t\u1eadp \u0111o\u00e0n Kanamoto Nh\u1eadt B\u1ea3n. B\u1ea3o \u0111\u1ea3m thi\u1ebft b\u1ecb ho\u1ea1t \u0111\u1ed9ng m\u1ed9t c\u00e1ch t\u1ed1t nh\u1ea5t, lu\u00f4n l\u00e0m h\u00e0i l\u00f2ng m\u1ecdi kh\u00e1ch h\u00e0ng v\u1edbi c\u00e1c l\u0129nh v\u1ef1c ho\u1ea1t \u0111\u1ed9ng kh\u00e1c nhau![:en]KFH's UNICARRIERS forklifts are new, integrated with all of the company's latest features. Imported Japanese vehicles (vehicles made for the Japanese market only - domestic vehicles), original. Full range of manufacturers accompanied by the service system of the Japanese Kanamoto corporation standards. Ensure the device works in the best way, always satisfy all customers with different fields of activity![:]","og_url":"https:\/\/kfh.com.vn\/san-pham\/xe-nang-hang-unicarrier-5-tan-dau\/","og_site_name":"KFH - Kanamoto Fecon Hassyu","article_modified_time":"2026-02-01T21:57:17+00:00","og_image":[{"width":1280,"height":960,"url":"https:\/\/kfh.com.vn\/wp-content\/uploads\/2020\/03\/Xe-nang-hang-Unicarriers-5T.jpg","type":"image\/jpeg"}],"twitter_card":"summary_large_image","twitter_misc":{"Est. reading time":"2 minutes"},"schema":{"@context":"https:\/\/schema.org","@graph":[{"@type":"WebPage","@id":"https:\/\/kfh.com.vn\/san-pham\/xe-nang-hang-unicarrier-5-tan-dau\/","url":"https:\/\/kfh.com.vn\/san-pham\/xe-nang-hang-unicarrier-5-tan-dau\/","name":"[:vi]Xe n\u00e2ng h\u00e0ng UNICARRIERS 5 T\u1ea5n DG1F4F50 (d\u1ea7u) [:en]UNICARRIERS Forklift 5 T DG1F4F50 (diezel)[:] - KFH - Kanamoto Fecon Hassyu","isPartOf":{"@id":"https:\/\/kfh.com.vn\/en\/#website"},"datePublished":"2020-03-26T06:30:06+00:00","dateModified":"2026-02-01T21:57:17+00:00","breadcrumb":{"@id":"https:\/\/kfh.com.vn\/san-pham\/xe-nang-hang-unicarrier-5-tan-dau\/#breadcrumb"},"inLanguage":"en-US","potentialAction":[{"@type":"ReadAction","target":["https:\/\/kfh.com.vn\/san-pham\/xe-nang-hang-unicarrier-5-tan-dau\/"]}]},{"@type":"BreadcrumbList","@id":"https:\/\/kfh.com.vn\/san-pham\/xe-nang-hang-unicarrier-5-tan-dau\/#breadcrumb","itemListElement":[{"@type":"ListItem","position":1,"name":"Trang ch\u1ee7","item":"https:\/\/kfh.com.vn\/"},{"@type":"ListItem","position":2,"name":"C\u1eeda h\u00e0ng","item":"https:\/\/kfh.com.vn\/en\/mua\/"},{"@type":"ListItem","position":3,"name":"Xe n\u00e2ng h\u00e0ng UNICARRIERS 5 T\u1ea5n DG1F4F50 (d\u1ea7u)"}]},{"@type":"WebSite","@id":"https:\/\/kfh.com.vn\/en\/#website","url":"https:\/\/kfh.com.vn\/en\/","name":"KFH - Kanamoto Fecon Hassyu","description":"C\u00f4ng ty c\u1ed5 ph\u1ea7n cho Thu\u00ea thi\u1ebft b\u1ecb","publisher":{"@id":"https:\/\/kfh.com.vn\/en\/#\/schema\/person\/d9abb8c80170ac74d437a77950ff3f60"},"potentialAction":[{"@type":"SearchAction","target":{"@type":"EntryPoint","urlTemplate":"https:\/\/kfh.com.vn\/en\/?s={search_term_string}"},"query-input":"required name=search_term_string"}],"inLanguage":"en-US"},{"@type":["Person","Organization"],"@id":"https:\/\/kfh.com.vn\/en\/#\/schema\/person\/d9abb8c80170ac74d437a77950ff3f60","name":"kfh","image":{"@type":"ImageObject","inLanguage":"en-US","@id":"https:\/\/kfh.com.vn\/en\/#\/schema\/person\/image\/","url":"https:\/\/secure.gravatar.com\/avatar\/5ebb68e80ab022176e9fc383a566aaee?s=96&d=mm&r=g","contentUrl":"https:\/\/secure.gravatar.com\/avatar\/5ebb68e80ab022176e9fc383a566aaee?s=96&d=mm&r=g","caption":"kfh"},"logo":{"@id":"https:\/\/kfh.com.vn\/en\/#\/schema\/person\/image\/"}}]}},"_links":{"self":[{"href":"https:\/\/kfh.com.vn\/en\/wp-json\/wp\/v2\/product\/368"}],"collection":[{"href":"https:\/\/kfh.com.vn\/en\/wp-json\/wp\/v2\/product"}],"about":[{"href":"https:\/\/kfh.com.vn\/en\/wp-json\/wp\/v2\/types\/product"}],"replies":[{"embeddable":true,"href":"https:\/\/kfh.com.vn\/en\/wp-json\/wp\/v2\/comments?post=368"}],"wp:featuredmedia":[{"embeddable":true,"href":"https:\/\/kfh.com.vn\/en\/wp-json\/wp\/v2\/media\/375"}],"wp:attachment":[{"href":"https:\/\/kfh.com.vn\/en\/wp-json\/wp\/v2\/media?parent=368"}],"wp:term":[{"taxonomy":"product_cat","embeddable":true,"href":"https:\/\/kfh.com.vn\/en\/wp-json\/wp\/v2\/product_cat?post=368"},{"taxonomy":"product_tag","embeddable":true,"href":"https:\/\/kfh.com.vn\/en\/wp-json\/wp\/v2\/product_tag?post=368"}],"curies":[{"name":"wp","href":"https:\/\/api.w.org\/{rel}","templated":true}]}}