{"id":337,"date":"2020-03-24T03:57:44","date_gmt":"2020-03-24T03:57:44","guid":{"rendered":"http:\/\/khachhang2.web3b.com\/kfh\/?post_type=product&#038;p=337"},"modified":"2024-03-24T06:36:00","modified_gmt":"2024-03-23T23:36:00","slug":"xe-nang-nguoi-cat-keo-gs-2646","status":"publish","type":"product","link":"https:\/\/kfh.com.vn\/en\/san-pham\/xe-nang-nguoi-cat-keo-gs-2646\/","title":{"rendered":"Scissor lift GENIE GS &#8211; 2646 (10m)"},"content":{"rendered":"<p><\/p>\n<div class=\"tlid-input input\">\n<div class=\"tlid-language-bar ls-wrap\">\n<div class=\"sl-wrap\">\n<div class=\"sl-sugg\">EQUIPMENT NAME: SCISSOR LIFT<\/div>\n<\/div>\n<\/div>\n<\/div>\n<div class=\"tlid-results-container results-container\">\n<div class=\"tlid-result result-dict-wrapper\">\n<div class=\"result tlid-copy-target\">\n<div class=\"text-wrap tlid-copy-target\">\n<div class=\"result-shield-container tlid-copy-target\" tabindex=\"0\"><span class=\"tlid-translation translation\" lang=\"en\"><span class=\"tlid-translation translation\" lang=\"en\"><br \/>\n<span title=\"\">MODEL: GS &#8211; 2646<\/span><\/span><\/span><span title=\"\">(SMARTLINK)<\/span><\/p>\n<p><span title=\"\">MANUFACTURER: GENIE<\/span><\/p>\n<p><span title=\"\">Control system and power supply: Battery power<\/span><\/p>\n<p><span class=\"\" title=\"\">Battery capacity: 4 x 240 AH<\/span><\/p>\n<p><span class=\"\" title=\"\">Maximum lifting capacity: 454 (KG)<\/span><\/p>\n<p><span title=\"\">Maximum Lifting Height: 9.92 (m)<\/span><\/p>\n<p><span class=\"\" title=\"\">Max climbing ability: 30% \/ 16.7 degrees<\/span><\/p>\n<p><span class=\"\" title=\"\">Overall dimensions: D x W x C: 2350 (2410 mm including ladder) x 1170 x 2260 (mm)<\/span><\/p>\n<p><span class=\"\" title=\"\">Weight: 1906\/1956 (Kg)<\/span><\/p>\n<p><span title=\"\">Origin: USA<\/span><\/p>\n<\/div>\n<\/div>\n<\/div>\n<\/div>\n<\/div>\n<p><\/p>","protected":false},"excerpt":{"rendered":"<p>GENIE&#8217;s Scissor Forklift &#8211; USA, with a working height of 10 m, lifting load 454 Kg, modern structure, 2013-2015 high-life vehicle is equipped with SMATLINK sensor and warning systems. Battery electric vehicles are equipped with KFH with large capacity (240AH). Suitable for projects working in factories, floors, &#8230;<\/p>\n","protected":false},"featured_media":347,"comment_status":"open","ping_status":"closed","template":"","meta":[],"product_cat":[24],"product_tag":[],"yoast_head":"<!-- This site is optimized with the Yoast SEO plugin v21.5 - https:\/\/yoast.com\/wordpress\/plugins\/seo\/ -->\n<title>Xe n\u00e2ng ng\u01b0\u1eddi GENIE GS - 2646 (10m) | Gi\u00e1 thu\u00ea xe n\u00e2ng 2023 | KFH<\/title>\n<meta name=\"description\" content=\"Xe n\u00e2ng ng\u01b0\u1eddi Genie l\u00e0 l\u1ef1a ch\u1ecdn h\u00e0ng \u0111\u1ea7u cho doanh nghi\u1ec7p, h\u1ed7 tr\u1ee3 c\u00e1c c\u00f4ng vi\u1ec7c s\u1eeda ch\u1eefa, b\u1ea3o tr\u00ec, b\u1ea3o d\u01b0\u1ee1ng c\u00e1c khu v\u1ef1c tr\u00ean cao,...\" \/>\n<meta name=\"robots\" content=\"index, follow, max-snippet:-1, max-image-preview:large, max-video-preview:-1\" \/>\n<link rel=\"canonical\" href=\"https:\/\/kfh.com.vn\/san-pham\/xe-nang-nguoi-cat-keo-gs-2646\/\" \/>\n<meta property=\"og:locale\" content=\"en_US\" \/>\n<meta property=\"og:type\" content=\"article\" \/>\n<meta property=\"og:title\" content=\"Xe n\u00e2ng ng\u01b0\u1eddi GENIE GS - 2646 (10m) | Gi\u00e1 thu\u00ea xe n\u00e2ng 2023 | KFH\" \/>\n<meta property=\"og:description\" content=\"Xe n\u00e2ng ng\u01b0\u1eddi Genie l\u00e0 l\u1ef1a ch\u1ecdn h\u00e0ng \u0111\u1ea7u cho doanh nghi\u1ec7p, h\u1ed7 tr\u1ee3 c\u00e1c c\u00f4ng vi\u1ec7c s\u1eeda ch\u1eefa, b\u1ea3o tr\u00ec, b\u1ea3o d\u01b0\u1ee1ng c\u00e1c khu v\u1ef1c tr\u00ean cao,...\" \/>\n<meta property=\"og:url\" content=\"https:\/\/kfh.com.vn\/san-pham\/xe-nang-nguoi-cat-keo-gs-2646\/\" \/>\n<meta property=\"og:site_name\" content=\"KFH - Kanamoto Fecon Hassyu\" \/>\n<meta property=\"article:modified_time\" content=\"2024-03-23T23:36:00+00:00\" \/>\n<meta property=\"og:image\" content=\"https:\/\/kfh.com.vn\/wp-content\/uploads\/2020\/03\/Xe-nang-cat-keo-GENIE-GS-2646-0.jpg\" \/>\n\t<meta property=\"og:image:width\" content=\"1280\" \/>\n\t<meta property=\"og:image:height\" content=\"960\" \/>\n\t<meta property=\"og:image:type\" content=\"image\/jpeg\" \/>\n<meta name=\"twitter:card\" content=\"summary_large_image\" \/>\n<meta name=\"twitter:label1\" content=\"Est. reading time\" \/>\n\t<meta name=\"twitter:data1\" content=\"10 minutes\" \/>\n<script type=\"application\/ld+json\" class=\"yoast-schema-graph\">{\"@context\":\"https:\/\/schema.org\",\"@graph\":[{\"@type\":\"WebPage\",\"@id\":\"https:\/\/kfh.com.vn\/san-pham\/xe-nang-nguoi-cat-keo-gs-2646\/\",\"url\":\"https:\/\/kfh.com.vn\/san-pham\/xe-nang-nguoi-cat-keo-gs-2646\/\",\"name\":\"Xe n\u00e2ng ng\u01b0\u1eddi GENIE GS - 2646 (10m) | Gi\u00e1 thu\u00ea xe n\u00e2ng 2023 | KFH\",\"isPartOf\":{\"@id\":\"https:\/\/kfh.com.vn\/en\/#website\"},\"datePublished\":\"2020-03-24T03:57:44+00:00\",\"dateModified\":\"2024-03-23T23:36:00+00:00\",\"description\":\"Xe n\u00e2ng ng\u01b0\u1eddi Genie l\u00e0 l\u1ef1a ch\u1ecdn h\u00e0ng \u0111\u1ea7u cho doanh nghi\u1ec7p, h\u1ed7 tr\u1ee3 c\u00e1c c\u00f4ng vi\u1ec7c s\u1eeda ch\u1eefa, b\u1ea3o tr\u00ec, b\u1ea3o d\u01b0\u1ee1ng c\u00e1c khu v\u1ef1c tr\u00ean cao,...\",\"breadcrumb\":{\"@id\":\"https:\/\/kfh.com.vn\/san-pham\/xe-nang-nguoi-cat-keo-gs-2646\/#breadcrumb\"},\"inLanguage\":\"en-US\",\"potentialAction\":[{\"@type\":\"ReadAction\",\"target\":[\"https:\/\/kfh.com.vn\/san-pham\/xe-nang-nguoi-cat-keo-gs-2646\/\"]}]},{\"@type\":\"BreadcrumbList\",\"@id\":\"https:\/\/kfh.com.vn\/san-pham\/xe-nang-nguoi-cat-keo-gs-2646\/#breadcrumb\",\"itemListElement\":[{\"@type\":\"ListItem\",\"position\":1,\"name\":\"Trang ch\u1ee7\",\"item\":\"https:\/\/kfh.com.vn\/\"},{\"@type\":\"ListItem\",\"position\":2,\"name\":\"C\u1eeda h\u00e0ng\",\"item\":\"https:\/\/kfh.com.vn\/en\/mua\/\"},{\"@type\":\"ListItem\",\"position\":3,\"name\":\"Xe n\u00e2ng ng\u01b0\u1eddi GENIE GS &#8211; 2646 (10m)\"}]},{\"@type\":\"WebSite\",\"@id\":\"https:\/\/kfh.com.vn\/en\/#website\",\"url\":\"https:\/\/kfh.com.vn\/en\/\",\"name\":\"KFH - Kanamoto Fecon Hassyu\",\"description\":\"C\u00f4ng ty c\u1ed5 ph\u1ea7n cho Thu\u00ea thi\u1ebft b\u1ecb\",\"publisher\":{\"@id\":\"https:\/\/kfh.com.vn\/en\/#\/schema\/person\/d9abb8c80170ac74d437a77950ff3f60\"},\"potentialAction\":[{\"@type\":\"SearchAction\",\"target\":{\"@type\":\"EntryPoint\",\"urlTemplate\":\"https:\/\/kfh.com.vn\/en\/?s={search_term_string}\"},\"query-input\":\"required name=search_term_string\"}],\"inLanguage\":\"en-US\"},{\"@type\":[\"Person\",\"Organization\"],\"@id\":\"https:\/\/kfh.com.vn\/en\/#\/schema\/person\/d9abb8c80170ac74d437a77950ff3f60\",\"name\":\"kfh\",\"image\":{\"@type\":\"ImageObject\",\"inLanguage\":\"en-US\",\"@id\":\"https:\/\/kfh.com.vn\/en\/#\/schema\/person\/image\/\",\"url\":\"https:\/\/secure.gravatar.com\/avatar\/5ebb68e80ab022176e9fc383a566aaee?s=96&d=mm&r=g\",\"contentUrl\":\"https:\/\/secure.gravatar.com\/avatar\/5ebb68e80ab022176e9fc383a566aaee?s=96&d=mm&r=g\",\"caption\":\"kfh\"},\"logo\":{\"@id\":\"https:\/\/kfh.com.vn\/en\/#\/schema\/person\/image\/\"}}]}<\/script>\n<!-- \/ Yoast SEO plugin. -->","yoast_head_json":{"title":"Xe n\u00e2ng ng\u01b0\u1eddi GENIE GS - 2646 (10m) | Gi\u00e1 thu\u00ea xe n\u00e2ng 2023 | KFH","description":"Xe n\u00e2ng ng\u01b0\u1eddi Genie l\u00e0 l\u1ef1a ch\u1ecdn h\u00e0ng \u0111\u1ea7u cho doanh nghi\u1ec7p, h\u1ed7 tr\u1ee3 c\u00e1c c\u00f4ng vi\u1ec7c s\u1eeda ch\u1eefa, b\u1ea3o tr\u00ec, b\u1ea3o d\u01b0\u1ee1ng c\u00e1c khu v\u1ef1c tr\u00ean cao,...","robots":{"index":"index","follow":"follow","max-snippet":"max-snippet:-1","max-image-preview":"max-image-preview:large","max-video-preview":"max-video-preview:-1"},"canonical":"https:\/\/kfh.com.vn\/san-pham\/xe-nang-nguoi-cat-keo-gs-2646\/","og_locale":"en_US","og_type":"article","og_title":"Xe n\u00e2ng ng\u01b0\u1eddi GENIE GS - 2646 (10m) | Gi\u00e1 thu\u00ea xe n\u00e2ng 2023 | KFH","og_description":"Xe n\u00e2ng ng\u01b0\u1eddi Genie l\u00e0 l\u1ef1a ch\u1ecdn h\u00e0ng \u0111\u1ea7u cho doanh nghi\u1ec7p, h\u1ed7 tr\u1ee3 c\u00e1c c\u00f4ng vi\u1ec7c s\u1eeda ch\u1eefa, b\u1ea3o tr\u00ec, b\u1ea3o d\u01b0\u1ee1ng c\u00e1c khu v\u1ef1c tr\u00ean cao,...","og_url":"https:\/\/kfh.com.vn\/san-pham\/xe-nang-nguoi-cat-keo-gs-2646\/","og_site_name":"KFH - Kanamoto Fecon Hassyu","article_modified_time":"2024-03-23T23:36:00+00:00","og_image":[{"width":1280,"height":960,"url":"https:\/\/kfh.com.vn\/wp-content\/uploads\/2020\/03\/Xe-nang-cat-keo-GENIE-GS-2646-0.jpg","type":"image\/jpeg"}],"twitter_card":"summary_large_image","twitter_misc":{"Est. reading time":"10 minutes"},"schema":{"@context":"https:\/\/schema.org","@graph":[{"@type":"WebPage","@id":"https:\/\/kfh.com.vn\/san-pham\/xe-nang-nguoi-cat-keo-gs-2646\/","url":"https:\/\/kfh.com.vn\/san-pham\/xe-nang-nguoi-cat-keo-gs-2646\/","name":"Xe n\u00e2ng ng\u01b0\u1eddi GENIE GS - 2646 (10m) | Gi\u00e1 thu\u00ea xe n\u00e2ng 2023 | KFH","isPartOf":{"@id":"https:\/\/kfh.com.vn\/en\/#website"},"datePublished":"2020-03-24T03:57:44+00:00","dateModified":"2024-03-23T23:36:00+00:00","description":"Xe n\u00e2ng ng\u01b0\u1eddi Genie l\u00e0 l\u1ef1a ch\u1ecdn h\u00e0ng \u0111\u1ea7u cho doanh nghi\u1ec7p, h\u1ed7 tr\u1ee3 c\u00e1c c\u00f4ng vi\u1ec7c s\u1eeda ch\u1eefa, b\u1ea3o tr\u00ec, b\u1ea3o d\u01b0\u1ee1ng c\u00e1c khu v\u1ef1c tr\u00ean cao,...","breadcrumb":{"@id":"https:\/\/kfh.com.vn\/san-pham\/xe-nang-nguoi-cat-keo-gs-2646\/#breadcrumb"},"inLanguage":"en-US","potentialAction":[{"@type":"ReadAction","target":["https:\/\/kfh.com.vn\/san-pham\/xe-nang-nguoi-cat-keo-gs-2646\/"]}]},{"@type":"BreadcrumbList","@id":"https:\/\/kfh.com.vn\/san-pham\/xe-nang-nguoi-cat-keo-gs-2646\/#breadcrumb","itemListElement":[{"@type":"ListItem","position":1,"name":"Trang ch\u1ee7","item":"https:\/\/kfh.com.vn\/"},{"@type":"ListItem","position":2,"name":"C\u1eeda h\u00e0ng","item":"https:\/\/kfh.com.vn\/en\/mua\/"},{"@type":"ListItem","position":3,"name":"Xe n\u00e2ng ng\u01b0\u1eddi GENIE GS &#8211; 2646 (10m)"}]},{"@type":"WebSite","@id":"https:\/\/kfh.com.vn\/en\/#website","url":"https:\/\/kfh.com.vn\/en\/","name":"KFH - Kanamoto Fecon Hassyu","description":"C\u00f4ng ty c\u1ed5 ph\u1ea7n cho Thu\u00ea thi\u1ebft b\u1ecb","publisher":{"@id":"https:\/\/kfh.com.vn\/en\/#\/schema\/person\/d9abb8c80170ac74d437a77950ff3f60"},"potentialAction":[{"@type":"SearchAction","target":{"@type":"EntryPoint","urlTemplate":"https:\/\/kfh.com.vn\/en\/?s={search_term_string}"},"query-input":"required name=search_term_string"}],"inLanguage":"en-US"},{"@type":["Person","Organization"],"@id":"https:\/\/kfh.com.vn\/en\/#\/schema\/person\/d9abb8c80170ac74d437a77950ff3f60","name":"kfh","image":{"@type":"ImageObject","inLanguage":"en-US","@id":"https:\/\/kfh.com.vn\/en\/#\/schema\/person\/image\/","url":"https:\/\/secure.gravatar.com\/avatar\/5ebb68e80ab022176e9fc383a566aaee?s=96&d=mm&r=g","contentUrl":"https:\/\/secure.gravatar.com\/avatar\/5ebb68e80ab022176e9fc383a566aaee?s=96&d=mm&r=g","caption":"kfh"},"logo":{"@id":"https:\/\/kfh.com.vn\/en\/#\/schema\/person\/image\/"}}]}},"_links":{"self":[{"href":"https:\/\/kfh.com.vn\/en\/wp-json\/wp\/v2\/product\/337"}],"collection":[{"href":"https:\/\/kfh.com.vn\/en\/wp-json\/wp\/v2\/product"}],"about":[{"href":"https:\/\/kfh.com.vn\/en\/wp-json\/wp\/v2\/types\/product"}],"replies":[{"embeddable":true,"href":"https:\/\/kfh.com.vn\/en\/wp-json\/wp\/v2\/comments?post=337"}],"wp:featuredmedia":[{"embeddable":true,"href":"https:\/\/kfh.com.vn\/en\/wp-json\/wp\/v2\/media\/347"}],"wp:attachment":[{"href":"https:\/\/kfh.com.vn\/en\/wp-json\/wp\/v2\/media?parent=337"}],"wp:term":[{"taxonomy":"product_cat","embeddable":true,"href":"https:\/\/kfh.com.vn\/en\/wp-json\/wp\/v2\/product_cat?post=337"},{"taxonomy":"product_tag","embeddable":true,"href":"https:\/\/kfh.com.vn\/en\/wp-json\/wp\/v2\/product_tag?post=337"}],"curies":[{"name":"wp","href":"https:\/\/api.w.org\/{rel}","templated":true}]}}