{"id":267,"date":"2019-12-17T10:00:58","date_gmt":"2019-12-17T10:00:58","guid":{"rendered":"http:\/\/khachhang2.web3b.com\/kfh\/?post_type=product&#038;p=267"},"modified":"2023-10-21T22:42:43","modified_gmt":"2023-10-21T15:42:43","slug":"may-phat-dien-denyo-dca-45-esh","status":"publish","type":"product","link":"https:\/\/kfh.com.vn\/en\/san-pham\/may-phat-dien-denyo-dca-45-esh\/","title":{"rendered":"GENERATOR DENYO DCA &#8211; 45ESH"},"content":{"rendered":"<p><\/p>\n<table width=\"718\">\n<tbody>\n<tr>\n<td colspan=\"7\" width=\"718\"><strong>DENYO DCA- 45 ESH<\/strong><\/td>\n<\/tr>\n<tr>\n<td colspan=\"3\" width=\"364\">Generator : 3 phases , 4 Wire , cos 0.8<\/td>\n<td colspan=\"3\" width=\"354\">Diesel Engine : HINO<\/td>\n<td width=\"1\">&nbsp;<\/td>\n<\/tr>\n<tr>\n<td colspan=\"3\" width=\"364\">Model: DCA-45 ESH<\/td>\n<td colspan=\"3\" width=\"354\">Model: W04D-K<\/td>\n<td width=\"1\">&nbsp;<\/td>\n<\/tr>\n<tr>\n<td width=\"153\">Continuous \/ Standby\u00a0 Range Output<\/td>\n<td width=\"97\">37 KVA<\/td>\n<td width=\"114\">45 KVA<\/td>\n<td rowspan=\"2\" width=\"122\">Output rating<\/td>\n<td width=\"113\">34.2 KW<\/td>\n<td width=\"119\">1500\/min<\/td>\n<td width=\"1\">&nbsp;<\/td>\n<\/tr>\n<tr>\n<td width=\"153\">Rated voltage<\/td>\n<td width=\"97\">200V<\/td>\n<td width=\"114\">220V<\/td>\n<td width=\"113\">41.9 KW<\/td>\n<td width=\"119\">1800\/min<\/td>\n<td width=\"1\">&nbsp;<\/td>\n<\/tr>\n<tr>\n<td width=\"153\">Frequency<\/td>\n<td width=\"97\">50 HZ<\/td>\n<td width=\"114\">60 HZ<\/td>\n<td colspan=\"3\" width=\"354\">&nbsp;<\/td>\n<td width=\"1\">&nbsp;<\/td>\n<\/tr>\n<tr>\n<td colspan=\"3\" width=\"364\">Dimensions: L x W x H<\/p>\n<p>2000 x 880 x 1250 (mm)<\/td>\n<td colspan=\"3\" width=\"354\">Weight<\/p>\n<p>1300( kg)<\/td>\n<td width=\"1\">&nbsp;<\/td>\n<\/tr>\n<\/tbody>\n<\/table>\n<p><\/p>","protected":false},"excerpt":{"rendered":"<p>Generator DCA-45ESH is one of the models produced by DENYO, Japan&#8217;s No. 1 generator company. In particular, like all other KFH generators, the DCA-45ESH is designed and manufactured exclusively for the Japanese market, so all standards are about Power, Stability, Safety, and emissions. , noise canceling &#8230; reach the highest level of the manufacturer. Besides, KFH&#8217;s technical care according to Kanamoto and DENYO standards ensures the machine always operates in the best mode.<\/p>\n","protected":false},"featured_media":268,"comment_status":"open","ping_status":"closed","template":"","meta":[],"product_cat":[21],"product_tag":[184,118,185,121,122,123],"yoast_head":"<!-- This site is optimized with the Yoast SEO plugin v21.5 - https:\/\/yoast.com\/wordpress\/plugins\/seo\/ -->\n<title>GENERATOR DENYO DCA - 45ESH - KFH - Kanamoto Fecon Hassyu<\/title>\n<meta name=\"robots\" content=\"index, follow, max-snippet:-1, max-image-preview:large, max-video-preview:-1\" \/>\n<link rel=\"canonical\" href=\"https:\/\/kfh.com.vn\/san-pham\/may-phat-dien-denyo-dca-45-esh\/\" \/>\n<meta property=\"og:locale\" content=\"en_US\" \/>\n<meta property=\"og:type\" content=\"article\" \/>\n<meta property=\"og:title\" content=\"[:vi]M\u00e1y ph\u00e1t \u0111i\u1ec7n DENYO DCA - 45 ESH[:en]GENERATOR DENYO DCA - 45ESH[:] - KFH - Kanamoto Fecon Hassyu\" \/>\n<meta property=\"og:description\" content=\"[:vi]M\u00e1y ph\u00e1t \u0111i\u1ec7n DCA-45ESH l\u00e0 m\u1ed9t trong nh\u1eefng model \u0111\u01b0\u1ee3c s\u1ea3n xu\u1ea5t b\u1edfi\u00a0 DENYO, t\u1eadp \u0111o\u00e0n s\u1ed1 1 Nh\u1eadt B\u1ea3n\u00a0 v\u1ec1 m\u00e1y ph\u00e1t \u0111i\u1ec7n. \u0110\u1eb7c bi\u1ec7t, c\u0169ng nh\u01b0 t\u1ea5t c\u1ea3 c\u00e1c d\u00f2ng m\u00e1y ph\u00e1t kh\u00e1c c\u1ee7a KFH, m\u00e1y DCA-45ESH \u0111\u01b0\u1ee3c thi\u1ebft k\u1ebf, s\u1ea3n xu\u1ea5t ri\u00eang cho th\u1ecb tr\u01b0\u1eddng Nh\u1eadt B\u1ea3n n\u00ean t\u1ea5t c\u1ea3 c\u00e1c ti\u00eau chu\u1ea9n v\u1ec1 C\u00f4ng su\u1ea5t, \u0110\u1ed9 \u1ed5n \u0111\u1ecbnh, An to\u00e0n, kh\u00ed th\u1ea3i, ch\u1ed1ng \u1ed3n\u2026 \u0111\u1ea1t m\u1ee9c cao nh\u1ea5t c\u1ee7a h\u00e3ng s\u1ea3n xu\u1ea5t. B\u00ean c\u1ea1nh \u0111\u00f3 l\u00e0 ch\u1ebf \u0111\u1ed9 ch\u0103m s\u00f3c k\u1ef9 thu\u1eadt c\u1ee7a KFH theo ti\u00eau chu\u1ea9n c\u1ee7a t\u1eadp \u0111o\u00e0n Kanamoto v\u00e0 DENYO b\u1ea3o \u0111\u1ea3m m\u00e1y lu\u00f4n ho\u1ea1t \u0111\u1ed9ng \u1edf ch\u1ebf \u0111\u1ed9 t\u1ed1t nh\u1ea5t.  &nbsp;[:en]Generator DCA-45ESH is one of the models produced by DENYO, Japan&#039;s No. 1 generator company. In particular, like all other KFH generators, the DCA-45ESH is designed and manufactured exclusively for the Japanese market, so all standards are about Power, Stability, Safety, and emissions. , noise canceling ... reach the highest level of the manufacturer. Besides, KFH&#039;s technical care according to Kanamoto and DENYO standards ensures the machine always operates in the best mode.[:]\" \/>\n<meta property=\"og:url\" content=\"https:\/\/kfh.com.vn\/san-pham\/may-phat-dien-denyo-dca-45-esh\/\" \/>\n<meta property=\"og:site_name\" content=\"KFH - Kanamoto Fecon Hassyu\" \/>\n<meta property=\"article:modified_time\" content=\"2023-10-21T15:42:43+00:00\" \/>\n<meta property=\"og:image\" content=\"https:\/\/kfh.com.vn\/wp-content\/uploads\/2019\/12\/may-phat-dien-DENYO-45-ESH.jpg\" \/>\n\t<meta property=\"og:image:width\" content=\"800\" \/>\n\t<meta property=\"og:image:height\" content=\"468\" \/>\n\t<meta property=\"og:image:type\" content=\"image\/jpeg\" \/>\n<meta name=\"twitter:card\" content=\"summary_large_image\" \/>\n<meta name=\"twitter:label1\" content=\"Est. reading time\" \/>\n\t<meta name=\"twitter:data1\" content=\"1 minute\" \/>\n<script type=\"application\/ld+json\" class=\"yoast-schema-graph\">{\"@context\":\"https:\/\/schema.org\",\"@graph\":[{\"@type\":\"WebPage\",\"@id\":\"https:\/\/kfh.com.vn\/san-pham\/may-phat-dien-denyo-dca-45-esh\/\",\"url\":\"https:\/\/kfh.com.vn\/san-pham\/may-phat-dien-denyo-dca-45-esh\/\",\"name\":\"[:vi]M\u00e1y ph\u00e1t \u0111i\u1ec7n DENYO DCA - 45 ESH[:en]GENERATOR DENYO DCA - 45ESH[:] - KFH - Kanamoto Fecon Hassyu\",\"isPartOf\":{\"@id\":\"https:\/\/kfh.com.vn\/en\/#website\"},\"datePublished\":\"2019-12-17T10:00:58+00:00\",\"dateModified\":\"2023-10-21T15:42:43+00:00\",\"breadcrumb\":{\"@id\":\"https:\/\/kfh.com.vn\/san-pham\/may-phat-dien-denyo-dca-45-esh\/#breadcrumb\"},\"inLanguage\":\"en-US\",\"potentialAction\":[{\"@type\":\"ReadAction\",\"target\":[\"https:\/\/kfh.com.vn\/san-pham\/may-phat-dien-denyo-dca-45-esh\/\"]}]},{\"@type\":\"BreadcrumbList\",\"@id\":\"https:\/\/kfh.com.vn\/san-pham\/may-phat-dien-denyo-dca-45-esh\/#breadcrumb\",\"itemListElement\":[{\"@type\":\"ListItem\",\"position\":1,\"name\":\"Trang ch\u1ee7\",\"item\":\"https:\/\/kfh.com.vn\/\"},{\"@type\":\"ListItem\",\"position\":2,\"name\":\"C\u1eeda h\u00e0ng\",\"item\":\"https:\/\/kfh.com.vn\/en\/mua\/\"},{\"@type\":\"ListItem\",\"position\":3,\"name\":\"M\u00e1y ph\u00e1t \u0111i\u1ec7n DENYO DCA &#8211; 45 ESH\"}]},{\"@type\":\"WebSite\",\"@id\":\"https:\/\/kfh.com.vn\/en\/#website\",\"url\":\"https:\/\/kfh.com.vn\/en\/\",\"name\":\"KFH - Kanamoto Fecon Hassyu\",\"description\":\"C\u00f4ng ty c\u1ed5 ph\u1ea7n cho Thu\u00ea thi\u1ebft b\u1ecb\",\"publisher\":{\"@id\":\"https:\/\/kfh.com.vn\/en\/#\/schema\/person\/d9abb8c80170ac74d437a77950ff3f60\"},\"potentialAction\":[{\"@type\":\"SearchAction\",\"target\":{\"@type\":\"EntryPoint\",\"urlTemplate\":\"https:\/\/kfh.com.vn\/en\/?s={search_term_string}\"},\"query-input\":\"required name=search_term_string\"}],\"inLanguage\":\"en-US\"},{\"@type\":[\"Person\",\"Organization\"],\"@id\":\"https:\/\/kfh.com.vn\/en\/#\/schema\/person\/d9abb8c80170ac74d437a77950ff3f60\",\"name\":\"kfh\",\"image\":{\"@type\":\"ImageObject\",\"inLanguage\":\"en-US\",\"@id\":\"https:\/\/kfh.com.vn\/en\/#\/schema\/person\/image\/\",\"url\":\"https:\/\/secure.gravatar.com\/avatar\/5ebb68e80ab022176e9fc383a566aaee?s=96&d=mm&r=g\",\"contentUrl\":\"https:\/\/secure.gravatar.com\/avatar\/5ebb68e80ab022176e9fc383a566aaee?s=96&d=mm&r=g\",\"caption\":\"kfh\"},\"logo\":{\"@id\":\"https:\/\/kfh.com.vn\/en\/#\/schema\/person\/image\/\"}}]}<\/script>\n<!-- \/ Yoast SEO plugin. -->","yoast_head_json":{"title":"[:vi]M\u00e1y ph\u00e1t \u0111i\u1ec7n DENYO DCA - 45 ESH[:en]GENERATOR DENYO DCA - 45ESH[:] - KFH - Kanamoto Fecon Hassyu","robots":{"index":"index","follow":"follow","max-snippet":"max-snippet:-1","max-image-preview":"max-image-preview:large","max-video-preview":"max-video-preview:-1"},"canonical":"https:\/\/kfh.com.vn\/san-pham\/may-phat-dien-denyo-dca-45-esh\/","og_locale":"en_US","og_type":"article","og_title":"[:vi]M\u00e1y ph\u00e1t \u0111i\u1ec7n DENYO DCA - 45 ESH[:en]GENERATOR DENYO DCA - 45ESH[:] - KFH - Kanamoto Fecon Hassyu","og_description":"[:vi]M\u00e1y ph\u00e1t \u0111i\u1ec7n DCA-45ESH l\u00e0 m\u1ed9t trong nh\u1eefng model \u0111\u01b0\u1ee3c s\u1ea3n xu\u1ea5t b\u1edfi\u00a0 DENYO, t\u1eadp \u0111o\u00e0n s\u1ed1 1 Nh\u1eadt B\u1ea3n\u00a0 v\u1ec1 m\u00e1y ph\u00e1t \u0111i\u1ec7n. \u0110\u1eb7c bi\u1ec7t, c\u0169ng nh\u01b0 t\u1ea5t c\u1ea3 c\u00e1c d\u00f2ng m\u00e1y ph\u00e1t kh\u00e1c c\u1ee7a KFH, m\u00e1y DCA-45ESH \u0111\u01b0\u1ee3c thi\u1ebft k\u1ebf, s\u1ea3n xu\u1ea5t ri\u00eang cho th\u1ecb tr\u01b0\u1eddng Nh\u1eadt B\u1ea3n n\u00ean t\u1ea5t c\u1ea3 c\u00e1c ti\u00eau chu\u1ea9n v\u1ec1 C\u00f4ng su\u1ea5t, \u0110\u1ed9 \u1ed5n \u0111\u1ecbnh, An to\u00e0n, kh\u00ed th\u1ea3i, ch\u1ed1ng \u1ed3n\u2026 \u0111\u1ea1t m\u1ee9c cao nh\u1ea5t c\u1ee7a h\u00e3ng s\u1ea3n xu\u1ea5t. B\u00ean c\u1ea1nh \u0111\u00f3 l\u00e0 ch\u1ebf \u0111\u1ed9 ch\u0103m s\u00f3c k\u1ef9 thu\u1eadt c\u1ee7a KFH theo ti\u00eau chu\u1ea9n c\u1ee7a t\u1eadp \u0111o\u00e0n Kanamoto v\u00e0 DENYO b\u1ea3o \u0111\u1ea3m m\u00e1y lu\u00f4n ho\u1ea1t \u0111\u1ed9ng \u1edf ch\u1ebf \u0111\u1ed9 t\u1ed1t nh\u1ea5t.  &nbsp;[:en]Generator DCA-45ESH is one of the models produced by DENYO, Japan's No. 1 generator company. In particular, like all other KFH generators, the DCA-45ESH is designed and manufactured exclusively for the Japanese market, so all standards are about Power, Stability, Safety, and emissions. , noise canceling ... reach the highest level of the manufacturer. Besides, KFH's technical care according to Kanamoto and DENYO standards ensures the machine always operates in the best mode.[:]","og_url":"https:\/\/kfh.com.vn\/san-pham\/may-phat-dien-denyo-dca-45-esh\/","og_site_name":"KFH - Kanamoto Fecon Hassyu","article_modified_time":"2023-10-21T15:42:43+00:00","og_image":[{"width":800,"height":468,"url":"https:\/\/kfh.com.vn\/wp-content\/uploads\/2019\/12\/may-phat-dien-DENYO-45-ESH.jpg","type":"image\/jpeg"}],"twitter_card":"summary_large_image","twitter_misc":{"Est. reading time":"1 minute"},"schema":{"@context":"https:\/\/schema.org","@graph":[{"@type":"WebPage","@id":"https:\/\/kfh.com.vn\/san-pham\/may-phat-dien-denyo-dca-45-esh\/","url":"https:\/\/kfh.com.vn\/san-pham\/may-phat-dien-denyo-dca-45-esh\/","name":"[:vi]M\u00e1y ph\u00e1t \u0111i\u1ec7n DENYO DCA - 45 ESH[:en]GENERATOR DENYO DCA - 45ESH[:] - KFH - Kanamoto Fecon Hassyu","isPartOf":{"@id":"https:\/\/kfh.com.vn\/en\/#website"},"datePublished":"2019-12-17T10:00:58+00:00","dateModified":"2023-10-21T15:42:43+00:00","breadcrumb":{"@id":"https:\/\/kfh.com.vn\/san-pham\/may-phat-dien-denyo-dca-45-esh\/#breadcrumb"},"inLanguage":"en-US","potentialAction":[{"@type":"ReadAction","target":["https:\/\/kfh.com.vn\/san-pham\/may-phat-dien-denyo-dca-45-esh\/"]}]},{"@type":"BreadcrumbList","@id":"https:\/\/kfh.com.vn\/san-pham\/may-phat-dien-denyo-dca-45-esh\/#breadcrumb","itemListElement":[{"@type":"ListItem","position":1,"name":"Trang ch\u1ee7","item":"https:\/\/kfh.com.vn\/"},{"@type":"ListItem","position":2,"name":"C\u1eeda h\u00e0ng","item":"https:\/\/kfh.com.vn\/en\/mua\/"},{"@type":"ListItem","position":3,"name":"M\u00e1y ph\u00e1t \u0111i\u1ec7n DENYO DCA &#8211; 45 ESH"}]},{"@type":"WebSite","@id":"https:\/\/kfh.com.vn\/en\/#website","url":"https:\/\/kfh.com.vn\/en\/","name":"KFH - Kanamoto Fecon Hassyu","description":"C\u00f4ng ty c\u1ed5 ph\u1ea7n cho Thu\u00ea thi\u1ebft b\u1ecb","publisher":{"@id":"https:\/\/kfh.com.vn\/en\/#\/schema\/person\/d9abb8c80170ac74d437a77950ff3f60"},"potentialAction":[{"@type":"SearchAction","target":{"@type":"EntryPoint","urlTemplate":"https:\/\/kfh.com.vn\/en\/?s={search_term_string}"},"query-input":"required name=search_term_string"}],"inLanguage":"en-US"},{"@type":["Person","Organization"],"@id":"https:\/\/kfh.com.vn\/en\/#\/schema\/person\/d9abb8c80170ac74d437a77950ff3f60","name":"kfh","image":{"@type":"ImageObject","inLanguage":"en-US","@id":"https:\/\/kfh.com.vn\/en\/#\/schema\/person\/image\/","url":"https:\/\/secure.gravatar.com\/avatar\/5ebb68e80ab022176e9fc383a566aaee?s=96&d=mm&r=g","contentUrl":"https:\/\/secure.gravatar.com\/avatar\/5ebb68e80ab022176e9fc383a566aaee?s=96&d=mm&r=g","caption":"kfh"},"logo":{"@id":"https:\/\/kfh.com.vn\/en\/#\/schema\/person\/image\/"}}]}},"_links":{"self":[{"href":"https:\/\/kfh.com.vn\/en\/wp-json\/wp\/v2\/product\/267"}],"collection":[{"href":"https:\/\/kfh.com.vn\/en\/wp-json\/wp\/v2\/product"}],"about":[{"href":"https:\/\/kfh.com.vn\/en\/wp-json\/wp\/v2\/types\/product"}],"replies":[{"embeddable":true,"href":"https:\/\/kfh.com.vn\/en\/wp-json\/wp\/v2\/comments?post=267"}],"wp:featuredmedia":[{"embeddable":true,"href":"https:\/\/kfh.com.vn\/en\/wp-json\/wp\/v2\/media\/268"}],"wp:attachment":[{"href":"https:\/\/kfh.com.vn\/en\/wp-json\/wp\/v2\/media?parent=267"}],"wp:term":[{"taxonomy":"product_cat","embeddable":true,"href":"https:\/\/kfh.com.vn\/en\/wp-json\/wp\/v2\/product_cat?post=267"},{"taxonomy":"product_tag","embeddable":true,"href":"https:\/\/kfh.com.vn\/en\/wp-json\/wp\/v2\/product_tag?post=267"}],"curies":[{"name":"wp","href":"https:\/\/api.w.org\/{rel}","templated":true}]}}