{"id":176,"date":"2019-12-05T04:42:19","date_gmt":"2019-12-05T04:42:19","guid":{"rendered":"http:\/\/khachhang2.web3b.com\/kfh\/?post_type=product&#038;p=176"},"modified":"2020-08-20T07:51:24","modified_gmt":"2020-08-20T07:51:24","slug":"may-nen-khi-denyo-dis-180ac","status":"publish","type":"product","link":"https:\/\/kfh.com.vn\/en\/san-pham\/may-nen-khi-denyo-dis-180ac\/","title":{"rendered":"Air compressor DENYO DIS 180AC (5 m3\/ph)"},"content":{"rendered":"<p><\/p>\n<table style=\"font-weight: 400;\">\n<tbody>\n<tr>\n<td colspan=\"2\" width=\"597\"><b><strong>MODEL :\u00a0\u00a0<\/strong><\/b><b><strong>DIS 180AC<\/strong><\/b><\/td>\n<\/tr>\n<tr>\n<td width=\"317\"><b><strong>Compressor<\/strong><\/b><\/td>\n<td width=\"280\"><b><strong>Engine<\/strong><\/b><\/td>\n<\/tr>\n<tr>\n<td width=\"317\">Maker:\u00a0\u00a0\u00a0\u00a0\u00a0\u00a0\u00a0\u00a0\u00a0\u00a0\u00a0\u00a0\u00a0\u00a0\u00a0\u00a0\u00a0\u00a0\u00a0\u00a0\u00a0\u00a0\u00a0\u00a0DENYO<\/p>\n<p>Traffic :\u00a0\u00a0\u00a0\u00a0\u00a0\u00a0\u00a0\u00a0\u00a0\u00a0\u00a0\u00a0\u00a0\u00a0\u00a0\u00a0\u00a0\u00a0\u00a0\u00a0\u00a0\u00a0 5 m3\/min<\/p>\n<p>Pressure opening:\u00a0\u00a0\u00a0\u00a0\u00a0 0.7 MPa<\/p>\n<p>Air outlet:\u00a0\u00a0\u00a0\u00a0\u00a0\u00a0\u00a0\u00a0\u00a0\u00a0\u00a0\u00a0\u00a0\u00a0\u00a0\u00a0\u00a0\u00a0 3\/4\u201dx3<\/p>\n<p>Capacity :\u00a0\u00a0\u00a0\u00a0\u00a0\u00a0\u00a0\u00a0\u00a0\u00a0\u00a0\u00a0\u00a0\u00a0\u00a0\u00a0 \u00a00.02\u00a0(m3)<\/td>\n<td width=\"280\">Maker:\u00a0\u00a0ISUZU<\/p>\n<p>Engine model:\u00a0 AA-4LE2<\/p>\n<p>Power:\u00a032\/1800 (PS\/rpm)<\/p>\n<p>Coolant system: water<\/td>\n<\/tr>\n<tr>\n<td colspan=\"2\" width=\"597\">Dimensions (L x W x H):\u00a01820\u00a0x 1030 x 1060\u00a0(mm)<\/p>\n<p>Weight:\u00a0\u00a0820 kg<\/p>\n<p>Origin: Japan<\/td>\n<\/tr>\n<\/tbody>\n<\/table>\n<p><\/p>","protected":false},"excerpt":{"rendered":"<p>DENYO DIS 180 AC air compressor is a line made in Japan, noise-proof, diesel-driven with a screw compressor for a capacity of 5 m3 \/ min, pressure up to 7 bar.<\/p>\n","protected":false},"featured_media":181,"comment_status":"open","ping_status":"closed","template":"","meta":[],"product_cat":[22],"product_tag":[72,70,73,81,71,69,75,74],"yoast_head":"<!-- This site is optimized with the Yoast SEO plugin v21.5 - https:\/\/yoast.com\/wordpress\/plugins\/seo\/ -->\n<title>Air compressor DENYO DIS 180AC (5 m3\/ph) - KFH - Kanamoto Fecon Hassyu<\/title>\n<meta name=\"robots\" content=\"index, follow, max-snippet:-1, max-image-preview:large, max-video-preview:-1\" \/>\n<link rel=\"canonical\" href=\"https:\/\/kfh.com.vn\/san-pham\/may-nen-khi-denyo-dis-180ac\/\" \/>\n<meta property=\"og:locale\" content=\"en_US\" \/>\n<meta property=\"og:type\" content=\"article\" \/>\n<meta property=\"og:title\" content=\"[:vi]M\u00e1y n\u00e9n kh\u00ed DENYO DIS 180AC (5 m3\/ph)[:en]Air compressor DENYO DIS 180AC (5 m3\/ph)[:] - KFH - Kanamoto Fecon Hassyu\" \/>\n<meta property=\"og:description\" content=\"[:vi]M\u00e1y n\u00e9n kh\u00ed DENYO DIS 180 AC l\u00e0 d\u00f2ng m\u00e1y s\u1ea3n xu\u1ea5t t\u1ea1i Nh\u1eadt B\u1ea3n, c\u00e1ch \u00e2m ch\u1ed1ng \u1ed3n, ch\u1ea1y diezel v\u1edbi b\u1ed9 \u0111\u1ea7u n\u00e9n tr\u1ee5c v\u00edt cho ra c\u00f4ng su\u1ea5t 5 m3\/ph \u00e1p su\u1ea5t t\u1ed1i \u0111a 7 bar.  &nbsp;  &nbsp;[:en]DENYO DIS 180 AC air compressor is a line made in Japan, noise-proof, diesel-driven with a screw compressor for a capacity of 5 m3 \/ min, pressure up to 7 bar.[:]\" \/>\n<meta property=\"og:url\" content=\"https:\/\/kfh.com.vn\/san-pham\/may-nen-khi-denyo-dis-180ac\/\" \/>\n<meta property=\"og:site_name\" content=\"KFH - Kanamoto Fecon Hassyu\" \/>\n<meta property=\"article:modified_time\" content=\"2020-08-20T07:51:24+00:00\" \/>\n<meta property=\"og:image\" content=\"https:\/\/kfh.com.vn\/wp-content\/uploads\/2019\/12\/DENYO-DIS-180AC.jpg\" \/>\n\t<meta property=\"og:image:width\" content=\"1280\" \/>\n\t<meta property=\"og:image:height\" content=\"960\" \/>\n\t<meta property=\"og:image:type\" content=\"image\/jpeg\" \/>\n<meta name=\"twitter:card\" content=\"summary_large_image\" \/>\n<meta name=\"twitter:label1\" content=\"Est. reading time\" \/>\n\t<meta name=\"twitter:data1\" content=\"1 minute\" \/>\n<script type=\"application\/ld+json\" class=\"yoast-schema-graph\">{\"@context\":\"https:\/\/schema.org\",\"@graph\":[{\"@type\":\"WebPage\",\"@id\":\"https:\/\/kfh.com.vn\/san-pham\/may-nen-khi-denyo-dis-180ac\/\",\"url\":\"https:\/\/kfh.com.vn\/san-pham\/may-nen-khi-denyo-dis-180ac\/\",\"name\":\"[:vi]M\u00e1y n\u00e9n kh\u00ed DENYO DIS 180AC (5 m3\/ph)[:en]Air compressor DENYO DIS 180AC (5 m3\/ph)[:] - KFH - Kanamoto Fecon Hassyu\",\"isPartOf\":{\"@id\":\"https:\/\/kfh.com.vn\/en\/#website\"},\"datePublished\":\"2019-12-05T04:42:19+00:00\",\"dateModified\":\"2020-08-20T07:51:24+00:00\",\"breadcrumb\":{\"@id\":\"https:\/\/kfh.com.vn\/san-pham\/may-nen-khi-denyo-dis-180ac\/#breadcrumb\"},\"inLanguage\":\"en-US\",\"potentialAction\":[{\"@type\":\"ReadAction\",\"target\":[\"https:\/\/kfh.com.vn\/san-pham\/may-nen-khi-denyo-dis-180ac\/\"]}]},{\"@type\":\"BreadcrumbList\",\"@id\":\"https:\/\/kfh.com.vn\/san-pham\/may-nen-khi-denyo-dis-180ac\/#breadcrumb\",\"itemListElement\":[{\"@type\":\"ListItem\",\"position\":1,\"name\":\"Trang ch\u1ee7\",\"item\":\"https:\/\/kfh.com.vn\/\"},{\"@type\":\"ListItem\",\"position\":2,\"name\":\"C\u1eeda h\u00e0ng\",\"item\":\"https:\/\/kfh.com.vn\/en\/mua\/\"},{\"@type\":\"ListItem\",\"position\":3,\"name\":\"M\u00e1y n\u00e9n kh\u00ed DENYO DIS 180AC (5 m3\/ph)\"}]},{\"@type\":\"WebSite\",\"@id\":\"https:\/\/kfh.com.vn\/en\/#website\",\"url\":\"https:\/\/kfh.com.vn\/en\/\",\"name\":\"KFH - Kanamoto Fecon Hassyu\",\"description\":\"C\u00f4ng ty c\u1ed5 ph\u1ea7n cho Thu\u00ea thi\u1ebft b\u1ecb\",\"publisher\":{\"@id\":\"https:\/\/kfh.com.vn\/en\/#\/schema\/person\/d9abb8c80170ac74d437a77950ff3f60\"},\"potentialAction\":[{\"@type\":\"SearchAction\",\"target\":{\"@type\":\"EntryPoint\",\"urlTemplate\":\"https:\/\/kfh.com.vn\/en\/?s={search_term_string}\"},\"query-input\":\"required name=search_term_string\"}],\"inLanguage\":\"en-US\"},{\"@type\":[\"Person\",\"Organization\"],\"@id\":\"https:\/\/kfh.com.vn\/en\/#\/schema\/person\/d9abb8c80170ac74d437a77950ff3f60\",\"name\":\"kfh\",\"image\":{\"@type\":\"ImageObject\",\"inLanguage\":\"en-US\",\"@id\":\"https:\/\/kfh.com.vn\/en\/#\/schema\/person\/image\/\",\"url\":\"https:\/\/secure.gravatar.com\/avatar\/5ebb68e80ab022176e9fc383a566aaee?s=96&d=mm&r=g\",\"contentUrl\":\"https:\/\/secure.gravatar.com\/avatar\/5ebb68e80ab022176e9fc383a566aaee?s=96&d=mm&r=g\",\"caption\":\"kfh\"},\"logo\":{\"@id\":\"https:\/\/kfh.com.vn\/en\/#\/schema\/person\/image\/\"}}]}<\/script>\n<!-- \/ Yoast SEO plugin. -->","yoast_head_json":{"title":"[:vi]M\u00e1y n\u00e9n kh\u00ed DENYO DIS 180AC (5 m3\/ph)[:en]Air compressor DENYO DIS 180AC (5 m3\/ph)[:] - KFH - Kanamoto Fecon Hassyu","robots":{"index":"index","follow":"follow","max-snippet":"max-snippet:-1","max-image-preview":"max-image-preview:large","max-video-preview":"max-video-preview:-1"},"canonical":"https:\/\/kfh.com.vn\/san-pham\/may-nen-khi-denyo-dis-180ac\/","og_locale":"en_US","og_type":"article","og_title":"[:vi]M\u00e1y n\u00e9n kh\u00ed DENYO DIS 180AC (5 m3\/ph)[:en]Air compressor DENYO DIS 180AC (5 m3\/ph)[:] - KFH - Kanamoto Fecon Hassyu","og_description":"[:vi]M\u00e1y n\u00e9n kh\u00ed DENYO DIS 180 AC l\u00e0 d\u00f2ng m\u00e1y s\u1ea3n xu\u1ea5t t\u1ea1i Nh\u1eadt B\u1ea3n, c\u00e1ch \u00e2m ch\u1ed1ng \u1ed3n, ch\u1ea1y diezel v\u1edbi b\u1ed9 \u0111\u1ea7u n\u00e9n tr\u1ee5c v\u00edt cho ra c\u00f4ng su\u1ea5t 5 m3\/ph \u00e1p su\u1ea5t t\u1ed1i \u0111a 7 bar.  &nbsp;  &nbsp;[:en]DENYO DIS 180 AC air compressor is a line made in Japan, noise-proof, diesel-driven with a screw compressor for a capacity of 5 m3 \/ min, pressure up to 7 bar.[:]","og_url":"https:\/\/kfh.com.vn\/san-pham\/may-nen-khi-denyo-dis-180ac\/","og_site_name":"KFH - Kanamoto Fecon Hassyu","article_modified_time":"2020-08-20T07:51:24+00:00","og_image":[{"width":1280,"height":960,"url":"https:\/\/kfh.com.vn\/wp-content\/uploads\/2019\/12\/DENYO-DIS-180AC.jpg","type":"image\/jpeg"}],"twitter_card":"summary_large_image","twitter_misc":{"Est. reading time":"1 minute"},"schema":{"@context":"https:\/\/schema.org","@graph":[{"@type":"WebPage","@id":"https:\/\/kfh.com.vn\/san-pham\/may-nen-khi-denyo-dis-180ac\/","url":"https:\/\/kfh.com.vn\/san-pham\/may-nen-khi-denyo-dis-180ac\/","name":"[:vi]M\u00e1y n\u00e9n kh\u00ed DENYO DIS 180AC (5 m3\/ph)[:en]Air compressor DENYO DIS 180AC (5 m3\/ph)[:] - KFH - Kanamoto Fecon Hassyu","isPartOf":{"@id":"https:\/\/kfh.com.vn\/en\/#website"},"datePublished":"2019-12-05T04:42:19+00:00","dateModified":"2020-08-20T07:51:24+00:00","breadcrumb":{"@id":"https:\/\/kfh.com.vn\/san-pham\/may-nen-khi-denyo-dis-180ac\/#breadcrumb"},"inLanguage":"en-US","potentialAction":[{"@type":"ReadAction","target":["https:\/\/kfh.com.vn\/san-pham\/may-nen-khi-denyo-dis-180ac\/"]}]},{"@type":"BreadcrumbList","@id":"https:\/\/kfh.com.vn\/san-pham\/may-nen-khi-denyo-dis-180ac\/#breadcrumb","itemListElement":[{"@type":"ListItem","position":1,"name":"Trang ch\u1ee7","item":"https:\/\/kfh.com.vn\/"},{"@type":"ListItem","position":2,"name":"C\u1eeda h\u00e0ng","item":"https:\/\/kfh.com.vn\/en\/mua\/"},{"@type":"ListItem","position":3,"name":"M\u00e1y n\u00e9n kh\u00ed DENYO DIS 180AC (5 m3\/ph)"}]},{"@type":"WebSite","@id":"https:\/\/kfh.com.vn\/en\/#website","url":"https:\/\/kfh.com.vn\/en\/","name":"KFH - Kanamoto Fecon Hassyu","description":"C\u00f4ng ty c\u1ed5 ph\u1ea7n cho Thu\u00ea thi\u1ebft b\u1ecb","publisher":{"@id":"https:\/\/kfh.com.vn\/en\/#\/schema\/person\/d9abb8c80170ac74d437a77950ff3f60"},"potentialAction":[{"@type":"SearchAction","target":{"@type":"EntryPoint","urlTemplate":"https:\/\/kfh.com.vn\/en\/?s={search_term_string}"},"query-input":"required name=search_term_string"}],"inLanguage":"en-US"},{"@type":["Person","Organization"],"@id":"https:\/\/kfh.com.vn\/en\/#\/schema\/person\/d9abb8c80170ac74d437a77950ff3f60","name":"kfh","image":{"@type":"ImageObject","inLanguage":"en-US","@id":"https:\/\/kfh.com.vn\/en\/#\/schema\/person\/image\/","url":"https:\/\/secure.gravatar.com\/avatar\/5ebb68e80ab022176e9fc383a566aaee?s=96&d=mm&r=g","contentUrl":"https:\/\/secure.gravatar.com\/avatar\/5ebb68e80ab022176e9fc383a566aaee?s=96&d=mm&r=g","caption":"kfh"},"logo":{"@id":"https:\/\/kfh.com.vn\/en\/#\/schema\/person\/image\/"}}]}},"_links":{"self":[{"href":"https:\/\/kfh.com.vn\/en\/wp-json\/wp\/v2\/product\/176"}],"collection":[{"href":"https:\/\/kfh.com.vn\/en\/wp-json\/wp\/v2\/product"}],"about":[{"href":"https:\/\/kfh.com.vn\/en\/wp-json\/wp\/v2\/types\/product"}],"replies":[{"embeddable":true,"href":"https:\/\/kfh.com.vn\/en\/wp-json\/wp\/v2\/comments?post=176"}],"wp:featuredmedia":[{"embeddable":true,"href":"https:\/\/kfh.com.vn\/en\/wp-json\/wp\/v2\/media\/181"}],"wp:attachment":[{"href":"https:\/\/kfh.com.vn\/en\/wp-json\/wp\/v2\/media?parent=176"}],"wp:term":[{"taxonomy":"product_cat","embeddable":true,"href":"https:\/\/kfh.com.vn\/en\/wp-json\/wp\/v2\/product_cat?post=176"},{"taxonomy":"product_tag","embeddable":true,"href":"https:\/\/kfh.com.vn\/en\/wp-json\/wp\/v2\/product_tag?post=176"}],"curies":[{"name":"wp","href":"https:\/\/api.w.org\/{rel}","templated":true}]}}