{"id":157,"date":"2019-12-03T10:13:18","date_gmt":"2019-12-03T10:13:18","guid":{"rendered":"http:\/\/khachhang2.web3b.com\/kfh\/?post_type=product&#038;p=157"},"modified":"2024-08-09T20:42:35","modified_gmt":"2024-08-09T13:42:35","slug":"may-xuc-dao-banh-xich-komatsu-pc78us-6","status":"publish","type":"product","link":"https:\/\/kfh.com.vn\/en\/san-pham\/may-xuc-dao-banh-xich-komatsu-pc78us-6\/","title":{"rendered":"Excavator Komatsu PC78US-6"},"content":{"rendered":"<p><\/p>\n<table style=\"font-weight: 400;\">\n<tbody>\n<tr>\n<td colspan=\"3\" width=\"462\"><b><strong>KOMATSU \u2013\u00a0<\/strong><\/b><b><strong>PC 78US-6<\/strong><\/b><\/td>\n<\/tr>\n<tr>\n<td width=\"177\"><b><strong>Specifications<\/strong><\/b><\/td>\n<td width=\"85\"><b><strong>Unit<\/strong><\/b><\/td>\n<td width=\"200\">&nbsp;<\/td>\n<\/tr>\n<tr>\n<td width=\"177\">Maker<\/td>\n<td width=\"85\">&nbsp;<\/td>\n<td width=\"200\">Komatsu<\/td>\n<\/tr>\n<tr>\n<td width=\"177\">Kind<\/td>\n<td width=\"85\">&nbsp;<\/td>\n<td width=\"200\">Crawler<\/td>\n<\/tr>\n<tr>\n<td width=\"177\">Engine<\/td>\n<td width=\"85\">&nbsp;<\/td>\n<td width=\"200\">4D95LE<\/td>\n<\/tr>\n<tr>\n<td width=\"177\">Power Engine<\/td>\n<td width=\"85\">Ps\/rmp<\/td>\n<td width=\"200\">55\/1850<\/td>\n<\/tr>\n<tr>\n<td width=\"177\">Bucket capacity<\/td>\n<td width=\"85\">m3<\/td>\n<td width=\"200\">0.28<\/td>\n<\/tr>\n<tr>\n<td width=\"177\">Weight<\/td>\n<td width=\"85\">Kg<\/td>\n<td width=\"200\">7700<\/td>\n<\/tr>\n<tr>\n<td width=\"177\">Max digging Depth<\/td>\n<td width=\"85\">mm<\/td>\n<td width=\"200\">4200<\/td>\n<\/tr>\n<tr>\n<td width=\"177\">Max digging reach<\/td>\n<td width=\"85\">mm<\/td>\n<td width=\"200\">7360<\/td>\n<\/tr>\n<tr>\n<td width=\"177\">Dimensions (LxWxH)<\/td>\n<td width=\"85\">mm<\/td>\n<td width=\"200\">6060 x 2330 x 2750<\/td>\n<\/tr>\n<tr>\n<td width=\"177\">Origin<\/td>\n<td width=\"85\">&nbsp;<\/td>\n<td width=\"200\">Japan<\/p>\n<p>&nbsp;<\/td>\n<\/tr>\n<\/tbody>\n<\/table>\n<p><\/p>","protected":false},"excerpt":{"rendered":"<p>Komatsu PC78us-6 excavator is a small machine, bucket capacity 0.3 m3, rubber chain allows working on all terrain: soil, sand, concrete, &#8230; to ensure convenience for customers when using use.<\/p>\n","protected":false},"featured_media":158,"comment_status":"open","ping_status":"closed","template":"","meta":[],"product_cat":[26,18],"product_tag":[101,100,94,95,102],"yoast_head":"<!-- This site is optimized with the Yoast SEO plugin v21.5 - https:\/\/yoast.com\/wordpress\/plugins\/seo\/ -->\n<title>Excavator Komatsu PC78US-6 - KFH - Kanamoto Fecon Hassyu<\/title>\n<meta name=\"robots\" content=\"index, follow, max-snippet:-1, max-image-preview:large, max-video-preview:-1\" \/>\n<link rel=\"canonical\" href=\"https:\/\/kfh.com.vn\/san-pham\/may-xuc-dao-banh-xich-komatsu-pc78us-6\/\" \/>\n<meta property=\"og:locale\" content=\"en_US\" \/>\n<meta property=\"og:type\" content=\"article\" \/>\n<meta property=\"og:title\" content=\"[:vi]M\u00e1y x\u00fac \u0111\u00e0o b\u00e1nh x\u00edch Komatsu PC78US-6[:en]Excavator Komatsu PC78US-6[:] - KFH - Kanamoto Fecon Hassyu\" \/>\n<meta property=\"og:description\" content=\"[:vi]M\u00e1y \u0111\u00e0o Komatsu PC78us-6 l\u00e0 m\u00e1y c\u1ee1 nh\u1ecf, dung t\u00edch g\u1ea7u 0.3 m3, x\u00edch cao su cho ph\u00e9p l\u00e0m vi\u1ec7c tr\u00ean m\u1ecdi \u0111\u1ecba h\u00ecnh: n\u1ec1n \u0111\u00e2t, c\u00e1t , n\u1ec1n b\u00ea t\u00f4ng, ... b\u1ea3o \u0111\u1ea3m thu\u1eadn ti\u1ec7n cho kh\u00e1ch h\u00e0ng khi s\u1eed d\u1ee5ng.  &nbsp;[:en]Komatsu PC78us-6 excavator is a small machine, bucket capacity 0.3 m3, rubber chain allows working on all terrain: soil, sand, concrete, ... to ensure convenience for customers when using use.[:]\" \/>\n<meta property=\"og:url\" content=\"https:\/\/kfh.com.vn\/san-pham\/may-xuc-dao-banh-xich-komatsu-pc78us-6\/\" \/>\n<meta property=\"og:site_name\" content=\"KFH - Kanamoto Fecon Hassyu\" \/>\n<meta property=\"article:modified_time\" content=\"2024-08-09T13:42:35+00:00\" \/>\n<meta property=\"og:image\" content=\"https:\/\/kfh.com.vn\/wp-content\/uploads\/2019\/12\/Komatsu-PC-78-us-6.jpg\" \/>\n\t<meta property=\"og:image:width\" content=\"700\" \/>\n\t<meta property=\"og:image:height\" content=\"503\" \/>\n\t<meta property=\"og:image:type\" content=\"image\/jpeg\" \/>\n<meta name=\"twitter:card\" content=\"summary_large_image\" \/>\n<meta name=\"twitter:label1\" content=\"Est. reading time\" \/>\n\t<meta name=\"twitter:data1\" content=\"1 minute\" \/>\n<script type=\"application\/ld+json\" class=\"yoast-schema-graph\">{\"@context\":\"https:\/\/schema.org\",\"@graph\":[{\"@type\":\"WebPage\",\"@id\":\"https:\/\/kfh.com.vn\/san-pham\/may-xuc-dao-banh-xich-komatsu-pc78us-6\/\",\"url\":\"https:\/\/kfh.com.vn\/san-pham\/may-xuc-dao-banh-xich-komatsu-pc78us-6\/\",\"name\":\"[:vi]M\u00e1y x\u00fac \u0111\u00e0o b\u00e1nh x\u00edch Komatsu PC78US-6[:en]Excavator Komatsu PC78US-6[:] - KFH - Kanamoto Fecon Hassyu\",\"isPartOf\":{\"@id\":\"https:\/\/kfh.com.vn\/en\/#website\"},\"datePublished\":\"2019-12-03T10:13:18+00:00\",\"dateModified\":\"2024-08-09T13:42:35+00:00\",\"breadcrumb\":{\"@id\":\"https:\/\/kfh.com.vn\/san-pham\/may-xuc-dao-banh-xich-komatsu-pc78us-6\/#breadcrumb\"},\"inLanguage\":\"en-US\",\"potentialAction\":[{\"@type\":\"ReadAction\",\"target\":[\"https:\/\/kfh.com.vn\/san-pham\/may-xuc-dao-banh-xich-komatsu-pc78us-6\/\"]}]},{\"@type\":\"BreadcrumbList\",\"@id\":\"https:\/\/kfh.com.vn\/san-pham\/may-xuc-dao-banh-xich-komatsu-pc78us-6\/#breadcrumb\",\"itemListElement\":[{\"@type\":\"ListItem\",\"position\":1,\"name\":\"Trang ch\u1ee7\",\"item\":\"https:\/\/kfh.com.vn\/\"},{\"@type\":\"ListItem\",\"position\":2,\"name\":\"C\u1eeda h\u00e0ng\",\"item\":\"https:\/\/kfh.com.vn\/en\/mua\/\"},{\"@type\":\"ListItem\",\"position\":3,\"name\":\"M\u00e1y x\u00fac \u0111\u00e0o b\u00e1nh x\u00edch Komatsu PC78US-6\"}]},{\"@type\":\"WebSite\",\"@id\":\"https:\/\/kfh.com.vn\/en\/#website\",\"url\":\"https:\/\/kfh.com.vn\/en\/\",\"name\":\"KFH - Kanamoto Fecon Hassyu\",\"description\":\"C\u00f4ng ty c\u1ed5 ph\u1ea7n cho Thu\u00ea thi\u1ebft b\u1ecb\",\"publisher\":{\"@id\":\"https:\/\/kfh.com.vn\/en\/#\/schema\/person\/d9abb8c80170ac74d437a77950ff3f60\"},\"potentialAction\":[{\"@type\":\"SearchAction\",\"target\":{\"@type\":\"EntryPoint\",\"urlTemplate\":\"https:\/\/kfh.com.vn\/en\/?s={search_term_string}\"},\"query-input\":\"required name=search_term_string\"}],\"inLanguage\":\"en-US\"},{\"@type\":[\"Person\",\"Organization\"],\"@id\":\"https:\/\/kfh.com.vn\/en\/#\/schema\/person\/d9abb8c80170ac74d437a77950ff3f60\",\"name\":\"kfh\",\"image\":{\"@type\":\"ImageObject\",\"inLanguage\":\"en-US\",\"@id\":\"https:\/\/kfh.com.vn\/en\/#\/schema\/person\/image\/\",\"url\":\"https:\/\/secure.gravatar.com\/avatar\/5ebb68e80ab022176e9fc383a566aaee?s=96&d=mm&r=g\",\"contentUrl\":\"https:\/\/secure.gravatar.com\/avatar\/5ebb68e80ab022176e9fc383a566aaee?s=96&d=mm&r=g\",\"caption\":\"kfh\"},\"logo\":{\"@id\":\"https:\/\/kfh.com.vn\/en\/#\/schema\/person\/image\/\"}}]}<\/script>\n<!-- \/ Yoast SEO plugin. -->","yoast_head_json":{"title":"[:vi]M\u00e1y x\u00fac \u0111\u00e0o b\u00e1nh x\u00edch Komatsu PC78US-6[:en]Excavator Komatsu PC78US-6[:] - KFH - Kanamoto Fecon Hassyu","robots":{"index":"index","follow":"follow","max-snippet":"max-snippet:-1","max-image-preview":"max-image-preview:large","max-video-preview":"max-video-preview:-1"},"canonical":"https:\/\/kfh.com.vn\/san-pham\/may-xuc-dao-banh-xich-komatsu-pc78us-6\/","og_locale":"en_US","og_type":"article","og_title":"[:vi]M\u00e1y x\u00fac \u0111\u00e0o b\u00e1nh x\u00edch Komatsu PC78US-6[:en]Excavator Komatsu PC78US-6[:] - KFH - Kanamoto Fecon Hassyu","og_description":"[:vi]M\u00e1y \u0111\u00e0o Komatsu PC78us-6 l\u00e0 m\u00e1y c\u1ee1 nh\u1ecf, dung t\u00edch g\u1ea7u 0.3 m3, x\u00edch cao su cho ph\u00e9p l\u00e0m vi\u1ec7c tr\u00ean m\u1ecdi \u0111\u1ecba h\u00ecnh: n\u1ec1n \u0111\u00e2t, c\u00e1t , n\u1ec1n b\u00ea t\u00f4ng, ... b\u1ea3o \u0111\u1ea3m thu\u1eadn ti\u1ec7n cho kh\u00e1ch h\u00e0ng khi s\u1eed d\u1ee5ng.  &nbsp;[:en]Komatsu PC78us-6 excavator is a small machine, bucket capacity 0.3 m3, rubber chain allows working on all terrain: soil, sand, concrete, ... to ensure convenience for customers when using use.[:]","og_url":"https:\/\/kfh.com.vn\/san-pham\/may-xuc-dao-banh-xich-komatsu-pc78us-6\/","og_site_name":"KFH - Kanamoto Fecon Hassyu","article_modified_time":"2024-08-09T13:42:35+00:00","og_image":[{"width":700,"height":503,"url":"https:\/\/kfh.com.vn\/wp-content\/uploads\/2019\/12\/Komatsu-PC-78-us-6.jpg","type":"image\/jpeg"}],"twitter_card":"summary_large_image","twitter_misc":{"Est. reading time":"1 minute"},"schema":{"@context":"https:\/\/schema.org","@graph":[{"@type":"WebPage","@id":"https:\/\/kfh.com.vn\/san-pham\/may-xuc-dao-banh-xich-komatsu-pc78us-6\/","url":"https:\/\/kfh.com.vn\/san-pham\/may-xuc-dao-banh-xich-komatsu-pc78us-6\/","name":"[:vi]M\u00e1y x\u00fac \u0111\u00e0o b\u00e1nh x\u00edch Komatsu PC78US-6[:en]Excavator Komatsu PC78US-6[:] - KFH - Kanamoto Fecon Hassyu","isPartOf":{"@id":"https:\/\/kfh.com.vn\/en\/#website"},"datePublished":"2019-12-03T10:13:18+00:00","dateModified":"2024-08-09T13:42:35+00:00","breadcrumb":{"@id":"https:\/\/kfh.com.vn\/san-pham\/may-xuc-dao-banh-xich-komatsu-pc78us-6\/#breadcrumb"},"inLanguage":"en-US","potentialAction":[{"@type":"ReadAction","target":["https:\/\/kfh.com.vn\/san-pham\/may-xuc-dao-banh-xich-komatsu-pc78us-6\/"]}]},{"@type":"BreadcrumbList","@id":"https:\/\/kfh.com.vn\/san-pham\/may-xuc-dao-banh-xich-komatsu-pc78us-6\/#breadcrumb","itemListElement":[{"@type":"ListItem","position":1,"name":"Trang ch\u1ee7","item":"https:\/\/kfh.com.vn\/"},{"@type":"ListItem","position":2,"name":"C\u1eeda h\u00e0ng","item":"https:\/\/kfh.com.vn\/en\/mua\/"},{"@type":"ListItem","position":3,"name":"M\u00e1y x\u00fac \u0111\u00e0o b\u00e1nh x\u00edch Komatsu PC78US-6"}]},{"@type":"WebSite","@id":"https:\/\/kfh.com.vn\/en\/#website","url":"https:\/\/kfh.com.vn\/en\/","name":"KFH - Kanamoto Fecon Hassyu","description":"C\u00f4ng ty c\u1ed5 ph\u1ea7n cho Thu\u00ea thi\u1ebft b\u1ecb","publisher":{"@id":"https:\/\/kfh.com.vn\/en\/#\/schema\/person\/d9abb8c80170ac74d437a77950ff3f60"},"potentialAction":[{"@type":"SearchAction","target":{"@type":"EntryPoint","urlTemplate":"https:\/\/kfh.com.vn\/en\/?s={search_term_string}"},"query-input":"required name=search_term_string"}],"inLanguage":"en-US"},{"@type":["Person","Organization"],"@id":"https:\/\/kfh.com.vn\/en\/#\/schema\/person\/d9abb8c80170ac74d437a77950ff3f60","name":"kfh","image":{"@type":"ImageObject","inLanguage":"en-US","@id":"https:\/\/kfh.com.vn\/en\/#\/schema\/person\/image\/","url":"https:\/\/secure.gravatar.com\/avatar\/5ebb68e80ab022176e9fc383a566aaee?s=96&d=mm&r=g","contentUrl":"https:\/\/secure.gravatar.com\/avatar\/5ebb68e80ab022176e9fc383a566aaee?s=96&d=mm&r=g","caption":"kfh"},"logo":{"@id":"https:\/\/kfh.com.vn\/en\/#\/schema\/person\/image\/"}}]}},"_links":{"self":[{"href":"https:\/\/kfh.com.vn\/en\/wp-json\/wp\/v2\/product\/157"}],"collection":[{"href":"https:\/\/kfh.com.vn\/en\/wp-json\/wp\/v2\/product"}],"about":[{"href":"https:\/\/kfh.com.vn\/en\/wp-json\/wp\/v2\/types\/product"}],"replies":[{"embeddable":true,"href":"https:\/\/kfh.com.vn\/en\/wp-json\/wp\/v2\/comments?post=157"}],"wp:featuredmedia":[{"embeddable":true,"href":"https:\/\/kfh.com.vn\/en\/wp-json\/wp\/v2\/media\/158"}],"wp:attachment":[{"href":"https:\/\/kfh.com.vn\/en\/wp-json\/wp\/v2\/media?parent=157"}],"wp:term":[{"taxonomy":"product_cat","embeddable":true,"href":"https:\/\/kfh.com.vn\/en\/wp-json\/wp\/v2\/product_cat?post=157"},{"taxonomy":"product_tag","embeddable":true,"href":"https:\/\/kfh.com.vn\/en\/wp-json\/wp\/v2\/product_tag?post=157"}],"curies":[{"name":"wp","href":"https:\/\/api.w.org\/{rel}","templated":true}]}}