{"id":135,"date":"2019-12-03T08:05:06","date_gmt":"2019-12-03T08:05:06","guid":{"rendered":"http:\/\/khachhang2.web3b.com\/kfh\/?post_type=product&#038;p=135"},"modified":"2020-08-20T08:04:19","modified_gmt":"2020-08-20T08:04:19","slug":"may-phat-han-shindaiwa-dgw310mc","status":"publish","type":"product","link":"https:\/\/kfh.com.vn\/en\/san-pham\/may-phat-han-shindaiwa-dgw310mc\/","title":{"rendered":"Welder SHINDAIWA DGW310MC"},"content":{"rendered":"<p class=\"qtranxs-available-languages-message qtranxs-available-languages-message-en\">Sorry, this entry is only available in <a href=\"https:\/\/kfh.com.vn\/vi\/wp-json\/wp\/v2\/product\/135\" class=\"qtranxs-available-language-link qtranxs-available-language-link-vi\" title=\"Ti\u1ebfng Vi\u1ec7t\">Vietnamese<\/a>.<\/p>","protected":false},"excerpt":{"rendered":"<div class=\"tlid-input input\">\n<div class=\"source-wrap\">\n<div class=\"input-full-height-wrapper tlid-input-full-height-wrapper\">\n<div class=\"source-input\">\n<div class=\"source-footer-wrap source-or-target-footer\">\n<div class=\"character-count tlid-character-count\"><\/div>\n<\/div>\n<\/div>\n<\/div>\n<\/div>\n<\/div>\n<div class=\"tlid-results-container results-container\">\n<div class=\"tlid-result result-dict-wrapper\">\n<div class=\"result tlid-copy-target\">\n<div class=\"result-header\">\n<div class=\"starbutton jfk-button-flat jfk-button unstarred\" tabindex=\"0\" role=\"button\" aria-label=\"G\u1eafn d\u1ea5u sao b\u1ea3n d\u1ecbch\" data-tooltip=\"G\u1eafn d\u1ea5u sao b\u1ea3n d\u1ecbch\" data-tooltip-align=\"t,c\">\n<div class=\"jfk-button-img\"><span title=\"\">The welder uses 10 KVA electric motor, mobile.<\/span> <span title=\"\">Helping users not to arrange power supply system for welding machines.<\/span> <span class=\"\" title=\"\">The machine has 1 (2) torch, stable 280A welding current, allowing the user to weld the structures with high quality.<\/span> <span class=\"\" title=\"\">In addition, the machine still has an auxiliary 200V power supply that can be used for: lighting, cutting machine, grinding machine &#8230;.<\/span><\/div>\n<\/div>\n<\/div>\n<\/div>\n<\/div>\n<\/div>\n","protected":false},"featured_media":136,"comment_status":"open","ping_status":"closed","template":"","meta":[],"product_cat":[27],"product_tag":[88,87,89,91],"yoast_head":"<!-- This site is optimized with the Yoast SEO plugin v21.5 - https:\/\/yoast.com\/wordpress\/plugins\/seo\/ -->\n<title>Welder SHINDAIWA DGW310MC - KFH - Kanamoto Fecon Hassyu<\/title>\n<meta name=\"robots\" content=\"index, follow, max-snippet:-1, max-image-preview:large, max-video-preview:-1\" \/>\n<link rel=\"canonical\" href=\"https:\/\/kfh.com.vn\/san-pham\/may-phat-han-shindaiwa-dgw310mc\/\" \/>\n<meta property=\"og:locale\" content=\"en_US\" \/>\n<meta property=\"og:type\" content=\"article\" \/>\n<meta property=\"og:title\" content=\"[:vi]M\u00e1y ph\u00e1t h\u00e0n SHINDAIWA DGW310MC[:en]Welder SHINDAIWA DGW310MC[:] - KFH - Kanamoto Fecon Hassyu\" \/>\n<meta property=\"og:description\" content=\"[:vi]M\u00e1y h\u00e0n s\u1eed d\u1ee5ng \u0111\u1ed9ng c\u01a1 \u0111i\u1ec7n 10 KVA, c\u01a1 \u0111\u1ed9ng. Gi\u00fap ng\u01b0\u1eddi s\u1eed d\u1ee5ng kh\u00f4ng ph\u1ea3i b\u1ed1 tr\u00ed h\u1ec7 th\u1ed1ng \u0111i\u1ec7n ngu\u1ed3n cho m\u00e1y h\u00e0n. M\u00e1y c\u00f3 1 (2) m\u1ecf h\u00e0n, d\u00f2ng h\u00e0n 280A \u1ed5n \u0111\u1ecbnh, cho ph\u00e9p ng\u01b0\u1eddi s\u1eed d\u1ee5ng h\u00e0n c\u00e1c k\u1ebft c\u1ea5u v\u1edbi ch\u1ea5t l\u01b0\u1ee3ng cao. Ngo\u00e0i ra, m\u00e1y v\u1eabn c\u00f3 ngu\u1ed3n \u0111i\u1ec7n 200V ph\u1ee5 c\u00f3 th\u1ec3 d\u00f9ng \u0111\u1ec3: th\u1eafp s\u00e1ng, ch\u1ea1y m\u00e1y c\u1eaft, m\u00e1y m\u00e0i....  &nbsp;  &nbsp;  &nbsp;  &nbsp;  &nbsp;[:en]                The welder uses 10 KVA electric motor, mobile. Helping users not to arrange power supply system for welding machines. The machine has 1 (2) torch, stable 280A welding current, allowing the user to weld the structures with high quality. In addition, the machine still has an auxiliary 200V power supply that can be used for: lighting, cutting machine, grinding machine ....     [:]\" \/>\n<meta property=\"og:url\" content=\"https:\/\/kfh.com.vn\/san-pham\/may-phat-han-shindaiwa-dgw310mc\/\" \/>\n<meta property=\"og:site_name\" content=\"KFH - Kanamoto Fecon Hassyu\" \/>\n<meta property=\"article:modified_time\" content=\"2020-08-20T08:04:19+00:00\" \/>\n<meta property=\"og:image\" content=\"https:\/\/kfh.com.vn\/wp-content\/uploads\/2019\/12\/MAY-PHAT-HAN-SHINDAIWA-DGW310-MC.jpg\" \/>\n\t<meta property=\"og:image:width\" content=\"600\" \/>\n\t<meta property=\"og:image:height\" content=\"930\" \/>\n\t<meta property=\"og:image:type\" content=\"image\/jpeg\" \/>\n<meta name=\"twitter:card\" content=\"summary_large_image\" \/>\n<meta name=\"twitter:label1\" content=\"Est. reading time\" \/>\n\t<meta name=\"twitter:data1\" content=\"1 minute\" \/>\n<script type=\"application\/ld+json\" class=\"yoast-schema-graph\">{\"@context\":\"https:\/\/schema.org\",\"@graph\":[{\"@type\":\"WebPage\",\"@id\":\"https:\/\/kfh.com.vn\/san-pham\/may-phat-han-shindaiwa-dgw310mc\/\",\"url\":\"https:\/\/kfh.com.vn\/san-pham\/may-phat-han-shindaiwa-dgw310mc\/\",\"name\":\"[:vi]M\u00e1y ph\u00e1t h\u00e0n SHINDAIWA DGW310MC[:en]Welder SHINDAIWA DGW310MC[:] - KFH - Kanamoto Fecon Hassyu\",\"isPartOf\":{\"@id\":\"https:\/\/kfh.com.vn\/en\/#website\"},\"datePublished\":\"2019-12-03T08:05:06+00:00\",\"dateModified\":\"2020-08-20T08:04:19+00:00\",\"breadcrumb\":{\"@id\":\"https:\/\/kfh.com.vn\/san-pham\/may-phat-han-shindaiwa-dgw310mc\/#breadcrumb\"},\"inLanguage\":\"en-US\",\"potentialAction\":[{\"@type\":\"ReadAction\",\"target\":[\"https:\/\/kfh.com.vn\/san-pham\/may-phat-han-shindaiwa-dgw310mc\/\"]}]},{\"@type\":\"BreadcrumbList\",\"@id\":\"https:\/\/kfh.com.vn\/san-pham\/may-phat-han-shindaiwa-dgw310mc\/#breadcrumb\",\"itemListElement\":[{\"@type\":\"ListItem\",\"position\":1,\"name\":\"Trang ch\u1ee7\",\"item\":\"https:\/\/kfh.com.vn\/\"},{\"@type\":\"ListItem\",\"position\":2,\"name\":\"C\u1eeda h\u00e0ng\",\"item\":\"https:\/\/kfh.com.vn\/en\/mua\/\"},{\"@type\":\"ListItem\",\"position\":3,\"name\":\"M\u00e1y ph\u00e1t h\u00e0n SHINDAIWA DGW310MC\"}]},{\"@type\":\"WebSite\",\"@id\":\"https:\/\/kfh.com.vn\/en\/#website\",\"url\":\"https:\/\/kfh.com.vn\/en\/\",\"name\":\"KFH - Kanamoto Fecon Hassyu\",\"description\":\"C\u00f4ng ty c\u1ed5 ph\u1ea7n cho Thu\u00ea thi\u1ebft b\u1ecb\",\"publisher\":{\"@id\":\"https:\/\/kfh.com.vn\/en\/#\/schema\/person\/d9abb8c80170ac74d437a77950ff3f60\"},\"potentialAction\":[{\"@type\":\"SearchAction\",\"target\":{\"@type\":\"EntryPoint\",\"urlTemplate\":\"https:\/\/kfh.com.vn\/en\/?s={search_term_string}\"},\"query-input\":\"required name=search_term_string\"}],\"inLanguage\":\"en-US\"},{\"@type\":[\"Person\",\"Organization\"],\"@id\":\"https:\/\/kfh.com.vn\/en\/#\/schema\/person\/d9abb8c80170ac74d437a77950ff3f60\",\"name\":\"kfh\",\"image\":{\"@type\":\"ImageObject\",\"inLanguage\":\"en-US\",\"@id\":\"https:\/\/kfh.com.vn\/en\/#\/schema\/person\/image\/\",\"url\":\"https:\/\/secure.gravatar.com\/avatar\/5ebb68e80ab022176e9fc383a566aaee?s=96&d=mm&r=g\",\"contentUrl\":\"https:\/\/secure.gravatar.com\/avatar\/5ebb68e80ab022176e9fc383a566aaee?s=96&d=mm&r=g\",\"caption\":\"kfh\"},\"logo\":{\"@id\":\"https:\/\/kfh.com.vn\/en\/#\/schema\/person\/image\/\"}}]}<\/script>\n<!-- \/ Yoast SEO plugin. -->","yoast_head_json":{"title":"[:vi]M\u00e1y ph\u00e1t h\u00e0n SHINDAIWA DGW310MC[:en]Welder SHINDAIWA DGW310MC[:] - KFH - Kanamoto Fecon Hassyu","robots":{"index":"index","follow":"follow","max-snippet":"max-snippet:-1","max-image-preview":"max-image-preview:large","max-video-preview":"max-video-preview:-1"},"canonical":"https:\/\/kfh.com.vn\/san-pham\/may-phat-han-shindaiwa-dgw310mc\/","og_locale":"en_US","og_type":"article","og_title":"[:vi]M\u00e1y ph\u00e1t h\u00e0n SHINDAIWA DGW310MC[:en]Welder SHINDAIWA DGW310MC[:] - KFH - Kanamoto Fecon Hassyu","og_description":"[:vi]M\u00e1y h\u00e0n s\u1eed d\u1ee5ng \u0111\u1ed9ng c\u01a1 \u0111i\u1ec7n 10 KVA, c\u01a1 \u0111\u1ed9ng. Gi\u00fap ng\u01b0\u1eddi s\u1eed d\u1ee5ng kh\u00f4ng ph\u1ea3i b\u1ed1 tr\u00ed h\u1ec7 th\u1ed1ng \u0111i\u1ec7n ngu\u1ed3n cho m\u00e1y h\u00e0n. M\u00e1y c\u00f3 1 (2) m\u1ecf h\u00e0n, d\u00f2ng h\u00e0n 280A \u1ed5n \u0111\u1ecbnh, cho ph\u00e9p ng\u01b0\u1eddi s\u1eed d\u1ee5ng h\u00e0n c\u00e1c k\u1ebft c\u1ea5u v\u1edbi ch\u1ea5t l\u01b0\u1ee3ng cao. Ngo\u00e0i ra, m\u00e1y v\u1eabn c\u00f3 ngu\u1ed3n \u0111i\u1ec7n 200V ph\u1ee5 c\u00f3 th\u1ec3 d\u00f9ng \u0111\u1ec3: th\u1eafp s\u00e1ng, ch\u1ea1y m\u00e1y c\u1eaft, m\u00e1y m\u00e0i....  &nbsp;  &nbsp;  &nbsp;  &nbsp;  &nbsp;[:en]                The welder uses 10 KVA electric motor, mobile. Helping users not to arrange power supply system for welding machines. The machine has 1 (2) torch, stable 280A welding current, allowing the user to weld the structures with high quality. In addition, the machine still has an auxiliary 200V power supply that can be used for: lighting, cutting machine, grinding machine ....     [:]","og_url":"https:\/\/kfh.com.vn\/san-pham\/may-phat-han-shindaiwa-dgw310mc\/","og_site_name":"KFH - Kanamoto Fecon Hassyu","article_modified_time":"2020-08-20T08:04:19+00:00","og_image":[{"width":600,"height":930,"url":"https:\/\/kfh.com.vn\/wp-content\/uploads\/2019\/12\/MAY-PHAT-HAN-SHINDAIWA-DGW310-MC.jpg","type":"image\/jpeg"}],"twitter_card":"summary_large_image","twitter_misc":{"Est. reading time":"1 minute"},"schema":{"@context":"https:\/\/schema.org","@graph":[{"@type":"WebPage","@id":"https:\/\/kfh.com.vn\/san-pham\/may-phat-han-shindaiwa-dgw310mc\/","url":"https:\/\/kfh.com.vn\/san-pham\/may-phat-han-shindaiwa-dgw310mc\/","name":"[:vi]M\u00e1y ph\u00e1t h\u00e0n SHINDAIWA DGW310MC[:en]Welder SHINDAIWA DGW310MC[:] - KFH - Kanamoto Fecon Hassyu","isPartOf":{"@id":"https:\/\/kfh.com.vn\/en\/#website"},"datePublished":"2019-12-03T08:05:06+00:00","dateModified":"2020-08-20T08:04:19+00:00","breadcrumb":{"@id":"https:\/\/kfh.com.vn\/san-pham\/may-phat-han-shindaiwa-dgw310mc\/#breadcrumb"},"inLanguage":"en-US","potentialAction":[{"@type":"ReadAction","target":["https:\/\/kfh.com.vn\/san-pham\/may-phat-han-shindaiwa-dgw310mc\/"]}]},{"@type":"BreadcrumbList","@id":"https:\/\/kfh.com.vn\/san-pham\/may-phat-han-shindaiwa-dgw310mc\/#breadcrumb","itemListElement":[{"@type":"ListItem","position":1,"name":"Trang ch\u1ee7","item":"https:\/\/kfh.com.vn\/"},{"@type":"ListItem","position":2,"name":"C\u1eeda h\u00e0ng","item":"https:\/\/kfh.com.vn\/en\/mua\/"},{"@type":"ListItem","position":3,"name":"M\u00e1y ph\u00e1t h\u00e0n SHINDAIWA DGW310MC"}]},{"@type":"WebSite","@id":"https:\/\/kfh.com.vn\/en\/#website","url":"https:\/\/kfh.com.vn\/en\/","name":"KFH - Kanamoto Fecon Hassyu","description":"C\u00f4ng ty c\u1ed5 ph\u1ea7n cho Thu\u00ea thi\u1ebft b\u1ecb","publisher":{"@id":"https:\/\/kfh.com.vn\/en\/#\/schema\/person\/d9abb8c80170ac74d437a77950ff3f60"},"potentialAction":[{"@type":"SearchAction","target":{"@type":"EntryPoint","urlTemplate":"https:\/\/kfh.com.vn\/en\/?s={search_term_string}"},"query-input":"required name=search_term_string"}],"inLanguage":"en-US"},{"@type":["Person","Organization"],"@id":"https:\/\/kfh.com.vn\/en\/#\/schema\/person\/d9abb8c80170ac74d437a77950ff3f60","name":"kfh","image":{"@type":"ImageObject","inLanguage":"en-US","@id":"https:\/\/kfh.com.vn\/en\/#\/schema\/person\/image\/","url":"https:\/\/secure.gravatar.com\/avatar\/5ebb68e80ab022176e9fc383a566aaee?s=96&d=mm&r=g","contentUrl":"https:\/\/secure.gravatar.com\/avatar\/5ebb68e80ab022176e9fc383a566aaee?s=96&d=mm&r=g","caption":"kfh"},"logo":{"@id":"https:\/\/kfh.com.vn\/en\/#\/schema\/person\/image\/"}}]}},"_links":{"self":[{"href":"https:\/\/kfh.com.vn\/en\/wp-json\/wp\/v2\/product\/135"}],"collection":[{"href":"https:\/\/kfh.com.vn\/en\/wp-json\/wp\/v2\/product"}],"about":[{"href":"https:\/\/kfh.com.vn\/en\/wp-json\/wp\/v2\/types\/product"}],"replies":[{"embeddable":true,"href":"https:\/\/kfh.com.vn\/en\/wp-json\/wp\/v2\/comments?post=135"}],"wp:featuredmedia":[{"embeddable":true,"href":"https:\/\/kfh.com.vn\/en\/wp-json\/wp\/v2\/media\/136"}],"wp:attachment":[{"href":"https:\/\/kfh.com.vn\/en\/wp-json\/wp\/v2\/media?parent=135"}],"wp:term":[{"taxonomy":"product_cat","embeddable":true,"href":"https:\/\/kfh.com.vn\/en\/wp-json\/wp\/v2\/product_cat?post=135"},{"taxonomy":"product_tag","embeddable":true,"href":"https:\/\/kfh.com.vn\/en\/wp-json\/wp\/v2\/product_tag?post=135"}],"curies":[{"name":"wp","href":"https:\/\/api.w.org\/{rel}","templated":true}]}}