{"id":134,"date":"2019-12-03T07:29:33","date_gmt":"2019-12-03T07:29:33","guid":{"rendered":"http:\/\/khachhang2.web3b.com\/kfh\/?post_type=product&#038;p=134"},"modified":"2025-02-26T09:17:46","modified_gmt":"2025-02-26T02:17:46","slug":"den-chieu-tu-phat-yanmar-4x400w","status":"publish","type":"product","link":"https:\/\/kfh.com.vn\/en\/san-pham\/den-chieu-tu-phat-yanmar-4x400w\/","title":{"rendered":"Spotlight Yanmar 4x400w"},"content":{"rendered":"<p><\/p>\n<table style=\"font-weight: 400;\">\n<tbody>\n<tr>\n<td colspan=\"2\" width=\"591\"><b><strong>SPOTLIGHT &#8211; LB 430F\/440<\/strong><\/b><\/td>\n<\/tr>\n<tr>\n<td width=\"289\">LIGHT<\/td>\n<td width=\"302\">GENERATOR<\/td>\n<\/tr>\n<tr>\n<td width=\"289\">&nbsp;<\/p>\n<p>Model : LB 430 F<\/p>\n<p>Number of\u00a0 bulbs \/ power\u00a0 :\u00a04 x400\u00a0\u00a0(Bulb\/ W)<\/p>\n<p>Angle of rotation lamp : 360<\/p>\n<p>Height of lamppost : 1945- 4520 (mm)<\/td>\n<td width=\"302\">&nbsp;<\/p>\n<p>Model :\u00a0: YDG300SS<\/p>\n<p>Engine capacity\u00a0\u00a05\/3000; 5.5\/3600\u00a0(Ps\/rpm)<\/p>\n<p>Fuel : Diezen<\/p>\n<p>Out put: 100v\/50HZ\/3KVA<\/td>\n<\/tr>\n<tr>\n<td colspan=\"2\" width=\"591\">Dimensions:\u00a0L\u00a0x\u00a0W\u00a0x\u00a0H : 1095 x835 x1560 (mm)<\/p>\n<p>Weight : 282 (kg)<\/td>\n<\/tr>\n<\/tbody>\n<\/table>\n<p><\/p>","protected":false},"excerpt":{"rendered":"<div class=\"tlid-input input\">\n<div class=\"source-wrap\">\n<div class=\"input-full-height-wrapper tlid-input-full-height-wrapper\">\n<div class=\"source-input\">\n<div class=\"source-footer-wrap source-or-target-footer\">\n<div class=\"character-count tlid-character-count\"><\/div>\n<\/div>\n<\/div>\n<\/div>\n<\/div>\n<\/div>\n<div class=\"tlid-results-container results-container\">\n<div class=\"tlid-result result-dict-wrapper\">\n<div class=\"result tlid-copy-target\">\n<div class=\"result-header\">\n<div class=\"starbutton jfk-button-flat jfk-button unstarred\" tabindex=\"0\" role=\"button\" aria-label=\"G\u1eafn d\u1ea5u sao b\u1ea3n d\u1ecbch\" data-tooltip=\"G\u1eafn d\u1ea5u sao b\u1ea3n d\u1ecbch\" data-tooltip-align=\"t,c\">\n<div class=\"jfk-button-img\"><span title=\"\">Spotlights use 3 KVA generators, fuel consumption is about 1 liter \/ h.<\/span> <span title=\"\">The lamp includes 4 400w Halogen bulbs.<\/span> <span title=\"\">Total capacity of 1600 w.<\/span> <span class=\"\" title=\"\">4-wheel mobile light with steering system, maneuverability.<\/span> <span class=\"\" title=\"\">The light is white, safe from glare.<\/span><\/div>\n<\/div>\n<\/div>\n<\/div>\n<\/div>\n<\/div>\n","protected":false},"featured_media":117,"comment_status":"open","ping_status":"closed","template":"","meta":[],"product_cat":[17],"product_tag":[83,84,82,85,86],"yoast_head":"<!-- This site is optimized with the Yoast SEO plugin v21.5 - https:\/\/yoast.com\/wordpress\/plugins\/seo\/ -->\n<title>Cho thu\u00ea \u0111\u00e8n chi\u1ebfu s\u00e1ng di \u0111\u1ed9ng t\u1ef1 ph\u00e1t Yanmar 4x400w | Gi\u00e1 thu\u00ea 2025<\/title>\n<meta name=\"description\" content=\"Cho thu\u00ea \u0111\u00e8n chi\u1ebfu s\u00e1ng di \u0111\u1ed9ng t\u1ef1 ph\u00e1t Yanmar 4x400w | Gi\u00e1 thu\u00ea 2025 - KFH \u0111\u01a1n v\u1ecb cho thu\u00ea m\u00e1y m\u00f3c x\u00e2y d\u1ef1ng: M\u00e1y m\u1edbi 99%, gi\u00e1 t\u1ed1t nh\u1ea5t 2025\" \/>\n<meta name=\"robots\" content=\"index, follow, max-snippet:-1, max-image-preview:large, max-video-preview:-1\" \/>\n<link rel=\"canonical\" href=\"https:\/\/kfh.com.vn\/san-pham\/den-chieu-tu-phat-yanmar-4x400w\/\" \/>\n<meta property=\"og:locale\" content=\"en_US\" \/>\n<meta property=\"og:type\" content=\"article\" \/>\n<meta property=\"og:title\" content=\"Cho thu\u00ea \u0111\u00e8n chi\u1ebfu s\u00e1ng di \u0111\u1ed9ng t\u1ef1 ph\u00e1t Yanmar 4x400w | Gi\u00e1 thu\u00ea 2025\" \/>\n<meta property=\"og:description\" content=\"Cho thu\u00ea \u0111\u00e8n chi\u1ebfu s\u00e1ng di \u0111\u1ed9ng t\u1ef1 ph\u00e1t Yanmar 4x400w | Gi\u00e1 thu\u00ea 2025 - KFH \u0111\u01a1n v\u1ecb cho thu\u00ea m\u00e1y m\u00f3c x\u00e2y d\u1ef1ng: M\u00e1y m\u1edbi 99%, gi\u00e1 t\u1ed1t nh\u1ea5t 2025\" \/>\n<meta property=\"og:url\" content=\"https:\/\/kfh.com.vn\/san-pham\/den-chieu-tu-phat-yanmar-4x400w\/\" \/>\n<meta property=\"og:site_name\" content=\"KFH - Kanamoto Fecon Hassyu\" \/>\n<meta property=\"article:modified_time\" content=\"2025-02-26T02:17:46+00:00\" \/>\n<meta property=\"og:image\" content=\"https:\/\/kfh.com.vn\/wp-content\/uploads\/2019\/12\/den-chieu-sang-tu-phat-4-bong-400w.jpg\" \/>\n\t<meta property=\"og:image:width\" content=\"400\" \/>\n\t<meta property=\"og:image:height\" content=\"300\" \/>\n\t<meta property=\"og:image:type\" content=\"image\/jpeg\" \/>\n<meta name=\"twitter:card\" content=\"summary_large_image\" \/>\n<meta name=\"twitter:label1\" content=\"Est. reading time\" \/>\n\t<meta name=\"twitter:data1\" content=\"8 minutes\" \/>\n<script type=\"application\/ld+json\" class=\"yoast-schema-graph\">{\"@context\":\"https:\/\/schema.org\",\"@graph\":[{\"@type\":\"WebPage\",\"@id\":\"https:\/\/kfh.com.vn\/san-pham\/den-chieu-tu-phat-yanmar-4x400w\/\",\"url\":\"https:\/\/kfh.com.vn\/san-pham\/den-chieu-tu-phat-yanmar-4x400w\/\",\"name\":\"Cho thu\u00ea \u0111\u00e8n chi\u1ebfu s\u00e1ng di \u0111\u1ed9ng t\u1ef1 ph\u00e1t Yanmar 4x400w | Gi\u00e1 thu\u00ea 2025\",\"isPartOf\":{\"@id\":\"https:\/\/kfh.com.vn\/en\/#website\"},\"datePublished\":\"2019-12-03T07:29:33+00:00\",\"dateModified\":\"2025-02-26T02:17:46+00:00\",\"description\":\"Cho thu\u00ea \u0111\u00e8n chi\u1ebfu s\u00e1ng di \u0111\u1ed9ng t\u1ef1 ph\u00e1t Yanmar 4x400w | Gi\u00e1 thu\u00ea 2025 - KFH \u0111\u01a1n v\u1ecb cho thu\u00ea m\u00e1y m\u00f3c x\u00e2y d\u1ef1ng: M\u00e1y m\u1edbi 99%, gi\u00e1 t\u1ed1t nh\u1ea5t 2025\",\"breadcrumb\":{\"@id\":\"https:\/\/kfh.com.vn\/san-pham\/den-chieu-tu-phat-yanmar-4x400w\/#breadcrumb\"},\"inLanguage\":\"en-US\",\"potentialAction\":[{\"@type\":\"ReadAction\",\"target\":[\"https:\/\/kfh.com.vn\/san-pham\/den-chieu-tu-phat-yanmar-4x400w\/\"]}]},{\"@type\":\"BreadcrumbList\",\"@id\":\"https:\/\/kfh.com.vn\/san-pham\/den-chieu-tu-phat-yanmar-4x400w\/#breadcrumb\",\"itemListElement\":[{\"@type\":\"ListItem\",\"position\":1,\"name\":\"Trang ch\u1ee7\",\"item\":\"https:\/\/kfh.com.vn\/\"},{\"@type\":\"ListItem\",\"position\":2,\"name\":\"C\u1eeda h\u00e0ng\",\"item\":\"https:\/\/kfh.com.vn\/en\/mua\/\"},{\"@type\":\"ListItem\",\"position\":3,\"name\":\"\u0110\u00e8n chi\u1ebfu s\u00e1ng di \u0111\u1ed9ng t\u1ef1 ph\u00e1t Yanmar 4x400w\"}]},{\"@type\":\"WebSite\",\"@id\":\"https:\/\/kfh.com.vn\/en\/#website\",\"url\":\"https:\/\/kfh.com.vn\/en\/\",\"name\":\"KFH - Kanamoto Fecon Hassyu\",\"description\":\"C\u00f4ng ty c\u1ed5 ph\u1ea7n cho Thu\u00ea thi\u1ebft b\u1ecb\",\"publisher\":{\"@id\":\"https:\/\/kfh.com.vn\/en\/#\/schema\/person\/d9abb8c80170ac74d437a77950ff3f60\"},\"potentialAction\":[{\"@type\":\"SearchAction\",\"target\":{\"@type\":\"EntryPoint\",\"urlTemplate\":\"https:\/\/kfh.com.vn\/en\/?s={search_term_string}\"},\"query-input\":\"required name=search_term_string\"}],\"inLanguage\":\"en-US\"},{\"@type\":[\"Person\",\"Organization\"],\"@id\":\"https:\/\/kfh.com.vn\/en\/#\/schema\/person\/d9abb8c80170ac74d437a77950ff3f60\",\"name\":\"kfh\",\"image\":{\"@type\":\"ImageObject\",\"inLanguage\":\"en-US\",\"@id\":\"https:\/\/kfh.com.vn\/en\/#\/schema\/person\/image\/\",\"url\":\"https:\/\/secure.gravatar.com\/avatar\/5ebb68e80ab022176e9fc383a566aaee?s=96&d=mm&r=g\",\"contentUrl\":\"https:\/\/secure.gravatar.com\/avatar\/5ebb68e80ab022176e9fc383a566aaee?s=96&d=mm&r=g\",\"caption\":\"kfh\"},\"logo\":{\"@id\":\"https:\/\/kfh.com.vn\/en\/#\/schema\/person\/image\/\"}}]}<\/script>\n<!-- \/ Yoast SEO plugin. -->","yoast_head_json":{"title":"Cho thu\u00ea \u0111\u00e8n chi\u1ebfu s\u00e1ng di \u0111\u1ed9ng t\u1ef1 ph\u00e1t Yanmar 4x400w | Gi\u00e1 thu\u00ea 2025","description":"Cho thu\u00ea \u0111\u00e8n chi\u1ebfu s\u00e1ng di \u0111\u1ed9ng t\u1ef1 ph\u00e1t Yanmar 4x400w | Gi\u00e1 thu\u00ea 2025 - KFH \u0111\u01a1n v\u1ecb cho thu\u00ea m\u00e1y m\u00f3c x\u00e2y d\u1ef1ng: M\u00e1y m\u1edbi 99%, gi\u00e1 t\u1ed1t nh\u1ea5t 2025","robots":{"index":"index","follow":"follow","max-snippet":"max-snippet:-1","max-image-preview":"max-image-preview:large","max-video-preview":"max-video-preview:-1"},"canonical":"https:\/\/kfh.com.vn\/san-pham\/den-chieu-tu-phat-yanmar-4x400w\/","og_locale":"en_US","og_type":"article","og_title":"Cho thu\u00ea \u0111\u00e8n chi\u1ebfu s\u00e1ng di \u0111\u1ed9ng t\u1ef1 ph\u00e1t Yanmar 4x400w | Gi\u00e1 thu\u00ea 2025","og_description":"Cho thu\u00ea \u0111\u00e8n chi\u1ebfu s\u00e1ng di \u0111\u1ed9ng t\u1ef1 ph\u00e1t Yanmar 4x400w | Gi\u00e1 thu\u00ea 2025 - KFH \u0111\u01a1n v\u1ecb cho thu\u00ea m\u00e1y m\u00f3c x\u00e2y d\u1ef1ng: M\u00e1y m\u1edbi 99%, gi\u00e1 t\u1ed1t nh\u1ea5t 2025","og_url":"https:\/\/kfh.com.vn\/san-pham\/den-chieu-tu-phat-yanmar-4x400w\/","og_site_name":"KFH - Kanamoto Fecon Hassyu","article_modified_time":"2025-02-26T02:17:46+00:00","og_image":[{"width":400,"height":300,"url":"https:\/\/kfh.com.vn\/wp-content\/uploads\/2019\/12\/den-chieu-sang-tu-phat-4-bong-400w.jpg","type":"image\/jpeg"}],"twitter_card":"summary_large_image","twitter_misc":{"Est. reading time":"8 minutes"},"schema":{"@context":"https:\/\/schema.org","@graph":[{"@type":"WebPage","@id":"https:\/\/kfh.com.vn\/san-pham\/den-chieu-tu-phat-yanmar-4x400w\/","url":"https:\/\/kfh.com.vn\/san-pham\/den-chieu-tu-phat-yanmar-4x400w\/","name":"Cho thu\u00ea \u0111\u00e8n chi\u1ebfu s\u00e1ng di \u0111\u1ed9ng t\u1ef1 ph\u00e1t Yanmar 4x400w | Gi\u00e1 thu\u00ea 2025","isPartOf":{"@id":"https:\/\/kfh.com.vn\/en\/#website"},"datePublished":"2019-12-03T07:29:33+00:00","dateModified":"2025-02-26T02:17:46+00:00","description":"Cho thu\u00ea \u0111\u00e8n chi\u1ebfu s\u00e1ng di \u0111\u1ed9ng t\u1ef1 ph\u00e1t Yanmar 4x400w | Gi\u00e1 thu\u00ea 2025 - KFH \u0111\u01a1n v\u1ecb cho thu\u00ea m\u00e1y m\u00f3c x\u00e2y d\u1ef1ng: M\u00e1y m\u1edbi 99%, gi\u00e1 t\u1ed1t nh\u1ea5t 2025","breadcrumb":{"@id":"https:\/\/kfh.com.vn\/san-pham\/den-chieu-tu-phat-yanmar-4x400w\/#breadcrumb"},"inLanguage":"en-US","potentialAction":[{"@type":"ReadAction","target":["https:\/\/kfh.com.vn\/san-pham\/den-chieu-tu-phat-yanmar-4x400w\/"]}]},{"@type":"BreadcrumbList","@id":"https:\/\/kfh.com.vn\/san-pham\/den-chieu-tu-phat-yanmar-4x400w\/#breadcrumb","itemListElement":[{"@type":"ListItem","position":1,"name":"Trang ch\u1ee7","item":"https:\/\/kfh.com.vn\/"},{"@type":"ListItem","position":2,"name":"C\u1eeda h\u00e0ng","item":"https:\/\/kfh.com.vn\/en\/mua\/"},{"@type":"ListItem","position":3,"name":"\u0110\u00e8n chi\u1ebfu s\u00e1ng di \u0111\u1ed9ng t\u1ef1 ph\u00e1t Yanmar 4x400w"}]},{"@type":"WebSite","@id":"https:\/\/kfh.com.vn\/en\/#website","url":"https:\/\/kfh.com.vn\/en\/","name":"KFH - Kanamoto Fecon Hassyu","description":"C\u00f4ng ty c\u1ed5 ph\u1ea7n cho Thu\u00ea thi\u1ebft b\u1ecb","publisher":{"@id":"https:\/\/kfh.com.vn\/en\/#\/schema\/person\/d9abb8c80170ac74d437a77950ff3f60"},"potentialAction":[{"@type":"SearchAction","target":{"@type":"EntryPoint","urlTemplate":"https:\/\/kfh.com.vn\/en\/?s={search_term_string}"},"query-input":"required name=search_term_string"}],"inLanguage":"en-US"},{"@type":["Person","Organization"],"@id":"https:\/\/kfh.com.vn\/en\/#\/schema\/person\/d9abb8c80170ac74d437a77950ff3f60","name":"kfh","image":{"@type":"ImageObject","inLanguage":"en-US","@id":"https:\/\/kfh.com.vn\/en\/#\/schema\/person\/image\/","url":"https:\/\/secure.gravatar.com\/avatar\/5ebb68e80ab022176e9fc383a566aaee?s=96&d=mm&r=g","contentUrl":"https:\/\/secure.gravatar.com\/avatar\/5ebb68e80ab022176e9fc383a566aaee?s=96&d=mm&r=g","caption":"kfh"},"logo":{"@id":"https:\/\/kfh.com.vn\/en\/#\/schema\/person\/image\/"}}]}},"_links":{"self":[{"href":"https:\/\/kfh.com.vn\/en\/wp-json\/wp\/v2\/product\/134"}],"collection":[{"href":"https:\/\/kfh.com.vn\/en\/wp-json\/wp\/v2\/product"}],"about":[{"href":"https:\/\/kfh.com.vn\/en\/wp-json\/wp\/v2\/types\/product"}],"replies":[{"embeddable":true,"href":"https:\/\/kfh.com.vn\/en\/wp-json\/wp\/v2\/comments?post=134"}],"wp:featuredmedia":[{"embeddable":true,"href":"https:\/\/kfh.com.vn\/en\/wp-json\/wp\/v2\/media\/117"}],"wp:attachment":[{"href":"https:\/\/kfh.com.vn\/en\/wp-json\/wp\/v2\/media?parent=134"}],"wp:term":[{"taxonomy":"product_cat","embeddable":true,"href":"https:\/\/kfh.com.vn\/en\/wp-json\/wp\/v2\/product_cat?post=134"},{"taxonomy":"product_tag","embeddable":true,"href":"https:\/\/kfh.com.vn\/en\/wp-json\/wp\/v2\/product_tag?post=134"}],"curies":[{"name":"wp","href":"https:\/\/api.w.org\/{rel}","templated":true}]}}